{"id":4061,"date":"2025-03-31T08:22:45","date_gmt":"2025-03-31T08:22:45","guid":{"rendered":"https:\/\/ledrhythm.com\/?page_id=4061"},"modified":"2025-10-15T02:10:13","modified_gmt":"2025-10-15T02:10:13","slug":"technology-process","status":"publish","type":"page","link":"https:\/\/ledrhythm.com\/es\/technology-process","title":{"rendered":"Proceso tecnol\u00f3gico"},"content":{"rendered":"<div data-elementor-type=\"wp-page\" data-elementor-id=\"4061\" class=\"elementor elementor-4061\" data-elementor-post-type=\"page\">\n\t\t\t\t<div class=\"elementor-element elementor-element-f53d35f e-flex e-con-boxed e-con e-parent\" data-id=\"f53d35f\" data-element_type=\"container\" data-e-type=\"container\" data-settings=\"{&quot;background_background&quot;:&quot;classic&quot;}\">\n\t\t\t\t\t<div class=\"e-con-inner\">\n\t\t<div class=\"elementor-element elementor-element-8688750 e-con-full e-flex e-con e-child\" data-id=\"8688750\" data-element_type=\"container\" data-e-type=\"container\">\n\t\t\t\t<div class=\"elementor-element elementor-element-51bf443 elementor-widget elementor-widget-heading\" data-id=\"51bf443\" data-element_type=\"widget\" data-e-type=\"widget\" data-widget_type=\"heading.default\">\n\t\t\t\t\t<h1 class=\"elementor-heading-title elementor-size-default\">Proceso tecnol\u00f3gico<\/h1>\t\t\t\t<\/div>\n\t\t\t\t<div class=\"elementor-element elementor-element-bcf2be0 elementor-widget__width-initial elementor-widget elementor-widget-text-editor\" data-id=\"bcf2be0\" data-element_type=\"widget\" data-e-type=\"widget\" data-widget_type=\"text-editor.default\">\n\t\t\t\t\t\t\t\t\t<p>La iluminaci\u00f3n LED LEDRHYTHM es un producto \u00fanico de marca \"Made in China\" con un proceso tecnol\u00f3gico completo. Cada luminaria de nuestra gama de productos es un LEDRHYTHM original. Dise\u00f1ado y fabricado por nuestros propios ingenieros, producido con herramientas propias y con la calidad 100% aprobada.<\/p>\t\t\t\t\t\t\t\t<\/div>\n\t\t\t\t<\/div>\n\t\t\t\t\t<\/div>\n\t\t\t\t<\/div>\n\t\t<div class=\"elementor-element elementor-element-0edf82b e-flex e-con-boxed e-con e-parent\" data-id=\"0edf82b\" data-element_type=\"container\" data-e-type=\"container\">\n\t\t\t\t\t<div class=\"e-con-inner\">\n\t\t\t\t<div class=\"elementor-element elementor-element-44ecb5f elementor-widget elementor-widget-text-editor\" data-id=\"44ecb5f\" data-element_type=\"widget\" data-e-type=\"widget\" data-widget_type=\"text-editor.default\">\n\t\t\t\t\t\t\t\t\t<p>Desde el dise\u00f1o hasta el montaje final: realizamos todas las fases de dise\u00f1o, ensayo y producci\u00f3n de las luces LED en nuestra planta de SuZhou. Esta filosof\u00eda integral nos permite controlar todos los procesos, lo cual es sumamente importante para la alta calidad de nuestros productos. Adem\u00e1s, nos permite reaccionar con rapidez y flexibilidad a las necesidades de los clientes, as\u00ed como a los cambiantes requisitos del mercado.<\/p>\t\t\t\t\t\t\t\t<\/div>\n\t\t\t\t<div class=\"elementor-element elementor-element-ad687ce elementor-widget elementor-widget-heading\" data-id=\"ad687ce\" data-element_type=\"widget\" data-e-type=\"widget\" data-widget_type=\"heading.default\">\n\t\t\t\t\t<h2 class=\"elementor-heading-title elementor-size-default\">INVESTIGACI\u00d3N Y DESARROLLO<\/h2>\t\t\t\t<\/div>\n\t\t\t\t<div class=\"elementor-element elementor-element-aaec16b elementor-widget elementor-widget-text-editor\" data-id=\"aaec16b\" data-element_type=\"widget\" data-e-type=\"widget\" data-widget_type=\"text-editor.default\">\n\t\t\t\t\t\t\t\t\t<p>Nuestros ingenieros utilizan avanzados sistemas CAD para dise\u00f1ar nuevas luminarias y optimizar y modificar los productos actuales en funci\u00f3n de las necesidades de cada cliente. En el proceso, nos beneficiamos de nuestros m\u00e1s de 11 a\u00f1os de experiencia y conocimientos en el campo de la iluminaci\u00f3n y de la colaboraci\u00f3n con experimentados especialistas en materiales.\u00a0<\/p><p>Mediante programas de simulaci\u00f3n t\u00e9rmica podemos conseguir una gesti\u00f3n t\u00e9rmica perfecta para cada luminaria.<\/p><p>Gracias al departamento interno de utillaje, a la producci\u00f3n de muestras mediante impresi\u00f3n en 3D y a todos los departamentos de fabricaci\u00f3n, nuestros ingenieros pueden examinar de inmediato la viabilidad de sus ideas y la idoneidad del accesorio para el fin previsto.<\/p><p><img fetchpriority=\"high\" decoding=\"async\" class=\"alignnone size-full wp-image-4080\" src=\"https:\/\/ledrhythm.com\/wp-content\/uploads\/2025\/03\/622858c9bdf7b.png\" alt=\"\" width=\"1200\" height=\"600\" srcset=\"https:\/\/ledrhythm.com\/wp-content\/uploads\/2025\/03\/622858c9bdf7b.png 1200w, https:\/\/ledrhythm.com\/wp-content\/uploads\/2025\/03\/622858c9bdf7b-300x150.png 300w, https:\/\/ledrhythm.com\/wp-content\/uploads\/2025\/03\/622858c9bdf7b-1024x512.png 1024w, https:\/\/ledrhythm.com\/wp-content\/uploads\/2025\/03\/622858c9bdf7b-768x384.png 768w, https:\/\/ledrhythm.com\/wp-content\/uploads\/2025\/03\/622858c9bdf7b-700x350.png 700w\" sizes=\"(max-width: 1200px) 100vw, 1200px\" \/><\/p>\t\t\t\t\t\t\t\t<\/div>\n\t\t\t\t<div class=\"elementor-element elementor-element-83291b0 elementor-widget elementor-widget-heading\" data-id=\"83291b0\" data-element_type=\"widget\" data-e-type=\"widget\" data-widget_type=\"heading.default\">\n\t\t\t\t\t<h2 class=\"elementor-heading-title elementor-size-default\">LABORATORIOS I+D<\/h2>\t\t\t\t<\/div>\n\t\t\t\t<div class=\"elementor-element elementor-element-b96bb94 elementor-widget elementor-widget-text-editor\" data-id=\"b96bb94\" data-element_type=\"widget\" data-e-type=\"widget\" data-widget_type=\"text-editor.default\">\n\t\t\t\t\t\t\t\t\t<p>Nuestras luces LED, as\u00ed como los componentes y materiales, se prueban en nuestro propio centro de laboratorio, aceptado por VDE.<\/p><p>Aparte de las mediciones fotom\u00e9tricas de las luminarias en nuestro robot LMT Metrogon, las mediciones del flujo luminoso y la representaci\u00f3n gr\u00e1fica en diagramas polares, las luminarias se someten a pruebas de interferencias emitidas y resistencia a las interferencias seg\u00fan la Directiva CEM 2004\/108EG y las normas de compatibilidad electromagn\u00e9tica.<\/p><p>Las c\u00e1maras de polvo y agua se utilizan para comprobar el grado de protecci\u00f3n IP de las luminarias, incluidas las pruebas de estanqueidad bajo el agua. Las mediciones t\u00e9rmicas para comprobar la temperatura ambiente m\u00e1xima admisible, los ensayos a baja temperatura y los ensayos de envejecimiento del material realizados en c\u00e1maras clim\u00e1ticas, especialmente para luminarias con protecci\u00f3n contra explosiones, completan el programa de ensayos de LEDRHYTHM.<\/p><p><img decoding=\"async\" class=\"alignnone size-full wp-image-4081\" src=\"https:\/\/ledrhythm.com\/wp-content\/uploads\/2025\/03\/625d2b0a6363e.jpg\" alt=\"\" width=\"1200\" height=\"600\" srcset=\"https:\/\/ledrhythm.com\/wp-content\/uploads\/2025\/03\/625d2b0a6363e.jpg 1200w, https:\/\/ledrhythm.com\/wp-content\/uploads\/2025\/03\/625d2b0a6363e-300x150.jpg 300w, https:\/\/ledrhythm.com\/wp-content\/uploads\/2025\/03\/625d2b0a6363e-1024x512.jpg 1024w, https:\/\/ledrhythm.com\/wp-content\/uploads\/2025\/03\/625d2b0a6363e-768x384.jpg 768w, https:\/\/ledrhythm.com\/wp-content\/uploads\/2025\/03\/625d2b0a6363e-700x350.jpg 700w\" sizes=\"(max-width: 1200px) 100vw, 1200px\" \/><\/p>\t\t\t\t\t\t\t\t<\/div>\n\t\t\t\t<div class=\"elementor-element elementor-element-6cc90b5 elementor-widget elementor-widget-heading\" data-id=\"6cc90b5\" data-element_type=\"widget\" data-e-type=\"widget\" data-widget_type=\"heading.default\">\n\t\t\t\t\t<h2 class=\"elementor-heading-title elementor-size-default\">UTILLAJE Y FABRICACI\u00d3N MEC\u00c1NICA<\/h2>\t\t\t\t<\/div>\n\t\t\t\t<div class=\"elementor-element elementor-element-dd67ab5 elementor-widget elementor-widget-text-editor\" data-id=\"dd67ab5\" data-element_type=\"widget\" data-e-type=\"widget\" data-widget_type=\"text-editor.default\">\n\t\t\t\t\t\t\t\t\t<p>Una alta integraci\u00f3n vertical es una de nuestras caracter\u00edsticas clave. El punzonado, corte, plegado y soldadura de piezas met\u00e1licas se realizan en los centros de mecanizado y robots de soldadura m\u00e1s modernos. El resultado son carcasas, reflectores y accesorios de montaje de chapa de acero, aluminio y acero inoxidable de diferentes formas, tama\u00f1os y especificaciones.<\/p><p>Las herramientas necesarias para el punzonado, el corte y el plegado se fabrican y mantienen en el propio taller de herramientas. Esto nos proporciona flexibilidad e independencia y nos permite reaccionar con prontitud y flexibilidad a las necesidades de los clientes.<\/p><p><img decoding=\"async\" class=\"alignnone size-full wp-image-4082\" src=\"https:\/\/ledrhythm.com\/wp-content\/uploads\/2025\/03\/622c47dc14e22.png\" alt=\"\" width=\"1200\" height=\"600\" srcset=\"https:\/\/ledrhythm.com\/wp-content\/uploads\/2025\/03\/622c47dc14e22.png 1200w, https:\/\/ledrhythm.com\/wp-content\/uploads\/2025\/03\/622c47dc14e22-300x150.png 300w, https:\/\/ledrhythm.com\/wp-content\/uploads\/2025\/03\/622c47dc14e22-1024x512.png 1024w, https:\/\/ledrhythm.com\/wp-content\/uploads\/2025\/03\/622c47dc14e22-768x384.png 768w, https:\/\/ledrhythm.com\/wp-content\/uploads\/2025\/03\/622c47dc14e22-700x350.png 700w\" sizes=\"(max-width: 1200px) 100vw, 1200px\" \/><\/p>\t\t\t\t\t\t\t\t<\/div>\n\t\t\t\t<div class=\"elementor-element elementor-element-14967f0 elementor-widget elementor-widget-heading\" data-id=\"14967f0\" data-element_type=\"widget\" data-e-type=\"widget\" data-widget_type=\"heading.default\">\n\t\t\t\t\t<h2 class=\"elementor-heading-title elementor-size-default\">PRENSAS DE MOLDEO DE POLI\u00c9STER Y PLANTAS DE ESPUMADO<\/h2>\t\t\t\t<\/div>\n\t\t\t\t<div class=\"elementor-element elementor-element-a2fcfbb elementor-widget elementor-widget-text-editor\" data-id=\"a2fcfbb\" data-element_type=\"widget\" data-e-type=\"widget\" data-widget_type=\"text-editor.default\">\n\t\t\t\t\t\t\t\t\t<p>Todas nuestras carcasas y reflectores de poli\u00e9ster reforzado con fibra de vidrio se fabrican en nuestras propias prensas de moldeo. Gracias a d\u00e9cadas de experiencia, conocemos perfectamente la interacci\u00f3n \u00f3ptima de temperatura, presi\u00f3n, tiempo de prensado y material para producir carcasas de luminarias altamente resistentes.<\/p><p>Tras un almacenamiento adecuado, estas carcasas, as\u00ed como la mayor\u00eda de las carcasas de aluminio fundido a presi\u00f3n, se suministran con juntas espumadas de poliuretano o silicona en sistemas de dispensaci\u00f3n totalmente automatizados. Los ajustes individuales de dosificaci\u00f3n y espumado permiten obtener juntas perfectamente ajustadas para cada carcasa y tapa.<\/p><p><img loading=\"lazy\" decoding=\"async\" class=\"alignnone size-full wp-image-4084\" src=\"https:\/\/ledrhythm.com\/wp-content\/uploads\/2025\/03\/622c48e4d2f3e.png\" alt=\"\" width=\"1200\" height=\"410\" srcset=\"https:\/\/ledrhythm.com\/wp-content\/uploads\/2025\/03\/622c48e4d2f3e.png 1200w, https:\/\/ledrhythm.com\/wp-content\/uploads\/2025\/03\/622c48e4d2f3e-300x103.png 300w, https:\/\/ledrhythm.com\/wp-content\/uploads\/2025\/03\/622c48e4d2f3e-1024x350.png 1024w, https:\/\/ledrhythm.com\/wp-content\/uploads\/2025\/03\/622c48e4d2f3e-768x262.png 768w, https:\/\/ledrhythm.com\/wp-content\/uploads\/2025\/03\/622c48e4d2f3e-700x239.png 700w\" sizes=\"(max-width: 1200px) 100vw, 1200px\" \/><\/p>\t\t\t\t\t\t\t\t<\/div>\n\t\t\t\t<div class=\"elementor-element elementor-element-7a63fbe elementor-widget elementor-widget-heading\" data-id=\"7a63fbe\" data-element_type=\"widget\" data-e-type=\"widget\" data-widget_type=\"heading.default\">\n\t\t\t\t\t<h2 class=\"elementor-heading-title elementor-size-default\">RECUBRIMIENTO EN POLVO Y RECUBRIMIENTO H\u00daMEDO<\/h2>\t\t\t\t<\/div>\n\t\t\t\t<div class=\"elementor-element elementor-element-b61799e elementor-widget elementor-widget-text-editor\" data-id=\"b61799e\" data-element_type=\"widget\" data-e-type=\"widget\" data-widget_type=\"text-editor.default\">\n\t\t\t\t\t\t\t\t\t<p>Todas nuestras carcasas met\u00e1licas y de fundici\u00f3n a presi\u00f3n, as\u00ed como los reflectores y otras piezas met\u00e1licas, reciben un recubrimiento en polvo en nuestra planta de recubrimiento en polvo totalmente automatizada m\u00e1s moderna, energ\u00e9ticamente eficiente y respetuosa con el medio ambiente. Todos los colores RAL o DB, seg\u00fan las preferencias del cliente, son posibles.<\/p><p>Para el recubrimiento en polvo de lotes peque\u00f1os, sobre todo en colores especiales, la planta ofrece tambi\u00e9n una cabina manual.<\/p><p>Las carcasas de poli\u00e9ster en zonas exteriores est\u00e1n expuestas a grandes cargas por la radiaci\u00f3n UV y los efectos meteorol\u00f3gicos. Con el tiempo, esto puede provocar la erosi\u00f3n de la superficie de la carcasa con consecuencias antiest\u00e9ticas para el aspecto visual. Por ello, ofrecemos nuestras luminarias de poli\u00e9ster para exteriores con un revestimiento protector contra los rayos UV (a petici\u00f3n), que se aplica en una cabina de pintura h\u00fameda independiente.<\/p><p><img loading=\"lazy\" decoding=\"async\" class=\"alignnone size-full wp-image-4083\" src=\"https:\/\/ledrhythm.com\/wp-content\/uploads\/2025\/03\/622c4899a9633.png\" alt=\"\" width=\"1200\" height=\"600\" srcset=\"https:\/\/ledrhythm.com\/wp-content\/uploads\/2025\/03\/622c4899a9633.png 1200w, https:\/\/ledrhythm.com\/wp-content\/uploads\/2025\/03\/622c4899a9633-300x150.png 300w, https:\/\/ledrhythm.com\/wp-content\/uploads\/2025\/03\/622c4899a9633-1024x512.png 1024w, https:\/\/ledrhythm.com\/wp-content\/uploads\/2025\/03\/622c4899a9633-768x384.png 768w, https:\/\/ledrhythm.com\/wp-content\/uploads\/2025\/03\/622c4899a9633-700x350.png 700w\" sizes=\"(max-width: 1200px) 100vw, 1200px\" \/><\/p>\t\t\t\t\t\t\t\t<\/div>\n\t\t\t\t<div class=\"elementor-element elementor-element-55fc57a elementor-widget elementor-widget-heading\" data-id=\"55fc57a\" data-element_type=\"widget\" data-e-type=\"widget\" data-widget_type=\"heading.default\">\n\t\t\t\t\t<h2 class=\"elementor-heading-title elementor-size-default\">MONTAJE FINAL Y PRUEBAS<\/h2>\t\t\t\t<\/div>\n\t\t\t\t<div class=\"elementor-element elementor-element-7eb24ab elementor-widget elementor-widget-text-editor\" data-id=\"7eb24ab\" data-element_type=\"widget\" data-e-type=\"widget\" data-widget_type=\"text-editor.default\">\n\t\t\t\t\t\t\t\t\t<p>El cuidadoso montaje manual de las luminarias LED, la combinaci\u00f3n de componentes mec\u00e1nicos, electr\u00f3nicos y \u00f3pticos hasta el producto final, se realiza en varios departamentos de montaje. Por \u00faltimo, cada luminaria se somete a pruebas funcionales espec\u00edficas antes de ser embalada para su entrega.\u00a0<\/p><p>El control de calidad continuo, las auditor\u00edas internas y la formaci\u00f3n de nuestros empleados en todas las fases de producci\u00f3n garantizan un alto nivel de calidad en todos nuestros productos.\u00a0<\/p><p><img loading=\"lazy\" decoding=\"async\" class=\"alignnone size-full wp-image-4085\" src=\"https:\/\/ledrhythm.com\/wp-content\/uploads\/2025\/03\/622858ee6f4bd.png\" alt=\"\" width=\"1200\" height=\"600\" srcset=\"https:\/\/ledrhythm.com\/wp-content\/uploads\/2025\/03\/622858ee6f4bd.png 1200w, https:\/\/ledrhythm.com\/wp-content\/uploads\/2025\/03\/622858ee6f4bd-300x150.png 300w, https:\/\/ledrhythm.com\/wp-content\/uploads\/2025\/03\/622858ee6f4bd-1024x512.png 1024w, https:\/\/ledrhythm.com\/wp-content\/uploads\/2025\/03\/622858ee6f4bd-768x384.png 768w, https:\/\/ledrhythm.com\/wp-content\/uploads\/2025\/03\/622858ee6f4bd-700x350.png 700w\" sizes=\"(max-width: 1200px) 100vw, 1200px\" \/><\/p>\t\t\t\t\t\t\t\t<\/div>\n\t\t\t\t\t<\/div>\n\t\t\t\t<\/div>\n\t\t\t\t<\/div>","protected":false},"excerpt":{"rendered":"<p>Proceso tecnol\u00f3gico La iluminaci\u00f3n LED LEDRHYTHM es un producto exclusivo de la marca \"Made in China\" con un proceso tecnol\u00f3gico completo. Cada luminaria de nuestra gama de productos es un LEDRHYTHM original. Dise\u00f1ada y fabricada por nuestros propios ingenieros, producida con herramientas propias y con la aprobaci\u00f3n de calidad 100%. Desde el dise\u00f1o hasta el montaje final, realizamos todos los...<\/p>","protected":false},"author":1,"featured_media":0,"parent":0,"menu_order":0,"comment_status":"closed","ping_status":"closed","template":"","meta":{"_acf_changed":false,"_kadence_starter_templates_imported_post":false,"_kad_post_transparent":"","_kad_post_title":"hide","_kad_post_layout":"fullwidth","_kad_post_sidebar_id":"","_kad_post_content_style":"unboxed","_kad_post_vertical_padding":"hide","_kad_post_feature":"hide","_kad_post_feature_position":"","_kad_post_header":false,"_kad_post_footer":false,"footnotes":""},"class_list":["post-4061","page","type-page","status-publish","hentry"],"acf":[],"_links":{"self":[{"href":"https:\/\/ledrhythm.com\/es\/wp-json\/wp\/v2\/pages\/4061","targetHints":{"allow":["GET"]}}],"collection":[{"href":"https:\/\/ledrhythm.com\/es\/wp-json\/wp\/v2\/pages"}],"about":[{"href":"https:\/\/ledrhythm.com\/es\/wp-json\/wp\/v2\/types\/page"}],"author":[{"embeddable":true,"href":"https:\/\/ledrhythm.com\/es\/wp-json\/wp\/v2\/users\/1"}],"replies":[{"embeddable":true,"href":"https:\/\/ledrhythm.com\/es\/wp-json\/wp\/v2\/comments?post=4061"}],"version-history":[{"count":43,"href":"https:\/\/ledrhythm.com\/es\/wp-json\/wp\/v2\/pages\/4061\/revisions"}],"predecessor-version":[{"id":8597,"href":"https:\/\/ledrhythm.com\/es\/wp-json\/wp\/v2\/pages\/4061\/revisions\/8597"}],"wp:attachment":[{"href":"https:\/\/ledrhythm.com\/es\/wp-json\/wp\/v2\/media?parent=4061"}],"curies":[{"name":"wp","href":"https:\/\/api.w.org\/{rel}","templated":true}]}}