{"id":4052,"date":"2025-03-31T08:18:42","date_gmt":"2025-03-31T08:18:42","guid":{"rendered":"https:\/\/ledrhythm.com\/?page_id=4052"},"modified":"2025-10-14T07:04:30","modified_gmt":"2025-10-14T07:04:30","slug":"certificate","status":"publish","type":"page","link":"https:\/\/ledrhythm.com\/es\/certificate","title":{"rendered":"Certificaciones"},"content":{"rendered":"<div data-elementor-type=\"wp-page\" data-elementor-id=\"4052\" class=\"elementor elementor-4052\" data-elementor-post-type=\"page\">\n\t\t\t\t<div class=\"elementor-element elementor-element-7098755 e-flex e-con-boxed e-con e-parent\" data-id=\"7098755\" data-element_type=\"container\" data-e-type=\"container\">\n\t\t\t\t\t<div class=\"e-con-inner\">\n\t\t\t\t<div class=\"elementor-element elementor-element-0df69bb elementor-widget elementor-widget-heading\" data-id=\"0df69bb\" data-element_type=\"widget\" data-e-type=\"widget\" data-widget_type=\"heading.default\">\n\t\t\t\t\t<h1 class=\"elementor-heading-title elementor-size-default\">Certificaciones<\/h1>\t\t\t\t<\/div>\n\t\t\t\t<div class=\"elementor-element elementor-element-d3bf7cd elementor-widget elementor-widget-text-editor\" data-id=\"d3bf7cd\" data-element_type=\"widget\" data-e-type=\"widget\" data-widget_type=\"text-editor.default\">\n\t\t\t\t\t\t\t\t\t<p>LEDRHYTHM es un fabricante de iluminaci\u00f3n LED con certificaci\u00f3n ISO 9001:2015. Esto significa que nuestros procesos de producci\u00f3n, control de calidad, gesti\u00f3n de la cadena de suministro, seguimiento de la calidad y mejora continua cumplen las normas internacionales, lo que garantiza la coherencia y trazabilidad de cada lote de productos.<\/p><p>En cuanto a los productos, cada una de nuestras series de iluminaci\u00f3n LED cuenta con diferentes certificaciones internacionales y normas de ensayo. Como CE\/RoHS, CB\/IEC, UL\/DLC, ENEC\/TUV y SAA.<\/p><p>Estas certificaciones no s\u00f3lo son un requisito previo para entrar en el mercado, sino tambi\u00e9n una garant\u00eda de calidad y asistencia t\u00e9cnica para nuestros socios. Le explicaremos los mercados y normas t\u00e9cnicas aplicables a estas certificaciones. Tambi\u00e9n podr\u00e1 <a href=\"https:\/\/ledrhythm.com\/es\/guestbook\/\" target=\"_blank\" rel=\"noopener\">Contacto<\/a> para ver los detalles de certificaci\u00f3n de cualquier producto LED.<\/p>\t\t\t\t\t\t\t\t<\/div>\n\t\t<div class=\"elementor-element elementor-element-c67c6cd e-grid e-con-full e-con e-child\" data-id=\"c67c6cd\" data-element_type=\"container\" data-e-type=\"container\">\n\t\t\t\t<div class=\"elementor-element elementor-element-2c940ff elementor-position-top elementor-widget elementor-widget-image-box\" data-id=\"2c940ff\" data-element_type=\"widget\" data-e-type=\"widget\" data-widget_type=\"image-box.default\">\n\t\t\t\t\t<div class=\"elementor-image-box-wrapper\"><figure class=\"elementor-image-box-img\"><img decoding=\"async\" width=\"200\" height=\"200\" src=\"https:\/\/ledrhythm.com\/wp-content\/uploads\/2025\/10\/ce.png\" class=\"attachment-full size-full wp-image-8523\" alt=\"\" srcset=\"https:\/\/ledrhythm.com\/wp-content\/uploads\/2025\/10\/ce.png 200w, https:\/\/ledrhythm.com\/wp-content\/uploads\/2025\/10\/ce-150x150.png 150w, https:\/\/ledrhythm.com\/wp-content\/uploads\/2025\/10\/ce-12x12.png 12w, https:\/\/ledrhythm.com\/wp-content\/uploads\/2025\/10\/ce-100x100.png 100w\" sizes=\"(max-width: 200px) 100vw, 200px\" \/><\/figure><div class=\"elementor-image-box-content\"><p class=\"elementor-image-box-description\">CE, abreviatura de Conformit\u00e9 Europ\u00e9enne, indica que un producto cumple los requisitos de seguridad, compatibilidad electromagn\u00e9tica (CEM), salud y medio ambiente de la UE. Esto permite que el producto se venda e instale legalmente en el mercado de la UE. Tambi\u00e9n certifica que el producto cumple las normas de ensayo de seguridad el\u00e9ctrica y compatibilidad electromagn\u00e9tica.<\/p><\/div><\/div>\t\t\t\t<\/div>\n\t\t\t\t<div class=\"elementor-element elementor-element-67cc23c elementor-position-top elementor-widget elementor-widget-image-box\" data-id=\"67cc23c\" data-element_type=\"widget\" data-e-type=\"widget\" data-widget_type=\"image-box.default\">\n\t\t\t\t\t<div class=\"elementor-image-box-wrapper\"><figure class=\"elementor-image-box-img\"><img decoding=\"async\" width=\"200\" height=\"200\" src=\"https:\/\/ledrhythm.com\/wp-content\/uploads\/2025\/10\/cb.png\" class=\"attachment-full size-full wp-image-8522\" alt=\"\" srcset=\"https:\/\/ledrhythm.com\/wp-content\/uploads\/2025\/10\/cb.png 200w, https:\/\/ledrhythm.com\/wp-content\/uploads\/2025\/10\/cb-150x150.png 150w, https:\/\/ledrhythm.com\/wp-content\/uploads\/2025\/10\/cb-12x12.png 12w, https:\/\/ledrhythm.com\/wp-content\/uploads\/2025\/10\/cb-100x100.png 100w\" sizes=\"(max-width: 200px) 100vw, 200px\" \/><\/figure><div class=\"elementor-image-box-content\"><p class=\"elementor-image-box-description\">El Sistema de Organismos de Certificaci\u00f3n (CB) tiene su origen en la Comisi\u00f3n Europea de Pruebas de Conformidad del Material El\u00e9ctrico (CEE), que se fusion\u00f3 con la CEI en 1985. Se trata de un acuerdo multilateral para permitir la certificaci\u00f3n internacional de productos el\u00e9ctricos y electr\u00f3nicos, de modo que una \u00fanica certificaci\u00f3n permita el acceso al mercado mundial.<\/p><\/div><\/div>\t\t\t\t<\/div>\n\t\t\t\t<div class=\"elementor-element elementor-element-04f2705 elementor-position-top elementor-widget elementor-widget-image-box\" data-id=\"04f2705\" data-element_type=\"widget\" data-e-type=\"widget\" data-widget_type=\"image-box.default\">\n\t\t\t\t\t<div class=\"elementor-image-box-wrapper\"><figure class=\"elementor-image-box-img\"><img decoding=\"async\" width=\"200\" height=\"200\" src=\"https:\/\/ledrhythm.com\/wp-content\/uploads\/2025\/10\/rohs.png\" class=\"attachment-full size-full wp-image-8527\" alt=\"\" srcset=\"https:\/\/ledrhythm.com\/wp-content\/uploads\/2025\/10\/rohs.png 200w, https:\/\/ledrhythm.com\/wp-content\/uploads\/2025\/10\/rohs-150x150.png 150w, https:\/\/ledrhythm.com\/wp-content\/uploads\/2025\/10\/rohs-12x12.png 12w, https:\/\/ledrhythm.com\/wp-content\/uploads\/2025\/10\/rohs-100x100.png 100w\" sizes=\"(max-width: 200px) 100vw, 200px\" \/><\/figure><div class=\"elementor-image-box-content\"><p class=\"elementor-image-box-description\">RoHS son las siglas en ingl\u00e9s de Restricci\u00f3n de Sustancias Peligrosas y su principal objetivo es la detecci\u00f3n y restricci\u00f3n de seis sustancias t\u00f3xicas en productos el\u00e9ctricos y electr\u00f3nicos: plomo, mercurio, cadmio, cromo hexavalente, PBB y PBDE. As\u00ed se garantiza que estos productos sean inocuos para el ser humano y no liberen gases qu\u00edmicos nocivos.<\/p><\/div><\/div>\t\t\t\t<\/div>\n\t\t\t\t<div class=\"elementor-element elementor-element-dd53b6f elementor-position-top elementor-widget elementor-widget-image-box\" data-id=\"dd53b6f\" data-element_type=\"widget\" data-e-type=\"widget\" data-widget_type=\"image-box.default\">\n\t\t\t\t\t<div class=\"elementor-image-box-wrapper\"><figure class=\"elementor-image-box-img\"><img loading=\"lazy\" decoding=\"async\" width=\"200\" height=\"200\" src=\"https:\/\/ledrhythm.com\/wp-content\/uploads\/2025\/10\/ul.png\" class=\"attachment-full size-full wp-image-8529\" alt=\"\" srcset=\"https:\/\/ledrhythm.com\/wp-content\/uploads\/2025\/10\/ul.png 200w, https:\/\/ledrhythm.com\/wp-content\/uploads\/2025\/10\/ul-150x150.png 150w, https:\/\/ledrhythm.com\/wp-content\/uploads\/2025\/10\/ul-12x12.png 12w, https:\/\/ledrhythm.com\/wp-content\/uploads\/2025\/10\/ul-100x100.png 100w\" sizes=\"(max-width: 200px) 100vw, 200px\" \/><\/figure><div class=\"elementor-image-box-content\"><p class=\"elementor-image-box-description\">UL (Underwriters Laboratories) es la organizaci\u00f3n de certificaci\u00f3n de seguridad con m\u00e1s autoridad en Norteam\u00e9rica. Para los productos de iluminaci\u00f3n LED, la certificaci\u00f3n UL significa que cumplen las normas de seguridad el\u00e9ctrica de EE.UU. y Canad\u00e1 y que son seguros para su instalaci\u00f3n en instalaciones comerciales, industriales y deportivas. Los productos sin certificaci\u00f3n UL no pasar\u00e1n las inspecciones de ingenier\u00eda.<\/p><\/div><\/div>\t\t\t\t<\/div>\n\t\t\t\t<div class=\"elementor-element elementor-element-479a1b5 elementor-position-top elementor-widget elementor-widget-image-box\" data-id=\"479a1b5\" data-element_type=\"widget\" data-e-type=\"widget\" data-widget_type=\"image-box.default\">\n\t\t\t\t\t<div class=\"elementor-image-box-wrapper\"><figure class=\"elementor-image-box-img\"><img loading=\"lazy\" decoding=\"async\" width=\"200\" height=\"200\" src=\"https:\/\/ledrhythm.com\/wp-content\/uploads\/2025\/10\/dlc-premium.png\" class=\"attachment-full size-full wp-image-8524\" alt=\"\" srcset=\"https:\/\/ledrhythm.com\/wp-content\/uploads\/2025\/10\/dlc-premium.png 200w, https:\/\/ledrhythm.com\/wp-content\/uploads\/2025\/10\/dlc-premium-150x150.png 150w, https:\/\/ledrhythm.com\/wp-content\/uploads\/2025\/10\/dlc-premium-12x12.png 12w, https:\/\/ledrhythm.com\/wp-content\/uploads\/2025\/10\/dlc-premium-100x100.png 100w\" sizes=\"(max-width: 200px) 100vw, 200px\" \/><\/figure><div class=\"elementor-image-box-content\"><p class=\"elementor-image-box-description\">DLC (DesignLights Consortium) es una organizaci\u00f3n norteamericana especializada en productos de iluminaci\u00f3n LED. Ofrece dos niveles de certificaci\u00f3n: DLC Standard y DLC Premium. Premium es el nivel m\u00e1s alto, con requisitos m\u00e1s estrictos, incluida una mayor eficacia luminosa y un menor deterioro del flujo luminoso.<\/p><\/div><\/div>\t\t\t\t<\/div>\n\t\t\t\t<div class=\"elementor-element elementor-element-1f32c48 elementor-position-top elementor-widget elementor-widget-image-box\" data-id=\"1f32c48\" data-element_type=\"widget\" data-e-type=\"widget\" data-widget_type=\"image-box.default\">\n\t\t\t\t\t<div class=\"elementor-image-box-wrapper\"><figure class=\"elementor-image-box-img\"><img loading=\"lazy\" decoding=\"async\" width=\"200\" height=\"200\" src=\"https:\/\/ledrhythm.com\/wp-content\/uploads\/2025\/10\/saa.png\" class=\"attachment-full size-full wp-image-8528\" alt=\"\" srcset=\"https:\/\/ledrhythm.com\/wp-content\/uploads\/2025\/10\/saa.png 200w, https:\/\/ledrhythm.com\/wp-content\/uploads\/2025\/10\/saa-150x150.png 150w, https:\/\/ledrhythm.com\/wp-content\/uploads\/2025\/10\/saa-12x12.png 12w, https:\/\/ledrhythm.com\/wp-content\/uploads\/2025\/10\/saa-100x100.png 100w\" sizes=\"(max-width: 200px) 100vw, 200px\" \/><\/figure><div class=\"elementor-image-box-content\"><p class=\"elementor-image-box-description\">SAA es la marca de certificaci\u00f3n de Standards Australia \/ Standards New Zealand y es una aprobaci\u00f3n de seguridad obligatoria para entrar en los mercados australiano y neozeland\u00e9s. Sin SAA, los productos no pueden venderse legalmente en Australia\/Nueva Zelanda.<\/p><\/div><\/div>\t\t\t\t<\/div>\n\t\t\t\t<div class=\"elementor-element elementor-element-a077b32 elementor-position-top elementor-widget elementor-widget-image-box\" data-id=\"a077b32\" data-element_type=\"widget\" data-e-type=\"widget\" data-widget_type=\"image-box.default\">\n\t\t\t\t\t<div class=\"elementor-image-box-wrapper\"><figure class=\"elementor-image-box-img\"><img loading=\"lazy\" decoding=\"async\" width=\"200\" height=\"200\" src=\"https:\/\/ledrhythm.com\/wp-content\/uploads\/2025\/10\/etl.png\" class=\"attachment-full size-full wp-image-8526\" alt=\"\" srcset=\"https:\/\/ledrhythm.com\/wp-content\/uploads\/2025\/10\/etl.png 200w, https:\/\/ledrhythm.com\/wp-content\/uploads\/2025\/10\/etl-150x150.png 150w, https:\/\/ledrhythm.com\/wp-content\/uploads\/2025\/10\/etl-12x12.png 12w, https:\/\/ledrhythm.com\/wp-content\/uploads\/2025\/10\/etl-100x100.png 100w\" sizes=\"(max-width: 200px) 100vw, 200px\" \/><\/figure><div class=\"elementor-image-box-content\"><p class=\"elementor-image-box-description\">ETL es una marca de certificaci\u00f3n emitida por Intertek Laboratories. Al igual que UL, pertenece al sistema de laboratorios nacionales reconocidos por la OSHA (NRTL) y tiene el mismo efecto legal que UL en el mercado norteamericano. Los productos ETL tambi\u00e9n pueden instalarse y utilizarse legalmente en los mercados estadounidense y canadiense.<\/p><\/div><\/div>\t\t\t\t<\/div>\n\t\t\t\t<div class=\"elementor-element elementor-element-c26eaa8 elementor-position-top elementor-widget elementor-widget-image-box\" data-id=\"c26eaa8\" data-element_type=\"widget\" data-e-type=\"widget\" data-widget_type=\"image-box.default\">\n\t\t\t\t\t<div class=\"elementor-image-box-wrapper\"><figure class=\"elementor-image-box-img\"><img loading=\"lazy\" decoding=\"async\" width=\"200\" height=\"200\" src=\"https:\/\/ledrhythm.com\/wp-content\/uploads\/2025\/10\/enec.png\" class=\"attachment-full size-full wp-image-8525\" alt=\"\" srcset=\"https:\/\/ledrhythm.com\/wp-content\/uploads\/2025\/10\/enec.png 200w, https:\/\/ledrhythm.com\/wp-content\/uploads\/2025\/10\/enec-150x150.png 150w, https:\/\/ledrhythm.com\/wp-content\/uploads\/2025\/10\/enec-12x12.png 12w, https:\/\/ledrhythm.com\/wp-content\/uploads\/2025\/10\/enec-100x100.png 100w\" sizes=\"(max-width: 200px) 100vw, 200px\" \/><\/figure><div class=\"elementor-image-box-content\"><p class=\"elementor-image-box-description\">ENEC (European Norms Electrical Certification) es una certificaci\u00f3n de seguridad de la UE para iluminaci\u00f3n de alta especificaci\u00f3n. Es m\u00e1s estricta que la CE y se utiliza sobre todo en alumbrado p\u00fablico, estadios deportivos y proyectos de licitaciones p\u00fablicas. Tiene requisitos m\u00e1s estrictos en materia de seguridad el\u00e9ctrica y fotobiol\u00f3gica.<\/p><\/div><\/div>\t\t\t\t<\/div>\n\t\t\t\t<div class=\"elementor-element elementor-element-1d886c7 elementor-position-top elementor-widget elementor-widget-image-box\" data-id=\"1d886c7\" data-element_type=\"widget\" data-e-type=\"widget\" data-widget_type=\"image-box.default\">\n\t\t\t\t\t<div class=\"elementor-image-box-wrapper\"><figure class=\"elementor-image-box-img\"><img loading=\"lazy\" decoding=\"async\" width=\"200\" height=\"200\" src=\"https:\/\/ledrhythm.com\/wp-content\/uploads\/2025\/10\/gs.png\" class=\"attachment-full size-full wp-image-8530\" alt=\"\" srcset=\"https:\/\/ledrhythm.com\/wp-content\/uploads\/2025\/10\/gs.png 200w, https:\/\/ledrhythm.com\/wp-content\/uploads\/2025\/10\/gs-150x150.png 150w, https:\/\/ledrhythm.com\/wp-content\/uploads\/2025\/10\/gs-12x12.png 12w, https:\/\/ledrhythm.com\/wp-content\/uploads\/2025\/10\/gs-100x100.png 100w\" sizes=\"(max-width: 200px) 100vw, 200px\" \/><\/figure><div class=\"elementor-image-box-content\"><p class=\"elementor-image-box-description\">La marca GS (Gepr\u00fcfte Sicherheit), expedida por un organismo alem\u00e1n autorizado, combina las normas de seguridad europeas y alemanas. Es especialmente autorizada en los mercados de habla alemana (Alemania, Austria, Suiza). Aunque la GS no es obligatoria, est\u00e1 ampliamente aceptada en todo el mundo.<\/p><\/div><\/div>\t\t\t\t<\/div>\n\t\t\t\t<\/div>\n\t\t\t\t\t<\/div>\n\t\t\t\t<\/div>\n\t\t\t\t<\/div>","protected":false},"excerpt":{"rendered":"<p>Certificaciones LEDRHYTHM es un fabricante de iluminaci\u00f3n LED con certificaci\u00f3n ISO 9001:2015. Esto significa que nuestros procesos de producci\u00f3n, control de calidad, gesti\u00f3n de la cadena de suministro, seguimiento de la calidad y mejora continua cumplen las normas internacionales, lo que garantiza la coherencia y la trazabilidad de cada lote de productos. En cuanto a los productos, cada una de nuestras series de iluminaci\u00f3n LED cuenta con diferentes certificaciones internacionales y normas de ensayo. Como CE\/RoHS, CB\/IEC,...<\/p>","protected":false},"author":1,"featured_media":0,"parent":0,"menu_order":0,"comment_status":"closed","ping_status":"closed","template":"","meta":{"_acf_changed":false,"_kadence_starter_templates_imported_post":false,"_kad_post_transparent":"","_kad_post_title":"hide","_kad_post_layout":"fullwidth","_kad_post_sidebar_id":"","_kad_post_content_style":"unboxed","_kad_post_vertical_padding":"hide","_kad_post_feature":"hide","_kad_post_feature_position":"","_kad_post_header":false,"_kad_post_footer":false,"footnotes":""},"class_list":["post-4052","page","type-page","status-publish","hentry"],"acf":[],"_links":{"self":[{"href":"https:\/\/ledrhythm.com\/es\/wp-json\/wp\/v2\/pages\/4052","targetHints":{"allow":["GET"]}}],"collection":[{"href":"https:\/\/ledrhythm.com\/es\/wp-json\/wp\/v2\/pages"}],"about":[{"href":"https:\/\/ledrhythm.com\/es\/wp-json\/wp\/v2\/types\/page"}],"author":[{"embeddable":true,"href":"https:\/\/ledrhythm.com\/es\/wp-json\/wp\/v2\/users\/1"}],"replies":[{"embeddable":true,"href":"https:\/\/ledrhythm.com\/es\/wp-json\/wp\/v2\/comments?post=4052"}],"version-history":[{"count":101,"href":"https:\/\/ledrhythm.com\/es\/wp-json\/wp\/v2\/pages\/4052\/revisions"}],"predecessor-version":[{"id":8573,"href":"https:\/\/ledrhythm.com\/es\/wp-json\/wp\/v2\/pages\/4052\/revisions\/8573"}],"wp:attachment":[{"href":"https:\/\/ledrhythm.com\/es\/wp-json\/wp\/v2\/media?parent=4052"}],"curies":[{"name":"wp","href":"https:\/\/api.w.org\/{rel}","templated":true}]}}