{"id":8502,"date":"2025-10-13T06:33:39","date_gmt":"2025-10-13T06:33:39","guid":{"rendered":"https:\/\/ledrhythm.com\/?post_type=product&#038;p=8502"},"modified":"2026-03-23T07:12:06","modified_gmt":"2026-03-23T07:12:06","slug":"industrial-tunnel-led-flood-light","status":"publish","type":"product","link":"https:\/\/ledrhythm.com\/de\/product\/industrial-tunnel-led-flood-light","title":{"rendered":"Professionelles industrielles Tunnel-LED-Flutlicht"},"content":{"rendered":"","protected":false},"excerpt":{"rendered":"<p>Das LED-Flutlicht ist speziell f\u00fcr verschiedene Tunnel konzipiert. IP66, verhindert, dass Feuchtigkeit und Staub, ist die Vorrichtung K\u00f6rper von hoch w\u00e4rmeleitenden stranggepresstem Aluminium gebaut, wodurch eine effiziente W\u00e4rmeableitung und stabile Leistung. Bietet drei Abstrahlwinkel und optionale PC- und Glaslinsen. Die asymmetrische Stra\u00dfenoptik wird verwendet, um die Richtung der Lichtprojektion pr\u00e4zise zu steuern, was Blendung effektiv reduziert und den Sehkomfort und die Sicherheit erh\u00f6ht. Er ist geeignet f\u00fcr <a href=\"https:\/\/ledrhythm.com\/de\/led-tunnel-lights\/\" target=\"_blank\" rel=\"noopener\">Tunnelbeleuchtung<\/a> verschiedener Gr\u00f6\u00dfenordnungen, darunter U-Bahnen, Stra\u00dfen und Industrieanlagen, die ein breites Spektrum an Anforderungen erf\u00fcllen, von energiesparenden Nachr\u00fcstungen bis hin zu Neuinstallationen.<\/p>\n<h4>Produktmerkmale<\/h4>\n<ul>\n<li>Leistung: 25W, 40W, 50W, 70W, 100W, 150W<\/li>\n<li>Abstrahlwinkel: TYP\u2162, TYP\u2163, Asymmetrisch 50\u00b0<\/li>\n<li>IP66 und 10KV \u00dcberspannungsschutz<\/li>\n<li>0-10V Dimmtechnik<\/li>\n<\/ul>","protected":false},"featured_media":8503,"template":"","meta":{"_acf_changed":false,"_kadence_starter_templates_imported_post":false,"_kad_post_transparent":"default","_kad_post_title":"","_kad_post_layout":"default","_kad_post_sidebar_id":"","_kad_post_content_style":"default","_kad_post_vertical_padding":"default","_kad_post_feature":"","_kad_post_feature_position":"","_kad_post_header":false,"_kad_post_footer":false},"product_brand":[],"product_cat":[42],"product_tag":[],"class_list":{"0":"post-8502","1":"product","2":"type-product","3":"status-publish","4":"has-post-thumbnail","6":"product_cat-flood-lighting","8":"first","9":"instock","10":"shipping-taxable","11":"product-type-simple","12":"entry","13":"content-bg","14":"loop-entry"},"acf":[],"_links":{"self":[{"href":"https:\/\/ledrhythm.com\/de\/wp-json\/wp\/v2\/product\/8502","targetHints":{"allow":["GET"]}}],"collection":[{"href":"https:\/\/ledrhythm.com\/de\/wp-json\/wp\/v2\/product"}],"about":[{"href":"https:\/\/ledrhythm.com\/de\/wp-json\/wp\/v2\/types\/product"}],"wp:featuredmedia":[{"embeddable":true,"href":"https:\/\/ledrhythm.com\/de\/wp-json\/wp\/v2\/media\/8503"}],"wp:attachment":[{"href":"https:\/\/ledrhythm.com\/de\/wp-json\/wp\/v2\/media?parent=8502"}],"wp:term":[{"taxonomy":"product_brand","embeddable":true,"href":"https:\/\/ledrhythm.com\/de\/wp-json\/wp\/v2\/product_brand?post=8502"},{"taxonomy":"product_cat","embeddable":true,"href":"https:\/\/ledrhythm.com\/de\/wp-json\/wp\/v2\/product_cat?post=8502"},{"taxonomy":"product_tag","embeddable":true,"href":"https:\/\/ledrhythm.com\/de\/wp-json\/wp\/v2\/product_tag?post=8502"}],"curies":[{"name":"wp","href":"https:\/\/api.w.org\/{rel}","templated":true}]}}