{"id":8486,"date":"2025-10-13T02:26:15","date_gmt":"2025-10-13T02:26:15","guid":{"rendered":"https:\/\/ledrhythm.com\/?post_type=product&#038;p=8486"},"modified":"2026-03-23T07:13:30","modified_gmt":"2026-03-23T07:13:30","slug":"led-module-flood-light-for-high-mast-lighting","status":"publish","type":"product","link":"https:\/\/ledrhythm.com\/de\/product\/led-module-flood-light-for-high-mast-lighting","title":{"rendered":"Industrielles LED-Flutlicht f\u00fcr die Beleuchtung von hohen Masten"},"content":{"rendered":"","protected":false},"excerpt":{"rendered":"<p>Als eines unserer ausgezeichneten modularen industriellen LED-Flutlichter wird es normalerweise auf hohen Masten oder hohen Geb\u00e4uden montiert. Wir bieten zwei verschiedene Designs und Treiber-Optionen, und beide Funktionen robuste Struktur und hervorragende W\u00e4rmeableitung. Unterst\u00fctzt acht Ausstrahlungswinkel und eine flexible Halterungseinstellung, die eine pr\u00e4zise Lichtverteilung und gleichm\u00e4\u00dfige Abdeckung gew\u00e4hrleistet. Entwickelt f\u00fcr den zuverl\u00e4ssigen Betrieb unter rauen Au\u00dfenbedingungen, wasserdicht, korrosions- und sto\u00dffest. Weit verbreitet in <a href=\"https:\/\/ledrhythm.com\/de\/port-lighting\/\" target=\"_blank\" rel=\"noopener\">Hafenbeleuchtung<\/a>Sportpl\u00e4tze und <a href=\"https:\/\/ledrhythm.com\/de\/led-public-lighting\/\" target=\"_blank\" rel=\"noopener\">\u00f6ffentliche Beleuchtung<\/a>.<\/p>\n<h4>Produktmerkmale<\/h4>\n<ul>\n<li>120W, 240W, 360W, 480W<\/li>\n<li>Acht symmetrische und asymmetrische Ausstrahlungswinkel m\u00f6glich<\/li>\n<li>Schutzart IP66 und IK10<\/li>\n<li>Gro\u00dfer Eingangsspannungsbereich<\/li>\n<li>0-10V Dimmbar<\/li>\n<\/ul>","protected":false},"featured_media":8487,"template":"","meta":{"_acf_changed":false,"_kadence_starter_templates_imported_post":false,"_kad_post_transparent":"default","_kad_post_title":"","_kad_post_layout":"default","_kad_post_sidebar_id":"","_kad_post_content_style":"default","_kad_post_vertical_padding":"default","_kad_post_feature":"","_kad_post_feature_position":"","_kad_post_header":false,"_kad_post_footer":false},"product_brand":[],"product_cat":[42],"product_tag":[],"class_list":{"0":"post-8486","1":"product","2":"type-product","3":"status-publish","4":"has-post-thumbnail","6":"product_cat-flood-lighting","8":"first","9":"instock","10":"shipping-taxable","11":"product-type-simple","12":"entry","13":"content-bg","14":"loop-entry"},"acf":[],"_links":{"self":[{"href":"https:\/\/ledrhythm.com\/de\/wp-json\/wp\/v2\/product\/8486","targetHints":{"allow":["GET"]}}],"collection":[{"href":"https:\/\/ledrhythm.com\/de\/wp-json\/wp\/v2\/product"}],"about":[{"href":"https:\/\/ledrhythm.com\/de\/wp-json\/wp\/v2\/types\/product"}],"wp:featuredmedia":[{"embeddable":true,"href":"https:\/\/ledrhythm.com\/de\/wp-json\/wp\/v2\/media\/8487"}],"wp:attachment":[{"href":"https:\/\/ledrhythm.com\/de\/wp-json\/wp\/v2\/media?parent=8486"}],"wp:term":[{"taxonomy":"product_brand","embeddable":true,"href":"https:\/\/ledrhythm.com\/de\/wp-json\/wp\/v2\/product_brand?post=8486"},{"taxonomy":"product_cat","embeddable":true,"href":"https:\/\/ledrhythm.com\/de\/wp-json\/wp\/v2\/product_cat?post=8486"},{"taxonomy":"product_tag","embeddable":true,"href":"https:\/\/ledrhythm.com\/de\/wp-json\/wp\/v2\/product_tag?post=8486"}],"curies":[{"name":"wp","href":"https:\/\/api.w.org\/{rel}","templated":true}]}}