{"id":8455,"date":"2025-10-11T02:07:29","date_gmt":"2025-10-11T02:07:29","guid":{"rendered":"https:\/\/ledrhythm.com\/?post_type=product&#038;p=8455"},"modified":"2025-11-24T01:15:04","modified_gmt":"2025-11-24T01:15:04","slug":"190lmw-ufo-led-high-bay-light","status":"publish","type":"product","link":"https:\/\/ledrhythm.com\/de\/product\/190lmw-ufo-led-high-bay-light","title":{"rendered":"190lm\/W UFO LED-Hochregallampe"},"content":{"rendered":"","protected":false},"excerpt":{"rendered":"<p>Hocheffiziente UFO-LED-Hochregalbeleuchtung spart erhebliche Betriebskosten in <a href=\"https:\/\/ledrhythm.com\/de\/led-industrial-lighting\/\" target=\"_blank\" rel=\"noopener\">Industriebeleuchtung<\/a> Anwendungen wie Lagerhallen und Fabriken. Mit einer Lichtausbeute von 190 lm\/W sparen sie 30%-40% Energie im Vergleich zu anderen LED-Hallenleuchten bei gleicher Helligkeit. Das bedeutet, dass weniger Leuchten erforderlich sind, die Betriebskosten sinken und die W\u00e4rmeentwicklung reduziert wird, was die Lebensdauer insgesamt verl\u00e4ngert.<\/p>\n<p>Aluminium-Druckguss-Geh\u00e4use bietet eine hervorragende W\u00e4rmeableitung, und die Auswahl an LED-Chips und Treibern von verschiedenen renommierten Marken, die Aufrechterhaltung einer stabilen Leistung auch bei Dauerbetrieb. PC-Linsen bietet drei Abstrahlwinkel, k\u00f6nnen flexible Abdeckung f\u00fcr unterschiedliche Bed\u00fcrfnisse. Es ist eine ausgezeichnete Wahl f\u00fcr hohe Bucht Beleuchtung, die hohe Leistung mit niedrigen Kosten kombiniert.<\/p>\n<h4>Produktmerkmale<\/h4>\n<ul>\n<li>60W, 100W, 150W, 200W<\/li>\n<li>Hohe Lichtausbeute 190lm\/W<\/li>\n<li>Schutzart IP65 &amp; IK08<\/li>\n<li>Abstrahlwinkel 60\u00b0, 90\u00b0, 120\u00b0<\/li>\n<li>0-10V Dimmtechnik<\/li>\n<\/ul>","protected":false},"featured_media":8458,"template":"","meta":{"_acf_changed":false,"_kadence_starter_templates_imported_post":false,"_kad_post_transparent":"default","_kad_post_title":"","_kad_post_layout":"default","_kad_post_sidebar_id":"","_kad_post_content_style":"default","_kad_post_vertical_padding":"default","_kad_post_feature":"","_kad_post_feature_position":"","_kad_post_header":false,"_kad_post_footer":false},"product_brand":[],"product_cat":[41],"product_tag":[],"class_list":{"0":"post-8455","1":"product","2":"type-product","3":"status-publish","4":"has-post-thumbnail","6":"product_cat-high-bay-lighting","8":"first","9":"instock","10":"shipping-taxable","11":"product-type-simple","12":"entry","13":"content-bg","14":"loop-entry"},"acf":[],"_links":{"self":[{"href":"https:\/\/ledrhythm.com\/de\/wp-json\/wp\/v2\/product\/8455","targetHints":{"allow":["GET"]}}],"collection":[{"href":"https:\/\/ledrhythm.com\/de\/wp-json\/wp\/v2\/product"}],"about":[{"href":"https:\/\/ledrhythm.com\/de\/wp-json\/wp\/v2\/types\/product"}],"wp:featuredmedia":[{"embeddable":true,"href":"https:\/\/ledrhythm.com\/de\/wp-json\/wp\/v2\/media\/8458"}],"wp:attachment":[{"href":"https:\/\/ledrhythm.com\/de\/wp-json\/wp\/v2\/media?parent=8455"}],"wp:term":[{"taxonomy":"product_brand","embeddable":true,"href":"https:\/\/ledrhythm.com\/de\/wp-json\/wp\/v2\/product_brand?post=8455"},{"taxonomy":"product_cat","embeddable":true,"href":"https:\/\/ledrhythm.com\/de\/wp-json\/wp\/v2\/product_cat?post=8455"},{"taxonomy":"product_tag","embeddable":true,"href":"https:\/\/ledrhythm.com\/de\/wp-json\/wp\/v2\/product_tag?post=8455"}],"curies":[{"name":"wp","href":"https:\/\/api.w.org\/{rel}","templated":true}]}}