{"id":7225,"date":"2025-09-08T08:59:51","date_gmt":"2025-09-08T08:59:51","guid":{"rendered":"https:\/\/ledrhythm.com\/?post_type=product&#038;p=7225"},"modified":"2025-11-24T01:08:12","modified_gmt":"2025-11-24T01:08:12","slug":"2-4ft-linear-high-bay-led-light-for-stadium","status":"publish","type":"product","link":"https:\/\/ledrhythm.com\/de\/product\/2-4ft-linear-high-bay-led-light-for-stadium","title":{"rendered":"2\/4ft Linear High Bay LED-Licht f\u00fcr Indoor-Sportbeleuchtung"},"content":{"rendered":"","protected":false},"excerpt":{"rendered":"<p>Diese lineare LED-Hallenleuchte ist in den L\u00e4ngen 2ft und 4ft erh\u00e4ltlich, mit einem Geh\u00e4use aus hochfestem Metallblech. Sie verf\u00fcgt \u00fcber zwei lineare Lichtaustrittsfl\u00e4chen, Abstrahlwinkel sind w\u00e4hlbar bei 90\u00b0 und 120\u00b0, die einen gr\u00f6\u00dferen Abdeckungsbereich bieten, 20% Erh\u00f6hung \u00fcber \"<a href=\"https:\/\/ledrhythm.com\/de\/product\/4ft-linear-led-high-bay-lights-indoor-industrial\/\" target=\"_blank\" rel=\"noopener\">Ozean II<\/a>\". Lampenschirm ist PC-Material Diffusor, widersteht Alterung und Verformung, w\u00e4hrend bietet weicheres Licht. Alle Designs sollen ungleichm\u00e4\u00dfige Beleuchtung und Blendung zu l\u00f6sen. Mit einem Farbwiedergabeindex von 90 oder h\u00f6her, ist es speziell f\u00fcr die Beleuchtung von Sporthallen wie Badminton, Tennis und Basketball konzipiert.<\/p>\n<h4>Produktmerkmale<\/h4>\n<ul>\n<li>80W,100W,120W,150W,200W,240W<\/li>\n<li>Zwei lineare leuchtende Fl\u00e4chen<\/li>\n<li>Gleichm\u00e4\u00dfigkeit der Hintergrundbeleuchtung &gt;80%<\/li>\n<li>Hochwertiger PC-Material-Diffusor<\/li>\n<li><a href=\"https:\/\/ledrhythm.com\/de\/news\/how-does-0-10v-dimming-work.html\/\" target=\"_blank\" rel=\"noopener\">0-10V Dimmbar<\/a><\/li>\n<\/ul>","protected":false},"featured_media":7227,"template":"","meta":{"_acf_changed":false,"_kadence_starter_templates_imported_post":false,"_kad_post_transparent":"default","_kad_post_title":"","_kad_post_layout":"default","_kad_post_sidebar_id":"","_kad_post_content_style":"default","_kad_post_vertical_padding":"default","_kad_post_feature":"","_kad_post_feature_position":"","_kad_post_header":false,"_kad_post_footer":false},"product_brand":[],"product_cat":[131,41],"product_tag":[],"class_list":{"0":"post-7225","1":"product","2":"type-product","3":"status-publish","4":"has-post-thumbnail","6":"product_cat-linear-lighting","7":"product_cat-high-bay-lighting","9":"first","10":"instock","11":"shipping-taxable","12":"product-type-simple","13":"entry","14":"content-bg","15":"loop-entry"},"acf":[],"_links":{"self":[{"href":"https:\/\/ledrhythm.com\/de\/wp-json\/wp\/v2\/product\/7225","targetHints":{"allow":["GET"]}}],"collection":[{"href":"https:\/\/ledrhythm.com\/de\/wp-json\/wp\/v2\/product"}],"about":[{"href":"https:\/\/ledrhythm.com\/de\/wp-json\/wp\/v2\/types\/product"}],"wp:featuredmedia":[{"embeddable":true,"href":"https:\/\/ledrhythm.com\/de\/wp-json\/wp\/v2\/media\/7227"}],"wp:attachment":[{"href":"https:\/\/ledrhythm.com\/de\/wp-json\/wp\/v2\/media?parent=7225"}],"wp:term":[{"taxonomy":"product_brand","embeddable":true,"href":"https:\/\/ledrhythm.com\/de\/wp-json\/wp\/v2\/product_brand?post=7225"},{"taxonomy":"product_cat","embeddable":true,"href":"https:\/\/ledrhythm.com\/de\/wp-json\/wp\/v2\/product_cat?post=7225"},{"taxonomy":"product_tag","embeddable":true,"href":"https:\/\/ledrhythm.com\/de\/wp-json\/wp\/v2\/product_tag?post=7225"}],"curies":[{"name":"wp","href":"https:\/\/api.w.org\/{rel}","templated":true}]}}