{"id":7072,"date":"2025-09-01T03:14:36","date_gmt":"2025-09-01T03:14:36","guid":{"rendered":"https:\/\/ledrhythm.com\/?post_type=product&#038;p=7072"},"modified":"2026-01-30T02:20:58","modified_gmt":"2026-01-30T02:20:58","slug":"classic-outdoor-led-post-top-light-yard","status":"publish","type":"product","link":"https:\/\/ledrhythm.com\/de\/product\/classic-outdoor-led-post-top-light-yard","title":{"rendered":"Klassische LED-Aufsatzleuchte"},"content":{"rendered":"","protected":false},"excerpt":{"rendered":"<p>\u201cDie LED-Mastleuchte \u201dCloud II\u201c zeichnet sich durch ein klassisches Design aus, das nicht nur f\u00fcr eine helle und sichere Beleuchtung sorgt, sondern auch eine dekorative Wirkung hat, die \u00c4sthetik der Au\u00dfenlandschaft verbessert und sowohl die Montage auf Mastspitzen als auch die Montage auf Einmast-Doppelarmen unterst\u00fctzt. Die Glaslinse steuert den Lichtstrahl pr\u00e4zise nach unten und sorgt f\u00fcr eine gleichm\u00e4\u00dfige Lichtverteilung, wodurch Blendungen wirksam reduziert werden. Das Aluminiumgeh\u00e4use und die Schutzart IP66 sorgen daf\u00fcr, dass die Leuchte verschiedenen Wetterbedingungen im Au\u00dfenbereich problemlos standh\u00e4lt. Dimmfunktionen und mehrere intelligente Steuerungsoptionen verbessern die Energieeffizienz und erleichtern die Verwaltung. Die Farbtemperatur kann von warmgelb bis wei\u00df gew\u00e4hlt werden.<\/p>\n<h4>Produktmerkmale<\/h4>\n<ol>\n<li>20W,30W,40W,50W,60W,80W,100W<\/li>\n<li>Geh\u00e4use aus Aluminium-Druckgu\u00df<\/li>\n<li>Klassisches Erscheinungsbild<\/li>\n<li>10KV \u00dcberspannungsschutz, IP66<\/li>\n<li>Dimmen und intelligente Steuerung<\/li>\n<\/ol>","protected":false},"featured_media":7074,"template":"","meta":{"_acf_changed":false,"_kadence_starter_templates_imported_post":false,"_kad_post_transparent":"default","_kad_post_title":"","_kad_post_layout":"default","_kad_post_sidebar_id":"","_kad_post_content_style":"default","_kad_post_vertical_padding":"default","_kad_post_feature":"","_kad_post_feature_position":"","_kad_post_header":false,"_kad_post_footer":false},"product_brand":[],"product_cat":[44],"product_tag":[],"class_list":{"0":"post-7072","1":"product","2":"type-product","3":"status-publish","4":"has-post-thumbnail","6":"product_cat-led-post-top-lights","8":"first","9":"instock","10":"shipping-taxable","11":"product-type-simple","12":"entry","13":"content-bg","14":"loop-entry"},"acf":[],"_links":{"self":[{"href":"https:\/\/ledrhythm.com\/de\/wp-json\/wp\/v2\/product\/7072","targetHints":{"allow":["GET"]}}],"collection":[{"href":"https:\/\/ledrhythm.com\/de\/wp-json\/wp\/v2\/product"}],"about":[{"href":"https:\/\/ledrhythm.com\/de\/wp-json\/wp\/v2\/types\/product"}],"wp:featuredmedia":[{"embeddable":true,"href":"https:\/\/ledrhythm.com\/de\/wp-json\/wp\/v2\/media\/7074"}],"wp:attachment":[{"href":"https:\/\/ledrhythm.com\/de\/wp-json\/wp\/v2\/media?parent=7072"}],"wp:term":[{"taxonomy":"product_brand","embeddable":true,"href":"https:\/\/ledrhythm.com\/de\/wp-json\/wp\/v2\/product_brand?post=7072"},{"taxonomy":"product_cat","embeddable":true,"href":"https:\/\/ledrhythm.com\/de\/wp-json\/wp\/v2\/product_cat?post=7072"},{"taxonomy":"product_tag","embeddable":true,"href":"https:\/\/ledrhythm.com\/de\/wp-json\/wp\/v2\/product_tag?post=7072"}],"curies":[{"name":"wp","href":"https:\/\/api.w.org\/{rel}","templated":true}]}}