{"id":7031,"date":"2025-08-28T09:03:58","date_gmt":"2025-08-28T09:03:58","guid":{"rendered":"https:\/\/ledrhythm.com\/?post_type=product&#038;p=7031"},"modified":"2025-11-28T07:28:56","modified_gmt":"2025-11-28T07:28:56","slug":"super-bright-led-flood-light-stadiums-ports","status":"publish","type":"product","link":"https:\/\/ledrhythm.com\/de\/product\/super-bright-led-flood-light-stadiums-ports","title":{"rendered":"Superhelles LED-Flutlicht f\u00fcr Stadien und H\u00e4fen"},"content":{"rendered":"","protected":false},"excerpt":{"rendered":"<p>Leistungsstarke LED-Flutlichter mit hoher Lichtausbeute, jedes Modul ist 300W und maximal 1500W, Lichtstrom \u00fcber 22.5000 Lumen. Sechs Abstrahlwinkel sind verf\u00fcgbar, um verschiedenen H\u00f6hen gerecht zu werden und die Lichtverschmutzung und Blendung zu minimieren. Ein CRI von bis zu 90+ sorgt f\u00fcr ein weiches, nat\u00fcrliches und realistisches Seherlebnis. Der einteilige Rahmen hat eine ausgezeichnete Sto\u00dffestigkeit und ist 3G-ersch\u00fctterungsgepr\u00fcft, um sicherzustellen, dass er sich bei der Installation auf hohen Masten nicht lockert. Mit Schutzart IP66 und 0-10V Dimmung ist sie in zwei verschiedenen Designoptionen erh\u00e4ltlich, die f\u00fcr gro\u00dfe <a href=\"https:\/\/ledrhythm.com\/de\/led-stadium-arena-lights\/\" target=\"_blank\" rel=\"noopener\">Stadien<\/a>, <a href=\"https:\/\/ledrhythm.com\/de\/port-lighting\/\" target=\"_blank\" rel=\"noopener\">Hafenbeleuchtung<\/a>und andere.<\/p>\n<h4>Produktmerkmale<\/h4>\n<ul>\n<li>300W, 600W, 900W, 1200W, 1500W<\/li>\n<li>Abstrahlwinkel: 10\u00b0\u300120\u00b0\u300140\u00b0\u300160\u00b0\u300190\u00b0\u3001Asymmetrisch 50\u00b0<\/li>\n<li>Lichtausbeute 150lm\/W+<\/li>\n<li>0-10V Dimmen und intelligente Steuerung<\/li>\n<li>Schnell l\u00f6sbare Powerbox-Konstruktion<\/li>\n<\/ul>","protected":false},"featured_media":7035,"template":"","meta":{"_acf_changed":false,"_kadence_starter_templates_imported_post":false,"_kad_post_transparent":"default","_kad_post_title":"","_kad_post_layout":"default","_kad_post_sidebar_id":"","_kad_post_content_style":"default","_kad_post_vertical_padding":"default","_kad_post_feature":"","_kad_post_feature_position":"","_kad_post_header":false,"_kad_post_footer":false},"product_brand":[],"product_cat":[42],"product_tag":[],"class_list":{"0":"post-7031","1":"product","2":"type-product","3":"status-publish","4":"has-post-thumbnail","6":"product_cat-flood-lighting","8":"first","9":"instock","10":"shipping-taxable","11":"product-type-simple","12":"entry","13":"content-bg","14":"loop-entry"},"acf":[],"_links":{"self":[{"href":"https:\/\/ledrhythm.com\/de\/wp-json\/wp\/v2\/product\/7031","targetHints":{"allow":["GET"]}}],"collection":[{"href":"https:\/\/ledrhythm.com\/de\/wp-json\/wp\/v2\/product"}],"about":[{"href":"https:\/\/ledrhythm.com\/de\/wp-json\/wp\/v2\/types\/product"}],"wp:featuredmedia":[{"embeddable":true,"href":"https:\/\/ledrhythm.com\/de\/wp-json\/wp\/v2\/media\/7035"}],"wp:attachment":[{"href":"https:\/\/ledrhythm.com\/de\/wp-json\/wp\/v2\/media?parent=7031"}],"wp:term":[{"taxonomy":"product_brand","embeddable":true,"href":"https:\/\/ledrhythm.com\/de\/wp-json\/wp\/v2\/product_brand?post=7031"},{"taxonomy":"product_cat","embeddable":true,"href":"https:\/\/ledrhythm.com\/de\/wp-json\/wp\/v2\/product_cat?post=7031"},{"taxonomy":"product_tag","embeddable":true,"href":"https:\/\/ledrhythm.com\/de\/wp-json\/wp\/v2\/product_tag?post=7031"}],"curies":[{"name":"wp","href":"https:\/\/api.w.org\/{rel}","templated":true}]}}