{"id":6461,"date":"2025-08-08T07:53:03","date_gmt":"2025-08-08T07:53:03","guid":{"rendered":"https:\/\/ledrhythm.com\/?post_type=product&#038;p=6461"},"modified":"2025-12-03T08:31:35","modified_gmt":"2025-12-03T08:31:35","slug":"led-sports-court-smart-flood-light-lens-modular","status":"publish","type":"product","link":"https:\/\/ledrhythm.com\/de\/product\/led-sports-court-smart-flood-light-lens-modular","title":{"rendered":"Modulares Sport-LED-Flutlicht mit Linse"},"content":{"rendered":"","protected":false},"excerpt":{"rendered":"<p>\"Galileo\" ist eine unserer besten LED-Flutlichter. Jedes Modul ist 300W, unterst\u00fctzt bis zu drei Module 900W, und verf\u00fcgt \u00fcber gro\u00dffl\u00e4chige Aluminium-K\u00fchlk\u00f6rper auf der R\u00fcckseite f\u00fcr unabh\u00e4ngige K\u00fchlung. Zwei Lichtverteilungsmethoden sind verf\u00fcgbar: Reflektorbecher und Pr\u00e4zisionslinse. Die Linse bietet verschiedene Abstrahlwinkel und eine hervorragende Blendungsbegrenzung. Ihr Design zielt darauf ab, eine gleichm\u00e4\u00dfigere Bodenbeleuchtungsst\u00e4rke, ein weicheres Seherlebnis und weniger Blendung zu bieten. Die verstellbare Montagehalterung erm\u00f6glicht eine gr\u00f6\u00dfere Flexibilit\u00e4t bei der Installation. Sie eignet sich f\u00fcr die meisten Innen- und Au\u00dfenbereiche. <a href=\"https:\/\/ledrhythm.com\/de\/led-sports-lighting\/\" target=\"_blank\" rel=\"noopener\">Sportbeleuchtung<\/a> Normen.<\/p>\n<h4>Produktmerkmale<\/h4>\n<ol>\n<li>300W, 600W, 900W<\/li>\n<li>Abstrahlwinkel: 24\u00b0, 40\u00b0, 60\u00b0, asymmetrisch 50\u00b0<\/li>\n<li>IP66, vollst\u00e4ndig aus Aluminium gefertigt<\/li>\n<li>Pr\u00e4zise Lichtverteilung und hervorragende Blendungsbegrenzung<\/li>\n<li>Unterst\u00fctzt Trainings-, Wettkampf- und Reinigungsmodus<\/li>\n<li>Intelligentes Steuersystem, zoniertes Dimmen<\/li>\n<\/ol>","protected":false},"featured_media":6455,"template":"","meta":{"_acf_changed":false,"_kadence_starter_templates_imported_post":false,"_kad_post_transparent":"default","_kad_post_title":"","_kad_post_layout":"default","_kad_post_sidebar_id":"","_kad_post_content_style":"default","_kad_post_vertical_padding":"default","_kad_post_feature":"","_kad_post_feature_position":"","_kad_post_header":false,"_kad_post_footer":false},"product_brand":[],"product_cat":[42],"product_tag":[],"class_list":{"0":"post-6461","1":"product","2":"type-product","3":"status-publish","4":"has-post-thumbnail","6":"product_cat-flood-lighting","8":"first","9":"instock","10":"shipping-taxable","11":"product-type-simple","12":"entry","13":"content-bg","14":"loop-entry"},"acf":[],"_links":{"self":[{"href":"https:\/\/ledrhythm.com\/de\/wp-json\/wp\/v2\/product\/6461","targetHints":{"allow":["GET"]}}],"collection":[{"href":"https:\/\/ledrhythm.com\/de\/wp-json\/wp\/v2\/product"}],"about":[{"href":"https:\/\/ledrhythm.com\/de\/wp-json\/wp\/v2\/types\/product"}],"wp:featuredmedia":[{"embeddable":true,"href":"https:\/\/ledrhythm.com\/de\/wp-json\/wp\/v2\/media\/6455"}],"wp:attachment":[{"href":"https:\/\/ledrhythm.com\/de\/wp-json\/wp\/v2\/media?parent=6461"}],"wp:term":[{"taxonomy":"product_brand","embeddable":true,"href":"https:\/\/ledrhythm.com\/de\/wp-json\/wp\/v2\/product_brand?post=6461"},{"taxonomy":"product_cat","embeddable":true,"href":"https:\/\/ledrhythm.com\/de\/wp-json\/wp\/v2\/product_cat?post=6461"},{"taxonomy":"product_tag","embeddable":true,"href":"https:\/\/ledrhythm.com\/de\/wp-json\/wp\/v2\/product_tag?post=6461"}],"curies":[{"name":"wp","href":"https:\/\/api.w.org\/{rel}","templated":true}]}}