{"id":5429,"date":"2025-06-17T01:46:23","date_gmt":"2025-06-17T01:46:23","guid":{"rendered":"https:\/\/ledrhythm.com\/?post_type=product&#038;p=5429"},"modified":"2025-11-17T01:02:39","modified_gmt":"2025-11-17T01:02:39","slug":"small-and-harsh-space-led-tri-proof-light","status":"publish","type":"product","link":"https:\/\/ledrhythm.com\/de\/product\/small-and-harsh-space-led-tri-proof-light","title":{"rendered":"Lineare dampfdichte LED-Dreifl\u00e4chenleuchte mit Steckdose"},"content":{"rendered":"","protected":false},"excerpt":{"rendered":"<p>Diese dreifach sichere LED-Leuchte ist f\u00fcr den Einsatz in engen R\u00e4umen geeignet. Sie kombiniert wasserdichte, staubdichte und korrosionsbest\u00e4ndige Eigenschaften, hat eine leuchtende Oberfl\u00e4che von 2ft und ist einfach zu installieren. Der robuste und langlebige PC-Lampenschirm und die R\u00fcckwand aus hochfester Aluminiumlegierung bieten Korrosionsbest\u00e4ndigkeit, UV-Schutz und Sto\u00dffestigkeit. Der Abstrahlwinkel von 120\u00b0 erm\u00f6glicht eine breitere Abdeckung. Die Leuchte ist mit einer 220-V-Steckdose ausgestattet, die den gleichzeitigen Anschluss an andere Ger\u00e4te erm\u00f6glicht und die Flexibilit\u00e4t und Praktikabilit\u00e4t bei der Arbeit erh\u00f6ht.<\/p>\n<h4>Produktmerkmale<\/h4>\n<ol>\n<li>Standard 18W, 2ft leuchtende Fl\u00e4che<\/li>\n<li>IP65, wasserdicht, staubdicht und korrosionsbest\u00e4ndig<\/li>\n<li>Einfache Installation, integriertes Design<\/li>\n<li>Eingebaute Steckdose, bietet Stromausgang<\/li>\n<li>Robuster und langlebiger PC<\/li>\n<\/ol>","protected":false},"featured_media":6857,"template":"","meta":{"_acf_changed":false,"_kadence_starter_templates_imported_post":false,"_kad_post_transparent":"default","_kad_post_title":"","_kad_post_layout":"default","_kad_post_sidebar_id":"","_kad_post_content_style":"default","_kad_post_vertical_padding":"default","_kad_post_feature":"","_kad_post_feature_position":"","_kad_post_header":false,"_kad_post_footer":false},"product_brand":[],"product_cat":[20,132],"product_tag":[],"class_list":{"0":"post-5429","1":"product","2":"type-product","3":"status-publish","4":"has-post-thumbnail","6":"product_cat-wind-energy-lighting","7":"product_cat-tri-proof-lighting","9":"first","10":"instock","11":"shipping-taxable","12":"product-type-simple","13":"entry","14":"content-bg","15":"loop-entry"},"acf":[],"_links":{"self":[{"href":"https:\/\/ledrhythm.com\/de\/wp-json\/wp\/v2\/product\/5429","targetHints":{"allow":["GET"]}}],"collection":[{"href":"https:\/\/ledrhythm.com\/de\/wp-json\/wp\/v2\/product"}],"about":[{"href":"https:\/\/ledrhythm.com\/de\/wp-json\/wp\/v2\/types\/product"}],"wp:featuredmedia":[{"embeddable":true,"href":"https:\/\/ledrhythm.com\/de\/wp-json\/wp\/v2\/media\/6857"}],"wp:attachment":[{"href":"https:\/\/ledrhythm.com\/de\/wp-json\/wp\/v2\/media?parent=5429"}],"wp:term":[{"taxonomy":"product_brand","embeddable":true,"href":"https:\/\/ledrhythm.com\/de\/wp-json\/wp\/v2\/product_brand?post=5429"},{"taxonomy":"product_cat","embeddable":true,"href":"https:\/\/ledrhythm.com\/de\/wp-json\/wp\/v2\/product_cat?post=5429"},{"taxonomy":"product_tag","embeddable":true,"href":"https:\/\/ledrhythm.com\/de\/wp-json\/wp\/v2\/product_tag?post=5429"}],"curies":[{"name":"wp","href":"https:\/\/api.w.org\/{rel}","templated":true}]}}