{"id":5327,"date":"2025-06-10T08:17:53","date_gmt":"2025-06-10T08:17:53","guid":{"rendered":"https:\/\/ledrhythm.com\/?post_type=product&#038;p=5327"},"modified":"2025-11-17T00:59:09","modified_gmt":"2025-11-17T00:59:09","slug":"2ft-led-wet-location-light-fixtures","status":"publish","type":"product","link":"https:\/\/ledrhythm.com\/de\/product\/2ft-led-wet-location-light-fixtures","title":{"rendered":"2ft Tri Proof LED Nassbereich Leuchte"},"content":{"rendered":"","protected":false},"excerpt":{"rendered":"<p>Dies ist eine kleine LED-Leuchte, die speziell f\u00fcr die Innenbeleuchtung von Windkraftanlagen entwickelt wurde. Weil L\u00e4nge nur 2ft, kann es auch als kleine Raumbeleuchtung in nassen Bereichen verwendet werden. Vollst\u00e4ndig versiegelte PC-Materialstruktur gibt es IP65 Staub- und Wasserbest\u00e4ndigkeit Bewertung, und bietet mehr gleichm\u00e4\u00dfiges und weicheres Licht. Sie kann starken Vibrationen und der Korrosion durch Salzspr\u00fchnebel in K\u00fcstengebieten widerstehen. Die 50% ist energiesparender als herk\u00f6mmliche Lampen und hat dennoch eine Lebensdauer von \u00fcber 50.000 Stunden. Die Installation ist einfacher und schneller, es ist die erste Wahl f\u00fcr die Beleuchtung in Nassbereichen mit begrenztem Platz.<\/p>\n<h4>Produktmerkmale<\/h4>\n<ol>\n<li>Standard 18W, L\u00e4nge 2 Fu\u00df<\/li>\n<li>Schutzart IP65, korrosionsbest\u00e4ndig<\/li>\n<li>Entl\u00fcfter zum Ausgleich des internen und externen Luftdrucks.<\/li>\n<li>Einfache Installation, integriertes Design<\/li>\n<li>Farbwiedergabeindex &gt; 80, geringe Blendung<\/li>\n<\/ol>","protected":false},"featured_media":6859,"template":"","meta":{"_acf_changed":false,"_kadence_starter_templates_imported_post":false,"_kad_post_transparent":"default","_kad_post_title":"","_kad_post_layout":"default","_kad_post_sidebar_id":"","_kad_post_content_style":"default","_kad_post_vertical_padding":"default","_kad_post_feature":"","_kad_post_feature_position":"","_kad_post_header":false,"_kad_post_footer":false},"product_brand":[],"product_cat":[20,132],"product_tag":[],"class_list":{"0":"post-5327","1":"product","2":"type-product","3":"status-publish","4":"has-post-thumbnail","6":"product_cat-wind-energy-lighting","7":"product_cat-tri-proof-lighting","9":"first","10":"instock","11":"shipping-taxable","12":"product-type-simple","13":"entry","14":"content-bg","15":"loop-entry"},"acf":[],"_links":{"self":[{"href":"https:\/\/ledrhythm.com\/de\/wp-json\/wp\/v2\/product\/5327","targetHints":{"allow":["GET"]}}],"collection":[{"href":"https:\/\/ledrhythm.com\/de\/wp-json\/wp\/v2\/product"}],"about":[{"href":"https:\/\/ledrhythm.com\/de\/wp-json\/wp\/v2\/types\/product"}],"wp:featuredmedia":[{"embeddable":true,"href":"https:\/\/ledrhythm.com\/de\/wp-json\/wp\/v2\/media\/6859"}],"wp:attachment":[{"href":"https:\/\/ledrhythm.com\/de\/wp-json\/wp\/v2\/media?parent=5327"}],"wp:term":[{"taxonomy":"product_brand","embeddable":true,"href":"https:\/\/ledrhythm.com\/de\/wp-json\/wp\/v2\/product_brand?post=5327"},{"taxonomy":"product_cat","embeddable":true,"href":"https:\/\/ledrhythm.com\/de\/wp-json\/wp\/v2\/product_cat?post=5327"},{"taxonomy":"product_tag","embeddable":true,"href":"https:\/\/ledrhythm.com\/de\/wp-json\/wp\/v2\/product_tag?post=5327"}],"curies":[{"name":"wp","href":"https:\/\/api.w.org\/{rel}","templated":true}]}}