{"id":5318,"date":"2025-06-10T07:24:40","date_gmt":"2025-06-10T07:24:40","guid":{"rendered":"https:\/\/ledrhythm.com\/?post_type=product&#038;p=5318"},"modified":"2025-11-13T07:25:50","modified_gmt":"2025-11-13T07:25:50","slug":"lightweight-tri-proof-vapor-tight-light-fixture","status":"publish","type":"product","link":"https:\/\/ledrhythm.com\/de\/product\/lightweight-tri-proof-vapor-tight-light-fixture","title":{"rendered":"2\/3\/4\/5ft LED Tri-proof Dampfdichtes Licht mit Notfall"},"content":{"rendered":"","protected":false},"excerpt":{"rendered":"<p>Diese dampfdichte LED-Leuchte wird in erster Linie f\u00fcr die Arbeitsbeleuchtung verwendet, z. B. in H\u00f6henlagen und K\u00fcstengebieten, und kann auch als Zusatzbeleuchtung in anderen rauen Umgebungen eingesetzt werden. Es verf\u00fcgt \u00fcber ausgezeichnete wasserdicht, korrosionsbest\u00e4ndig und sto\u00dffest, und auch oft als bezeichnet <a href=\"https:\/\/ledrhythm.com\/de\/categories\/tri-proof-lighting\/\" target=\"_blank\" rel=\"noopener\">dreifach gesichertes LED-Licht<\/a>. Leichtes Design mit einem einteiligen Geh\u00e4use aus PC-Material, das geringe Blendwirkung, Korrosionsbest\u00e4ndigkeit und gute Alterungsbest\u00e4ndigkeit bietet. Der Konstantstromantrieb sorgt f\u00fcr einen langfristigen, stabilen Betrieb ohne Wartung und eine Lebensdauer von mehr als 50.000 Stunden. Erh\u00e4ltlich in L\u00e4ngen von 2, 3, 4 und 5 Fu\u00df. Einfache Installation und gute Vibrationsbest\u00e4ndigkeit.<\/p>\n<h4>Produktmerkmale<\/h4>\n<ol>\n<li>15W, 18W, 25W, 36W, 50W<\/li>\n<li>Notbeleuchtung: 5W, 90min<\/li>\n<li>Entl\u00fcfter gleicht den Luftdruck aus und verhindert Kondensation<\/li>\n<li>Wasserdicht nach IP66 und korrosionsbest\u00e4ndig gegen Salzspr\u00fchnebel<\/li>\n<li>Leichtes Design, Mindestgewicht 0,7 kg<\/li>\n<li>Schnelle Aufputz- und Aufh\u00e4ngemontage<\/li>\n<\/ol>","protected":false},"featured_media":6860,"template":"","meta":{"_acf_changed":false,"_kadence_starter_templates_imported_post":false,"_kad_post_transparent":"default","_kad_post_title":"","_kad_post_layout":"default","_kad_post_sidebar_id":"","_kad_post_content_style":"default","_kad_post_vertical_padding":"default","_kad_post_feature":"","_kad_post_feature_position":"","_kad_post_header":false,"_kad_post_footer":false},"product_brand":[],"product_cat":[20,132],"product_tag":[],"class_list":{"0":"post-5318","1":"product","2":"type-product","3":"status-publish","4":"has-post-thumbnail","6":"product_cat-wind-energy-lighting","7":"product_cat-tri-proof-lighting","9":"first","10":"instock","11":"shipping-taxable","12":"product-type-simple","13":"entry","14":"content-bg","15":"loop-entry"},"acf":[],"_links":{"self":[{"href":"https:\/\/ledrhythm.com\/de\/wp-json\/wp\/v2\/product\/5318","targetHints":{"allow":["GET"]}}],"collection":[{"href":"https:\/\/ledrhythm.com\/de\/wp-json\/wp\/v2\/product"}],"about":[{"href":"https:\/\/ledrhythm.com\/de\/wp-json\/wp\/v2\/types\/product"}],"wp:featuredmedia":[{"embeddable":true,"href":"https:\/\/ledrhythm.com\/de\/wp-json\/wp\/v2\/media\/6860"}],"wp:attachment":[{"href":"https:\/\/ledrhythm.com\/de\/wp-json\/wp\/v2\/media?parent=5318"}],"wp:term":[{"taxonomy":"product_brand","embeddable":true,"href":"https:\/\/ledrhythm.com\/de\/wp-json\/wp\/v2\/product_brand?post=5318"},{"taxonomy":"product_cat","embeddable":true,"href":"https:\/\/ledrhythm.com\/de\/wp-json\/wp\/v2\/product_cat?post=5318"},{"taxonomy":"product_tag","embeddable":true,"href":"https:\/\/ledrhythm.com\/de\/wp-json\/wp\/v2\/product_tag?post=5318"}],"curies":[{"name":"wp","href":"https:\/\/api.w.org\/{rel}","templated":true}]}}