{"id":4573,"date":"2025-04-25T02:26:16","date_gmt":"2025-04-25T02:26:16","guid":{"rendered":"https:\/\/ledrhythm.com\/?post_type=product&#038;p=4573"},"modified":"2025-12-05T08:59:08","modified_gmt":"2025-12-05T08:59:08","slug":"commercial-led-street-light-road-public-lighting","status":"publish","type":"product","link":"https:\/\/ledrhythm.com\/de\/product\/commercial-led-street-light-road-public-lighting","title":{"rendered":"Kommerzielle LED-Stra\u00dfenbeleuchtung f\u00fcr Stra\u00dfen und \u00f6ffentliche Beleuchtung"},"content":{"rendered":"","protected":false},"excerpt":{"rendered":"<p>\"Moon\u2161\" ist eine weit verbreitete kommerzielle LED-Stra\u00dfenleuchte mit einer Leistung von 50W-240W. Entspricht dem internationalen Standard-Strahlentyp und optionalen Cut-Off- und Semi-Cut-Off-Typen, sorgen f\u00fcr pr\u00e4zises, schadstofffreies und weicheres Licht, geeignet f\u00fcr verschiedene Au\u00dfen <a href=\"https:\/\/ledrhythm.com\/de\/led-street-roadway-lighting\/\" target=\"_blank\" rel=\"noopener\">Stra\u00dfen<\/a> oder <a href=\"https:\/\/ledrhythm.com\/de\/led-area-lights\/\" target=\"_blank\" rel=\"noopener\">Fl\u00e4chenbeleuchtung<\/a>. Die Montageh\u00fclse unterst\u00fctzt Mastaufsatz- und Wandmontagen, und der Winkel kann um \u00b115\u00b0 eingestellt werden. Aus st\u00e4rkerem Aluminiumdruckguss gefertigt, bietet es eine bessere W\u00e4rmeableitung und Wetterbest\u00e4ndigkeit. Das Stromversorgungsfach des Treibers ist mit einem Schnappverschluss versehen und kann f\u00fcr die Wartung werkzeuglos ge\u00f6ffnet werden. Erzielt eine h\u00f6here Lichtausbeute, spart Energie bis zu 80%.<\/p>\n<h4>Produktmerkmale<\/h4>\n<ol>\n<li>50W,70W,100W,120W,150W,200W,240W<\/li>\n<li>Lichtausbeute bis zu 180lm\/W<\/li>\n<li>IP66\/IK08 und 10KV \u00dcberspannungsschutz<\/li>\n<li>Tr\u00e4ger Typ\u2161,Typ\u2162,Typ\u2163,Typ\u2164<\/li>\n<li>0-10V Dimmen &amp; Fotozellensensor<\/li>\n<\/ol>","protected":false},"featured_media":6921,"template":"","meta":{"_acf_changed":false,"_kadence_starter_templates_imported_post":false,"_kad_post_transparent":"default","_kad_post_title":"","_kad_post_layout":"default","_kad_post_sidebar_id":"","_kad_post_content_style":"default","_kad_post_vertical_padding":"default","_kad_post_feature":"","_kad_post_feature_position":"","_kad_post_header":false,"_kad_post_footer":false},"product_brand":[],"product_cat":[44,148],"product_tag":[],"class_list":{"0":"post-4573","1":"product","2":"type-product","3":"status-publish","4":"has-post-thumbnail","6":"product_cat-led-post-top-lights","7":"product_cat-led-street-lights","9":"first","10":"instock","11":"downloadable","12":"virtual","13":"product-type-simple","14":"entry","15":"content-bg","16":"loop-entry"},"acf":[],"_links":{"self":[{"href":"https:\/\/ledrhythm.com\/de\/wp-json\/wp\/v2\/product\/4573","targetHints":{"allow":["GET"]}}],"collection":[{"href":"https:\/\/ledrhythm.com\/de\/wp-json\/wp\/v2\/product"}],"about":[{"href":"https:\/\/ledrhythm.com\/de\/wp-json\/wp\/v2\/types\/product"}],"wp:featuredmedia":[{"embeddable":true,"href":"https:\/\/ledrhythm.com\/de\/wp-json\/wp\/v2\/media\/6921"}],"wp:attachment":[{"href":"https:\/\/ledrhythm.com\/de\/wp-json\/wp\/v2\/media?parent=4573"}],"wp:term":[{"taxonomy":"product_brand","embeddable":true,"href":"https:\/\/ledrhythm.com\/de\/wp-json\/wp\/v2\/product_brand?post=4573"},{"taxonomy":"product_cat","embeddable":true,"href":"https:\/\/ledrhythm.com\/de\/wp-json\/wp\/v2\/product_cat?post=4573"},{"taxonomy":"product_tag","embeddable":true,"href":"https:\/\/ledrhythm.com\/de\/wp-json\/wp\/v2\/product_tag?post=4573"}],"curies":[{"name":"wp","href":"https:\/\/api.w.org\/{rel}","templated":true}]}}