{"id":4570,"date":"2025-04-24T08:12:37","date_gmt":"2025-04-24T08:12:37","guid":{"rendered":"https:\/\/ledrhythm.com\/?post_type=product&#038;p=4570"},"modified":"2025-11-12T07:08:50","modified_gmt":"2025-11-12T07:08:50","slug":"high-temp-industrial-led-flood-light","status":"publish","type":"product","link":"https:\/\/ledrhythm.com\/de\/product\/high-temp-industrial-led-flood-light","title":{"rendered":"65\u2103 Hochtemperatur-LED-Flutlicht"},"content":{"rendered":"","protected":false},"excerpt":{"rendered":"<p>Diese Hochtemperatur-LED-Flutlicht sind Upgrade von <a href=\"https:\/\/ledrhythm.com\/de\/product\/large-industrial-outdoor-flood-lighting-work-parking-lot-lighting\/\" target=\"_blank\" rel=\"noopener\">Standard-Flutlicht 'Slim\u2162<\/a>. Sein Geh\u00e4use besteht aus Aluminiumdruckguss mit gr\u00f6\u00dferem K\u00fchlk\u00f6rper, kombiniert mit einer hitzebest\u00e4ndigeren Treiberleistung, und trennt den Treiber vom Leuchtenk\u00f6rper, was einen stabilen Betrieb bei Umgebungstemperaturen von bis zu 65 \u00b0C gew\u00e4hrleistet. Anders als <a href=\"https:\/\/ledrhythm.com\/de\/product\/diamond-industrial-led-high-bay-lighting-75-high-temp-lights\/\" target=\"_blank\" rel=\"noopener\">Hochtemperatur-Hochregallampen<\/a>Dank der Schutzart IP66\/IK08 und der flexiblen Montagehalterung eignet sich diese Leuchte nicht nur f\u00fcr den Innenbereich, sondern auch f\u00fcr raue Au\u00dfenanwendungen. Der Abstrahlwinkel von 120\u00b0 sorgt f\u00fcr eine breitere und gleichm\u00e4\u00dfigere Lichtabdeckung. Unterst\u00fctzt 0-10V Dimmen f\u00fcr eine noch bessere Energieeffizienz.<\/p>\n<h4>Produktmerkmale<\/h4>\n<ol>\n<li>80W,100W,120W,150W,200W<\/li>\n<li>Lichtausbeute 150lm\/W+<\/li>\n<li>H\u00e4lt einer Umgebungstemperatur von 65\u2103 stand<\/li>\n<li>Hervorragende W\u00e4rmebest\u00e4ndigkeit und W\u00e4rmeableitungsleistung<\/li>\n<li>IP66 wasserdicht &amp; 10KV \u00dcberspannungsschutz<\/li>\n<li>0-10V Dimmen optional<\/li>\n<\/ol>","protected":false},"featured_media":6854,"template":"","meta":{"_acf_changed":false,"_kadence_starter_templates_imported_post":false,"_kad_post_transparent":"default","_kad_post_title":"","_kad_post_layout":"default","_kad_post_sidebar_id":"","_kad_post_content_style":"default","_kad_post_vertical_padding":"default","_kad_post_feature":"","_kad_post_feature_position":"","_kad_post_header":false,"_kad_post_footer":false},"product_brand":[],"product_cat":[145,42],"product_tag":[],"class_list":{"0":"post-4570","1":"product","2":"type-product","3":"status-publish","4":"has-post-thumbnail","6":"product_cat-high-temp-lighting","7":"product_cat-flood-lighting","9":"first","10":"instock","11":"downloadable","12":"virtual","13":"product-type-simple","14":"entry","15":"content-bg","16":"loop-entry"},"acf":[],"_links":{"self":[{"href":"https:\/\/ledrhythm.com\/de\/wp-json\/wp\/v2\/product\/4570","targetHints":{"allow":["GET"]}}],"collection":[{"href":"https:\/\/ledrhythm.com\/de\/wp-json\/wp\/v2\/product"}],"about":[{"href":"https:\/\/ledrhythm.com\/de\/wp-json\/wp\/v2\/types\/product"}],"wp:featuredmedia":[{"embeddable":true,"href":"https:\/\/ledrhythm.com\/de\/wp-json\/wp\/v2\/media\/6854"}],"wp:attachment":[{"href":"https:\/\/ledrhythm.com\/de\/wp-json\/wp\/v2\/media?parent=4570"}],"wp:term":[{"taxonomy":"product_brand","embeddable":true,"href":"https:\/\/ledrhythm.com\/de\/wp-json\/wp\/v2\/product_brand?post=4570"},{"taxonomy":"product_cat","embeddable":true,"href":"https:\/\/ledrhythm.com\/de\/wp-json\/wp\/v2\/product_cat?post=4570"},{"taxonomy":"product_tag","embeddable":true,"href":"https:\/\/ledrhythm.com\/de\/wp-json\/wp\/v2\/product_tag?post=4570"}],"curies":[{"name":"wp","href":"https:\/\/api.w.org\/{rel}","templated":true}]}}