{"id":4566,"date":"2025-04-21T08:36:06","date_gmt":"2025-04-21T08:36:06","guid":{"rendered":"https:\/\/ledrhythm.com\/?post_type=product&#038;p=4566"},"modified":"2025-11-27T09:04:52","modified_gmt":"2025-11-27T09:04:52","slug":"outdoor-waterproof-led-flood-light-ip66","status":"publish","type":"product","link":"https:\/\/ledrhythm.com\/de\/product\/outdoor-waterproof-led-flood-light-ip66","title":{"rendered":"IP66 Wasserdichtes LED-Flutlicht f\u00fcr den Au\u00dfenbereich"},"content":{"rendered":"","protected":false},"excerpt":{"rendered":"<p>Der Lampenk\u00f6rper ist schlank und robust. Sowohl das Geh\u00e4use als auch die Montagehalterung sind aus Aluminiumdruckguss gefertigt und haben eine hohe Korrosionsbest\u00e4ndigkeit bei gleichzeitig effizienter W\u00e4rmeableitung. Wasserdicht nach IP66, erf\u00fcllt die Standards f\u00fcr industrielle LED-Flutlichter im Au\u00dfenbereich. Standard-Klarglaslinse und w\u00e4hlbare schmale und breite Strahlen, die eine gleichm\u00e4\u00dfige und komfortable Beleuchtung erm\u00f6glichen. Leistungsbereiche von 30W bis 200W, mit 0-10V dimmbar und der Option Smart Sensor, was bedeutet, dass es die Beleuchtungsbed\u00fcrfnisse von kleinen G\u00e4rten \u00fcber Garageneinfahrten bis hin zu gr\u00f6\u00dferen Bereichen erf\u00fcllen kann.<\/p>\n<h4>Produktmerkmale<\/h4>\n<ol>\n<li>30W,40W,50W,60W,80W,100W,150W,200W<\/li>\n<li>Abstrahlwinkel 60\u00b0, 90\u00b0, 120\u00b0<\/li>\n<li>Kompatibel mit mehreren intelligenten Steuerungssystemen<\/li>\n<li>Standardlebensdauer \u00fcbersteigt 50.000 Stunden<\/li>\n<li>Leistungsstarke SMD-Ausf\u00fchrung<\/li>\n<\/ol>","protected":false},"featured_media":6918,"template":"","meta":{"_acf_changed":false,"_kadence_starter_templates_imported_post":false,"_kad_post_transparent":"default","_kad_post_title":"","_kad_post_layout":"default","_kad_post_sidebar_id":"","_kad_post_content_style":"default","_kad_post_vertical_padding":"default","_kad_post_feature":"","_kad_post_feature_position":"","_kad_post_header":false,"_kad_post_footer":false},"product_brand":[],"product_cat":[42],"product_tag":[],"class_list":{"0":"post-4566","1":"product","2":"type-product","3":"status-publish","4":"has-post-thumbnail","6":"product_cat-flood-lighting","8":"first","9":"instock","10":"downloadable","11":"virtual","12":"product-type-simple","13":"entry","14":"content-bg","15":"loop-entry"},"acf":[],"_links":{"self":[{"href":"https:\/\/ledrhythm.com\/de\/wp-json\/wp\/v2\/product\/4566","targetHints":{"allow":["GET"]}}],"collection":[{"href":"https:\/\/ledrhythm.com\/de\/wp-json\/wp\/v2\/product"}],"about":[{"href":"https:\/\/ledrhythm.com\/de\/wp-json\/wp\/v2\/types\/product"}],"wp:featuredmedia":[{"embeddable":true,"href":"https:\/\/ledrhythm.com\/de\/wp-json\/wp\/v2\/media\/6918"}],"wp:attachment":[{"href":"https:\/\/ledrhythm.com\/de\/wp-json\/wp\/v2\/media?parent=4566"}],"wp:term":[{"taxonomy":"product_brand","embeddable":true,"href":"https:\/\/ledrhythm.com\/de\/wp-json\/wp\/v2\/product_brand?post=4566"},{"taxonomy":"product_cat","embeddable":true,"href":"https:\/\/ledrhythm.com\/de\/wp-json\/wp\/v2\/product_cat?post=4566"},{"taxonomy":"product_tag","embeddable":true,"href":"https:\/\/ledrhythm.com\/de\/wp-json\/wp\/v2\/product_tag?post=4566"}],"curies":[{"name":"wp","href":"https:\/\/api.w.org\/{rel}","templated":true}]}}