{"id":4527,"date":"2025-04-14T07:53:18","date_gmt":"2025-04-14T07:53:18","guid":{"rendered":"https:\/\/ledrhythm.com\/?post_type=product&#038;p=4527"},"modified":"2026-03-23T07:15:29","modified_gmt":"2026-03-23T07:15:29","slug":"diamond-industrial-led-high-bay-lighting-75-high-temp-lights","status":"publish","type":"product","link":"https:\/\/ledrhythm.com\/de\/product\/diamond-industrial-led-high-bay-lighting-75-high-temp-lights","title":{"rendered":"75\u2103 Hohe Temperatur hohe Bucht LED-Licht"},"content":{"rendered":"","protected":false},"excerpt":{"rendered":"<p>Diese LED-Hochregallampe kann rund um die Uhr bei hohen Umgebungstemperaturen von 75\u00b0C betrieben werden, ohne die Lichtqualit\u00e4t und Lebensdauer zu beeintr\u00e4chtigen. Verglichen mit unserem gew\u00f6hnlichen \"<a href=\"https:\/\/ledrhythm.com\/de\/product\/round-led-high-bay-light-high-power-lumen\/\" target=\"_blank\" rel=\"noopener\">Diamant I<\/a>\"High-Bay-LED, die Materialien und der Treiber wurden verbessert, die W\u00e4rmebest\u00e4ndigkeit und die strukturelle W\u00e4rmeableitung sind besser. Sein einer der besten zu unserem <a href=\"https:\/\/ledrhythm.com\/de\/categories\/high-temp-lighting\/\" target=\"_blank\" rel=\"noopener\">Hochtemperatur-LED-Serie<\/a>. Wir haben die sperrige, lange Treiberstromversorgung von traditionellen Hochtemperatur-LED-Leuchten aufgegeben, mit unserem selbst entwickelten Treiber, es ist kleiner und hitzebest\u00e4ndiger. IP65, unterst\u00fctzen vier Installationsmethoden und 120\u00b0 Abstrahlwinkel, breite Lichtabdeckung. Sie ist f\u00fcr die Beleuchtung von Fabriken und Werkst\u00e4tten geeignet, die anhaltender Hitze ausgesetzt sind.<\/p>\n<h4>Produktmerkmale<\/h4>\n<ul>\n<li>80W, 100W, 120W, 150W, 180W<\/li>\n<li>H\u00e4lt einer Umgebungstemperatur von 75\u2103 stand<\/li>\n<li>Farbtemperatur 1800K (hohe Durchdringung) - 6500K<\/li>\n<li>Effiziente K\u00fchlung senkt die Temperatur der Halterung um 40%.<\/li>\n<li>Integrierter Druckguss in Luft- und Raumfahrtqualit\u00e4t, 300% Festigkeitssteigerung.<\/li>\n<li>0-10V Dimmtechnik<\/li>\n<\/ul>","protected":false},"featured_media":6861,"template":"","meta":{"_acf_changed":false,"_kadence_starter_templates_imported_post":false,"_kad_post_transparent":"default","_kad_post_title":"","_kad_post_layout":"default","_kad_post_sidebar_id":"","_kad_post_content_style":"default","_kad_post_vertical_padding":"default","_kad_post_feature":"","_kad_post_feature_position":"","_kad_post_header":false,"_kad_post_footer":false},"product_brand":[],"product_cat":[41,145],"product_tag":[],"class_list":{"0":"post-4527","1":"product","2":"type-product","3":"status-publish","4":"has-post-thumbnail","6":"product_cat-high-bay-lighting","7":"product_cat-high-temp-lighting","9":"first","10":"instock","11":"downloadable","12":"virtual","13":"product-type-simple","14":"entry","15":"content-bg","16":"loop-entry"},"acf":[],"_links":{"self":[{"href":"https:\/\/ledrhythm.com\/de\/wp-json\/wp\/v2\/product\/4527","targetHints":{"allow":["GET"]}}],"collection":[{"href":"https:\/\/ledrhythm.com\/de\/wp-json\/wp\/v2\/product"}],"about":[{"href":"https:\/\/ledrhythm.com\/de\/wp-json\/wp\/v2\/types\/product"}],"wp:featuredmedia":[{"embeddable":true,"href":"https:\/\/ledrhythm.com\/de\/wp-json\/wp\/v2\/media\/6861"}],"wp:attachment":[{"href":"https:\/\/ledrhythm.com\/de\/wp-json\/wp\/v2\/media?parent=4527"}],"wp:term":[{"taxonomy":"product_brand","embeddable":true,"href":"https:\/\/ledrhythm.com\/de\/wp-json\/wp\/v2\/product_brand?post=4527"},{"taxonomy":"product_cat","embeddable":true,"href":"https:\/\/ledrhythm.com\/de\/wp-json\/wp\/v2\/product_cat?post=4527"},{"taxonomy":"product_tag","embeddable":true,"href":"https:\/\/ledrhythm.com\/de\/wp-json\/wp\/v2\/product_tag?post=4527"}],"curies":[{"name":"wp","href":"https:\/\/api.w.org\/{rel}","templated":true}]}}