{"id":3287,"date":"2025-03-28T07:37:57","date_gmt":"2025-03-28T07:37:57","guid":{"rendered":"https:\/\/ledrhythm.com\/products\/wholesale-led-high-bay-lightsfor-a-large-industrial-area-or-a-smaller-commercial-space"},"modified":"2025-11-17T08:58:26","modified_gmt":"2025-11-17T08:58:26","slug":"round-led-high-bay-light-high-power-lumen","status":"publish","type":"product","link":"https:\/\/ledrhythm.com\/de\/product\/round-led-high-bay-light-high-power-lumen","title":{"rendered":"Hohe Leistung und Lumen Runde LED-Hallenleuchte"},"content":{"rendered":"","protected":false},"excerpt":{"rendered":"<p>Diese runde LED-Hallenleuchte ist unser klassischstes Design und bietet eine hohe Leistung und einen hohen Lumenaussto\u00df, bis zu 400W und 60.000lm, und kann verschiedene traditionelle Lichtquellen ersetzen. Es havs ausgezeichnete Korrosionsbest\u00e4ndigkeit, W\u00e4rmeableitung und IP66 wasserdicht und staubdicht Rating, sowie eine Vielzahl von <a href=\"https:\/\/ledrhythm.com\/de\/news\/how-to-look-at-the-beam-angle-of-outdoor-floodlights.html\/\" target=\"_blank\" rel=\"noopener\">Abstrahlwinkel<\/a> und Befestigungsmethoden. Verschiedene Lampenschirme k\u00f6nnen ausgew\u00e4hlt werden, um das Licht zu steuern. Ihr Licht ist gleichm\u00e4\u00dfiger und weniger blendend, mit einem Farbwiedergabeindex von \u00fcber 80 oder sogar 90. Dadurch eignet sie sich f\u00fcr eine breite Palette von Anwendungen, einschlie\u00dflich einer Vielzahl von Innenr\u00e4umen <a href=\"https:\/\/ledrhythm.com\/de\/led-industrial-lighting\/\" target=\"_blank\" rel=\"noopener\">Industriegebiete<\/a> und <a href=\"https:\/\/ledrhythm.com\/de\/led-sports-lighting\/\" target=\"_blank\" rel=\"noopener\">Sportbeleuchtung<\/a>.<\/p>\n<h4>Produktmerkmale<\/h4>\n<ol>\n<li>80W,100W,120W,150W,200W,240W,300W,400W<\/li>\n<li>Abstrahlwinkel: 45\u00b0, 60\u00b0, 80\u00b0, 90\u00b0 und 120\u00b0<\/li>\n<li>Aluminium-Druckguss mit hoher Intensit\u00e4t A380-Legierung ADC12<\/li>\n<li>CRI&gt;80 &amp; IP66<\/li>\n<li>0-10V Dimmtechnik<\/li>\n<\/ol>","protected":false},"featured_media":9233,"template":"","meta":{"_acf_changed":false,"_kadence_starter_templates_imported_post":false,"_kad_post_transparent":"default","_kad_post_title":"","_kad_post_layout":"default","_kad_post_sidebar_id":"","_kad_post_content_style":"default","_kad_post_vertical_padding":"default","_kad_post_feature":"","_kad_post_feature_position":"","_kad_post_header":false,"_kad_post_footer":false},"product_brand":[],"product_cat":[41],"product_tag":[],"class_list":{"0":"post-3287","1":"product","2":"type-product","3":"status-publish","4":"has-post-thumbnail","6":"product_cat-high-bay-lighting","8":"first","9":"instock","10":"downloadable","11":"virtual","12":"product-type-simple","13":"entry","14":"content-bg","15":"loop-entry"},"acf":[],"_links":{"self":[{"href":"https:\/\/ledrhythm.com\/de\/wp-json\/wp\/v2\/product\/3287","targetHints":{"allow":["GET"]}}],"collection":[{"href":"https:\/\/ledrhythm.com\/de\/wp-json\/wp\/v2\/product"}],"about":[{"href":"https:\/\/ledrhythm.com\/de\/wp-json\/wp\/v2\/types\/product"}],"wp:featuredmedia":[{"embeddable":true,"href":"https:\/\/ledrhythm.com\/de\/wp-json\/wp\/v2\/media\/9233"}],"wp:attachment":[{"href":"https:\/\/ledrhythm.com\/de\/wp-json\/wp\/v2\/media?parent=3287"}],"wp:term":[{"taxonomy":"product_brand","embeddable":true,"href":"https:\/\/ledrhythm.com\/de\/wp-json\/wp\/v2\/product_brand?post=3287"},{"taxonomy":"product_cat","embeddable":true,"href":"https:\/\/ledrhythm.com\/de\/wp-json\/wp\/v2\/product_cat?post=3287"},{"taxonomy":"product_tag","embeddable":true,"href":"https:\/\/ledrhythm.com\/de\/wp-json\/wp\/v2\/product_tag?post=3287"}],"curies":[{"name":"wp","href":"https:\/\/api.w.org\/{rel}","templated":true}]}}