{"id":3282,"date":"2025-03-28T07:37:51","date_gmt":"2025-03-28T07:37:51","guid":{"rendered":"https:\/\/ledrhythm.com\/products\/high-temperature-high-bay-light"},"modified":"2025-10-31T01:05:18","modified_gmt":"2025-10-31T01:05:18","slug":"diamond-i-pro-high-temperature-high-bay-light","status":"publish","type":"product","link":"https:\/\/ledrhythm.com\/de\/product\/diamond-i-pro-high-temperature-high-bay-light","title":{"rendered":"65\u2103 Hohe Temperatur hohe Bucht LED-Licht"},"content":{"rendered":"","protected":false},"excerpt":{"rendered":"<p>Die Kombination von LED-Hochregal und Hitzebest\u00e4ndigkeit in einem einzigen Beleuchtungsk\u00f6rper erm\u00f6glicht einen langfristigen Betrieb bei Umgebungstemperaturen von 65\u00b0C. Treiber und der Lampenk\u00f6rper haben einen W\u00e4rmeableitungsspalt, und interne Komponenten verwenden hitzebest\u00e4ndige LED-Chips, Glaslinsen und Silikondr\u00e4hte. Verglichen mit unseren <a href=\"https:\/\/ledrhythm.com\/de\/product\/diamond-industrial-led-high-bay-lighting-75-high-temp-lights\/\" target=\"_blank\" rel=\"noopener\">75\u00b0C-Hochregallampe<\/a>Diese Leuchte verf\u00fcgt \u00fcber einen kleineren und leichteren Treiber. Kombiniert mit gro\u00dffl\u00e4chigen Aluminium-Druckguss-K\u00fchlk\u00f6rpern, verbessert es die Stabilit\u00e4t der Beleuchtung und Standard-Lebensdauer immer noch 50.000+ Stunden in Hochtemperaturbereichen. Die Farbtemperatur ist von 1800K bis 6500K w\u00e4hlbar, und sowohl H\u00e4nge- als auch B\u00fcgelmontage werden unterst\u00fctzt. Seine geeignet f\u00fcr verschiedene raue Werkstatt oder <a href=\"https:\/\/ledrhythm.com\/de\/led-factory-lights\/\" target=\"_blank\" rel=\"noopener\">Werksbeleuchtung<\/a>.<\/p>\n<h4>Produktmerkmale<\/h4>\n<ul>\n<li>80W, 100W, 120W, 150W, 200W<\/li>\n<li>H\u00e4lt einer Umgebungstemperatur von 65\u2103 stand<\/li>\n<li>Farbtemperatur 1800K (hohe Durchdringung) - 6500K<\/li>\n<li>IP65 wasserdicht, staubdicht und korrosionsbest\u00e4ndig<\/li>\n<li>Verschiedene Abstrahlwinkel und 0-10V Dimmung<\/li>\n<\/ul>","protected":false},"featured_media":6856,"template":"","meta":{"_acf_changed":false,"_kadence_starter_templates_imported_post":false,"_kad_post_transparent":"default","_kad_post_title":"","_kad_post_layout":"default","_kad_post_sidebar_id":"","_kad_post_content_style":"default","_kad_post_vertical_padding":"default","_kad_post_feature":"","_kad_post_feature_position":"","_kad_post_header":false,"_kad_post_footer":false},"product_brand":[],"product_cat":[41,145],"product_tag":[],"class_list":{"0":"post-3282","1":"product","2":"type-product","3":"status-publish","4":"has-post-thumbnail","6":"product_cat-high-bay-lighting","7":"product_cat-high-temp-lighting","9":"first","10":"instock","11":"downloadable","12":"virtual","13":"product-type-simple","14":"entry","15":"content-bg","16":"loop-entry"},"acf":[],"_links":{"self":[{"href":"https:\/\/ledrhythm.com\/de\/wp-json\/wp\/v2\/product\/3282","targetHints":{"allow":["GET"]}}],"collection":[{"href":"https:\/\/ledrhythm.com\/de\/wp-json\/wp\/v2\/product"}],"about":[{"href":"https:\/\/ledrhythm.com\/de\/wp-json\/wp\/v2\/types\/product"}],"wp:featuredmedia":[{"embeddable":true,"href":"https:\/\/ledrhythm.com\/de\/wp-json\/wp\/v2\/media\/6856"}],"wp:attachment":[{"href":"https:\/\/ledrhythm.com\/de\/wp-json\/wp\/v2\/media?parent=3282"}],"wp:term":[{"taxonomy":"product_brand","embeddable":true,"href":"https:\/\/ledrhythm.com\/de\/wp-json\/wp\/v2\/product_brand?post=3282"},{"taxonomy":"product_cat","embeddable":true,"href":"https:\/\/ledrhythm.com\/de\/wp-json\/wp\/v2\/product_cat?post=3282"},{"taxonomy":"product_tag","embeddable":true,"href":"https:\/\/ledrhythm.com\/de\/wp-json\/wp\/v2\/product_tag?post=3282"}],"curies":[{"name":"wp","href":"https:\/\/api.w.org\/{rel}","templated":true}]}}