{"id":3276,"date":"2025-03-28T07:37:44","date_gmt":"2025-03-28T07:37:44","guid":{"rendered":"https:\/\/ledrhythm.com\/products\/linear-low-bay-lighting"},"modified":"2025-11-21T02:41:36","modified_gmt":"2025-11-21T02:41:36","slug":"4ft-linear-led-high-bay-lights-indoor-industrial","status":"publish","type":"product","link":"https:\/\/ledrhythm.com\/de\/product\/4ft-linear-led-high-bay-lights-indoor-industrial","title":{"rendered":"4 Fu\u00df lineares LED-Hallenstrahlerlicht mit Bewegungssensor"},"content":{"rendered":"","protected":false},"excerpt":{"rendered":"<p>4ft lineare LED-Hochregallampe nimmt integrierte Blechstruktur, und das Leistungsfach hat W\u00e4rmeableitung Fenster, bietet hervorragende W\u00e4rmeableitung Leistung. <a href=\"https:\/\/ledrhythm.com\/de\/news\/motion-sensor-lights-and-security-light.html\/\" target=\"_blank\" rel=\"noopener\">Bewegungsmelder<\/a> optional, hat einen weiten Spannungsbereich, <a href=\"https:\/\/ledrhythm.com\/de\/news\/how-long-do-led-lights-last-industrial-and-home-led.html\/\" target=\"_blank\" rel=\"noopener\">normale Lebensdauer<\/a> 50000-100000 Stunden. Der passende 4ft PC-Diffusor sorgt nicht nur f\u00fcr gleichm\u00e4\u00dfiges Licht und kontrolliert effektiv die Blendung, sondern ist auch verformungsbest\u00e4ndig und bruchsicher. Unterst\u00fctzt sowohl die Montage an der Decke als auch an der Wand und eignet sich daher f\u00fcr verschiedene Innenr\u00e4ume mit hohen Decken, wie z. B. Gesch\u00e4fte, Sportst\u00e4tten und <a href=\"https:\/\/ledrhythm.com\/de\/led-warehouse-lighting\/\" target=\"_blank\" rel=\"noopener\">Beleuchtung von Lagerhallen<\/a>.<\/p>\n<h4>Produktmerkmale<\/h4>\n<ol>\n<li>60W, 80W, 100W, 120W, 150W<\/li>\n<li>Integriertes Stahlblechgeh\u00e4use<\/li>\n<li>Einfache Installation und Wartung<\/li>\n<li>Lichtausbeute 150lm\/W+<\/li>\n<li>Farbwiedergabeindex \u00fcber 80<\/li>\n<li>Bewegungssensor und intelligentes Dimmen<\/li>\n<\/ol>","protected":false},"featured_media":6865,"template":"","meta":{"_acf_changed":false,"_kadence_starter_templates_imported_post":false,"_kad_post_transparent":"default","_kad_post_title":"","_kad_post_layout":"default","_kad_post_sidebar_id":"","_kad_post_content_style":"default","_kad_post_vertical_padding":"default","_kad_post_feature":"","_kad_post_feature_position":"","_kad_post_header":false,"_kad_post_footer":false},"product_brand":[],"product_cat":[131,41],"product_tag":[],"class_list":{"0":"post-3276","1":"product","2":"type-product","3":"status-publish","4":"has-post-thumbnail","6":"product_cat-linear-lighting","7":"product_cat-high-bay-lighting","9":"first","10":"instock","11":"downloadable","12":"virtual","13":"product-type-simple","14":"entry","15":"content-bg","16":"loop-entry"},"acf":[],"_links":{"self":[{"href":"https:\/\/ledrhythm.com\/de\/wp-json\/wp\/v2\/product\/3276","targetHints":{"allow":["GET"]}}],"collection":[{"href":"https:\/\/ledrhythm.com\/de\/wp-json\/wp\/v2\/product"}],"about":[{"href":"https:\/\/ledrhythm.com\/de\/wp-json\/wp\/v2\/types\/product"}],"wp:featuredmedia":[{"embeddable":true,"href":"https:\/\/ledrhythm.com\/de\/wp-json\/wp\/v2\/media\/6865"}],"wp:attachment":[{"href":"https:\/\/ledrhythm.com\/de\/wp-json\/wp\/v2\/media?parent=3276"}],"wp:term":[{"taxonomy":"product_brand","embeddable":true,"href":"https:\/\/ledrhythm.com\/de\/wp-json\/wp\/v2\/product_brand?post=3276"},{"taxonomy":"product_cat","embeddable":true,"href":"https:\/\/ledrhythm.com\/de\/wp-json\/wp\/v2\/product_cat?post=3276"},{"taxonomy":"product_tag","embeddable":true,"href":"https:\/\/ledrhythm.com\/de\/wp-json\/wp\/v2\/product_tag?post=3276"}],"curies":[{"name":"wp","href":"https:\/\/api.w.org\/{rel}","templated":true}]}}