{"id":3271,"date":"2025-03-28T07:37:37","date_gmt":"2025-03-28T07:37:37","guid":{"rendered":"https:\/\/ledrhythm.com\/products\/industrial-linear-lighting-led"},"modified":"2025-11-21T02:26:12","modified_gmt":"2025-11-21T02:26:12","slug":"modular-linear-high-bay-led-lights-for-hallway-and-shop","status":"publish","type":"product","link":"https:\/\/ledrhythm.com\/de\/product\/modular-linear-high-bay-led-lights-for-hallway-and-shop","title":{"rendered":"Modulare lineare LED-Hochregallampe - 60 W pro Modul"},"content":{"rendered":"","protected":false},"excerpt":{"rendered":"<p>Diese LED-Hochregallampe verf\u00fcgt \u00fcber ein lineares, modulares Design, wobei jedes Modul 60W und vier Module bis zu 240W unterst\u00fctzen und eine Gesamtleistung von 36.000 Lumen bieten. IP65 wasserdicht und staubdicht Bewertung, und bietet eine Vielzahl von Abstrahlwinkeln von eng bis breit. Sie eignet sich ideal f\u00fcr die lineare Beleuchtung von Industriehallen oder halboffenen Veranden. Sie k\u00f6nnen auch Ihr Mobiltelefon\/Tablet verwenden, um das Ein-\/Ausschalten und Dimmen \u00fcber Zigbee Wifi drahtlos zu steuern, und Sie k\u00f6nnen ein oder mehrere Beleuchtungsger\u00e4te in einem bestimmten Bereich genau steuern. Unterst\u00fctzt sowohl die Aufputz- als auch die H\u00e4ngemontage.<\/p>\n<h4>Produktmerkmale<\/h4>\n<ol>\n<li>60W, 120W, 180W, 240W<\/li>\n<li>Intelligente Steuerung, 0-10V Dimmen<\/li>\n<li>Modularer linearer Aufbau<\/li>\n<li>IP65 und 4KV \u00dcberspannungsschutz<\/li>\n<li>Abstrahlwinkel 15\u00b0, 40\u00b0, 60\u00b0, 70*30\u00b0, 49*21\u00b0, 90\u00b0<\/li>\n<li>Hochfestes Geh\u00e4use aus stranggepresster Aluminiumlegierung<\/li>\n<li>LED-Chip mit hoher Dichte f\u00fcr mehr Gleichm\u00e4\u00dfigkeit<\/li>\n<\/ol>","protected":false},"featured_media":6864,"template":"","meta":{"_acf_changed":false,"_kadence_starter_templates_imported_post":false,"_kad_post_transparent":"default","_kad_post_title":"","_kad_post_layout":"default","_kad_post_sidebar_id":"","_kad_post_content_style":"default","_kad_post_vertical_padding":"default","_kad_post_feature":"","_kad_post_feature_position":"","_kad_post_header":false,"_kad_post_footer":false},"product_brand":[],"product_cat":[41,131],"product_tag":[],"class_list":{"0":"post-3271","1":"product","2":"type-product","3":"status-publish","4":"has-post-thumbnail","6":"product_cat-high-bay-lighting","7":"product_cat-linear-lighting","9":"first","10":"instock","11":"downloadable","12":"virtual","13":"product-type-simple","14":"entry","15":"content-bg","16":"loop-entry"},"acf":[],"_links":{"self":[{"href":"https:\/\/ledrhythm.com\/de\/wp-json\/wp\/v2\/product\/3271","targetHints":{"allow":["GET"]}}],"collection":[{"href":"https:\/\/ledrhythm.com\/de\/wp-json\/wp\/v2\/product"}],"about":[{"href":"https:\/\/ledrhythm.com\/de\/wp-json\/wp\/v2\/types\/product"}],"wp:featuredmedia":[{"embeddable":true,"href":"https:\/\/ledrhythm.com\/de\/wp-json\/wp\/v2\/media\/6864"}],"wp:attachment":[{"href":"https:\/\/ledrhythm.com\/de\/wp-json\/wp\/v2\/media?parent=3271"}],"wp:term":[{"taxonomy":"product_brand","embeddable":true,"href":"https:\/\/ledrhythm.com\/de\/wp-json\/wp\/v2\/product_brand?post=3271"},{"taxonomy":"product_cat","embeddable":true,"href":"https:\/\/ledrhythm.com\/de\/wp-json\/wp\/v2\/product_cat?post=3271"},{"taxonomy":"product_tag","embeddable":true,"href":"https:\/\/ledrhythm.com\/de\/wp-json\/wp\/v2\/product_tag?post=3271"}],"curies":[{"name":"wp","href":"https:\/\/api.w.org\/{rel}","templated":true}]}}