{"id":3266,"date":"2025-03-28T07:37:31","date_gmt":"2025-03-28T07:37:31","guid":{"rendered":"https:\/\/ledrhythm.com\/products\/40w60w80w100w120w-1200mm-anticorrosive-led-tri-proof-light-suppiler-in-china"},"modified":"2025-11-13T07:09:47","modified_gmt":"2025-11-13T07:09:47","slug":"2-4ft-vapor-proof-light-fixture-motion-sensor","status":"publish","type":"product","link":"https:\/\/ledrhythm.com\/de\/product\/2-4ft-vapor-proof-light-fixture-motion-sensor","title":{"rendered":"2\/4\/5ft LED dampfsichere Leuchte mit Bewegungssensor"},"content":{"rendered":"","protected":false},"excerpt":{"rendered":"<p>\"Venus I\" ist eine umfassendere dampfdichte LED-Leuchte. Lineare Designs und verf\u00fcgbar 2, 4, und 5ft L\u00e4nge. IP66\/IP69K wasser- und staubdicht, kann Hochdruckwasserstrahlen widerstehen. Die robuste PC-Abdeckung ist resistent gegen Korrosion durch verschiedene Gase und Fl\u00fcssigkeiten, und in Kombination mit der ausgezeichneten W\u00e4rmeableitung der hinteren Abdeckung aus einer Aluminiumlegierung bildet sie eine vollst\u00e4ndig abgedichtete Struktur und verf\u00fcgt \u00fcber eine IK10-Sto\u00dffestigkeit.<\/p>\n<p>Maximale Leistung von 150W, daher auch als dampfdichtes LED-Licht mit hoher Reichweite bezeichnet, das auch in gro\u00dfen, rauen Umgebungen eine stabile, hohe Lichtleistung, gleichm\u00e4\u00dfiges Licht und geringe Blendung bietet. Unterst\u00fctzt intelligent <a href=\"https:\/\/ledrhythm.com\/de\/news\/motion-sensor-lights-and-security-light.html\/\" target=\"_blank\" rel=\"noopener\">Bewegungsmelder<\/a> und 0-10V Dimmen. Der serienm\u00e4\u00dfige Entl\u00fcfter gleicht den internen und externen Luftdruck aus und verhindert so Kondensation und Dichtungsfehler. Aufger\u00fcstet \"<a href=\"https:\/\/ledrhythm.com\/de\/product\/venus-%e2%85%b0-pro-vapor-tight-led-light-fixture-high-temp-tri-proof-lighting\/\" target=\"_blank\" rel=\"noopener\">Venus Pro<\/a>\"Sie halten Umgebungstemperaturen von bis zu 75\u2103 stand.<\/p>\n<h4>Produktmerkmale<\/h4>\n<ol>\n<li>40W, 60W, 80W, 100W, 120W, 150W<\/li>\n<li>IP66\/IP69K und IK10<\/li>\n<li>Vollst\u00e4ndig abgedichtete, hochfeste Struktur<\/li>\n<li>120\u00b0 Abstrahlwinkel, gleichm\u00e4\u00dfig, blendfrei<\/li>\n<li>Bewegungssensoren &amp; 0-10V Dimmen<\/li>\n<\/ol>","protected":false},"featured_media":6925,"template":"","meta":{"_acf_changed":false,"_kadence_starter_templates_imported_post":false,"_kad_post_transparent":"default","_kad_post_title":"","_kad_post_layout":"default","_kad_post_sidebar_id":"","_kad_post_content_style":"default","_kad_post_vertical_padding":"default","_kad_post_feature":"","_kad_post_feature_position":"","_kad_post_header":false,"_kad_post_footer":false},"product_brand":[],"product_cat":[132],"product_tag":[],"class_list":{"0":"post-3266","1":"product","2":"type-product","3":"status-publish","4":"has-post-thumbnail","6":"product_cat-tri-proof-lighting","8":"first","9":"instock","10":"downloadable","11":"virtual","12":"product-type-simple","13":"entry","14":"content-bg","15":"loop-entry"},"acf":[],"_links":{"self":[{"href":"https:\/\/ledrhythm.com\/de\/wp-json\/wp\/v2\/product\/3266","targetHints":{"allow":["GET"]}}],"collection":[{"href":"https:\/\/ledrhythm.com\/de\/wp-json\/wp\/v2\/product"}],"about":[{"href":"https:\/\/ledrhythm.com\/de\/wp-json\/wp\/v2\/types\/product"}],"wp:featuredmedia":[{"embeddable":true,"href":"https:\/\/ledrhythm.com\/de\/wp-json\/wp\/v2\/media\/6925"}],"wp:attachment":[{"href":"https:\/\/ledrhythm.com\/de\/wp-json\/wp\/v2\/media?parent=3266"}],"wp:term":[{"taxonomy":"product_brand","embeddable":true,"href":"https:\/\/ledrhythm.com\/de\/wp-json\/wp\/v2\/product_brand?post=3266"},{"taxonomy":"product_cat","embeddable":true,"href":"https:\/\/ledrhythm.com\/de\/wp-json\/wp\/v2\/product_cat?post=3266"},{"taxonomy":"product_tag","embeddable":true,"href":"https:\/\/ledrhythm.com\/de\/wp-json\/wp\/v2\/product_tag?post=3266"}],"curies":[{"name":"wp","href":"https:\/\/api.w.org\/{rel}","templated":true}]}}