{"id":3261,"date":"2025-03-28T07:37:21","date_gmt":"2025-03-28T07:37:21","guid":{"rendered":"https:\/\/ledrhythm.com\/products\/20w30w40w-high-temperature-and-low-bay-lighting-solutions"},"modified":"2026-03-10T08:13:00","modified_gmt":"2026-03-10T08:13:00","slug":"venus-%e2%85%b0-pro-vapor-tight-led-light-fixture-high-temp-tri-proof-lighting","status":"publish","type":"product","link":"https:\/\/ledrhythm.com\/de\/product\/venus-%e2%85%b0-pro-vapor-tight-led-light-fixture-high-temp-tri-proof-lighting","title":{"rendered":"75\u2103 Lineare dampfdichte Hochtemperatur-LED-Leuchte"},"content":{"rendered":"","protected":false},"excerpt":{"rendered":"<p>Dies ist eine dampfdichte LED-Leuchte, die Umgebungstemperaturen von 75 \u00b0C standhalten kann. Das Leuchtengeh\u00e4use ist extrem robust und hat eine hervorragende W\u00e4rmeableitung, es verf\u00fcgt \u00fcber mehrere Schutzarten, einschlie\u00dflich IP66\/IP69K &amp; IK10 und ist korrosionsbest\u00e4ndig. Die Verwendung einer hitzebest\u00e4ndigeren Antriebsleistung ist der Schl\u00fcssel zur Gew\u00e4hrleistung einer langfristigen Stabilit\u00e4t in Hochtemperaturbereichen. Er wurde f\u00fcr eine lange Lebensdauer, geringen Wartungsaufwand und hohe Effizienz in rauen Umgebungen entwickelt. 2\/4ft lineares Design macht es vorteilhafter als <a href=\"https:\/\/ledrhythm.com\/de\/product\/diamond-industrial-led-high-bay-lighting-75-high-temp-lights\/\" target=\"_blank\" rel=\"noopener\">Hochtemperatur-Hochregaltypen<\/a> auf kleinem Raum, W\u00e4rme. Optionale Deckenmontage oder Aufh\u00e4ngung, weit verbreitet in industriellen und gewerblichen Bereichen.<\/p>\n<h4>Produktmerkmale<\/h4>\n<ol>\n<li>40W, 60W, 75W, 100W<\/li>\n<li>H\u00e4lt einer Umgebungstemperatur von 75\u2103 stand<\/li>\n<li>Vollst\u00e4ndig versiegelt, dampfdicht<\/li>\n<li>Schutzart IP66\/IP69K &amp; IK10<\/li>\n<li>Hohe Intensit\u00e4t PC &amp; stranggepresstes Aluminium<\/li>\n<li>0-10V dimmbar<\/li>\n<\/ol>","protected":false},"featured_media":6928,"template":"","meta":{"_acf_changed":false,"_kadence_starter_templates_imported_post":false,"_kad_post_transparent":"default","_kad_post_title":"","_kad_post_layout":"default","_kad_post_sidebar_id":"","_kad_post_content_style":"default","_kad_post_vertical_padding":"default","_kad_post_feature":"","_kad_post_feature_position":"","_kad_post_header":false,"_kad_post_footer":false},"product_brand":[],"product_cat":[132,145],"product_tag":[],"class_list":{"0":"post-3261","1":"product","2":"type-product","3":"status-publish","4":"has-post-thumbnail","6":"product_cat-tri-proof-lighting","7":"product_cat-high-temp-lighting","9":"first","10":"instock","11":"downloadable","12":"virtual","13":"product-type-simple","14":"entry","15":"content-bg","16":"loop-entry"},"acf":[],"_links":{"self":[{"href":"https:\/\/ledrhythm.com\/de\/wp-json\/wp\/v2\/product\/3261","targetHints":{"allow":["GET"]}}],"collection":[{"href":"https:\/\/ledrhythm.com\/de\/wp-json\/wp\/v2\/product"}],"about":[{"href":"https:\/\/ledrhythm.com\/de\/wp-json\/wp\/v2\/types\/product"}],"wp:featuredmedia":[{"embeddable":true,"href":"https:\/\/ledrhythm.com\/de\/wp-json\/wp\/v2\/media\/6928"}],"wp:attachment":[{"href":"https:\/\/ledrhythm.com\/de\/wp-json\/wp\/v2\/media?parent=3261"}],"wp:term":[{"taxonomy":"product_brand","embeddable":true,"href":"https:\/\/ledrhythm.com\/de\/wp-json\/wp\/v2\/product_brand?post=3261"},{"taxonomy":"product_cat","embeddable":true,"href":"https:\/\/ledrhythm.com\/de\/wp-json\/wp\/v2\/product_cat?post=3261"},{"taxonomy":"product_tag","embeddable":true,"href":"https:\/\/ledrhythm.com\/de\/wp-json\/wp\/v2\/product_tag?post=3261"}],"curies":[{"name":"wp","href":"https:\/\/api.w.org\/{rel}","templated":true}]}}