{"id":3256,"date":"2025-03-28T07:37:15","date_gmt":"2025-03-28T07:37:15","guid":{"rendered":"https:\/\/ledrhythm.com\/products\/led-high-bay-lights-brightening-industrial-warehouses"},"modified":"2025-11-08T09:04:50","modified_gmt":"2025-11-08T09:04:50","slug":"round-best-ufo-led-high-bay-lights-high-light-efficiency","status":"publish","type":"product","link":"https:\/\/ledrhythm.com\/de\/product\/round-best-ufo-led-high-bay-lights-high-light-efficiency","title":{"rendered":"Bestes UFO High Bay LED Licht mit Entl\u00fcfter und Bewegungssensor"},"content":{"rendered":"","protected":false},"excerpt":{"rendered":"<p>Diese UFO-LED-Hochregallampe verf\u00fcgt \u00fcber ein stromlinienf\u00f6rmiges, hohles Design und ein hochfestes Geh\u00e4use aus Aluminiumdruckguss. Seine einzigartige Lamellenstruktur erleichtert den Luftstrom und verbessert die W\u00e4rmeableitung und erm\u00f6glicht flexible Optionen f\u00fcr h\u00e4ngende oder U-B\u00fcgel-Installation. Ausgestattet <a href=\"https:\/\/ledrhythm.com\/de\/news\/motion-sensor-lights-and-security-light.html\/\" target=\"_blank\" rel=\"noopener\">Bewegungsmelder<\/a>Intelligente Dimmung und eine Lichtausbeute von 180 lm\/W bei gleichzeitiger Gew\u00e4hrleistung einer kohlenstoffarmen, energiesparenden Beleuchtung; Ausgestattet mit einem Entl\u00fcfter, um Kondensation in Umgebungen mit niedrigen Temperaturen zu verhindern und den Luftdruck auszugleichen. Bietet eine matte Acrylabdeckung mit hoher Lichtdurchl\u00e4ssigkeit, um Blendung effektiv zu reduzieren, weit verbreitet in der industriellen Innenbeleuchtung, wie z. B. in Lagerh\u00e4usern, <a href=\"https:\/\/ledrhythm.com\/de\/led-factory-lights\/\" target=\"_blank\" rel=\"noopener\">Fabriken<\/a> und <a href=\"https:\/\/ledrhythm.com\/de\/led-lights-for-walk-in-coolers-freezers\/\" target=\"_blank\" rel=\"noopener\">begehbare K\u00fchlschr\u00e4nke<\/a>.<\/p>\n<h4>Produktmerkmale<\/h4>\n<ol>\n<li>60, 80W, 100W, 120W, 150W, 180W, 240W<\/li>\n<li>Lichtausbeute bis zu 180lm\/W<\/li>\n<li>W\u00e4rmeabgabefl\u00e4che bei 25%<\/li>\n<li>Stabiler Betrieb bei -40\u2103 bis -45\u2103<\/li>\n<li>Blendfrei, hohe Farbwiedergabe, hervorragende Beleuchtung<\/li>\n<li>0-10V Dimmen und automatische Erkennung<\/li>\n<\/ol>","protected":false},"featured_media":6862,"template":"","meta":{"_acf_changed":false,"_kadence_starter_templates_imported_post":false,"_kad_post_transparent":"default","_kad_post_title":"","_kad_post_layout":"default","_kad_post_sidebar_id":"","_kad_post_content_style":"default","_kad_post_vertical_padding":"default","_kad_post_feature":"","_kad_post_feature_position":"","_kad_post_header":false,"_kad_post_footer":false},"product_brand":[],"product_cat":[41],"product_tag":[],"class_list":{"0":"post-3256","1":"product","2":"type-product","3":"status-publish","4":"has-post-thumbnail","6":"product_cat-high-bay-lighting","8":"first","9":"instock","10":"downloadable","11":"virtual","12":"product-type-simple","13":"entry","14":"content-bg","15":"loop-entry"},"acf":[],"_links":{"self":[{"href":"https:\/\/ledrhythm.com\/de\/wp-json\/wp\/v2\/product\/3256","targetHints":{"allow":["GET"]}}],"collection":[{"href":"https:\/\/ledrhythm.com\/de\/wp-json\/wp\/v2\/product"}],"about":[{"href":"https:\/\/ledrhythm.com\/de\/wp-json\/wp\/v2\/types\/product"}],"wp:featuredmedia":[{"embeddable":true,"href":"https:\/\/ledrhythm.com\/de\/wp-json\/wp\/v2\/media\/6862"}],"wp:attachment":[{"href":"https:\/\/ledrhythm.com\/de\/wp-json\/wp\/v2\/media?parent=3256"}],"wp:term":[{"taxonomy":"product_brand","embeddable":true,"href":"https:\/\/ledrhythm.com\/de\/wp-json\/wp\/v2\/product_brand?post=3256"},{"taxonomy":"product_cat","embeddable":true,"href":"https:\/\/ledrhythm.com\/de\/wp-json\/wp\/v2\/product_cat?post=3256"},{"taxonomy":"product_tag","embeddable":true,"href":"https:\/\/ledrhythm.com\/de\/wp-json\/wp\/v2\/product_tag?post=3256"}],"curies":[{"name":"wp","href":"https:\/\/api.w.org\/{rel}","templated":true}]}}