{"id":3251,"date":"2025-03-28T07:37:09","date_gmt":"2025-03-28T07:37:09","guid":{"rendered":"https:\/\/ledrhythm.com\/products\/how-much-does-a-smart-street-light-cost"},"modified":"2025-12-05T08:55:10","modified_gmt":"2025-12-05T08:55:10","slug":"smart-outdoor-led-street-light-for-40-300w","status":"publish","type":"product","link":"https:\/\/ledrhythm.com\/de\/product\/smart-outdoor-led-street-light-for-40-300w","title":{"rendered":"Intelligente LED-Stra\u00dfenleuchte f\u00fcr 40W-300W im Freien"},"content":{"rendered":"","protected":false},"excerpt":{"rendered":"<p>\"Mond\u2162\" Outdoor-Smart <a href=\"https:\/\/ledrhythm.com\/de\/categories\/led-street-lights\/\" target=\"_blank\" rel=\"noopener\">LED-Stra\u00dfenlampe<\/a> ist das innovativste und langlebigste Produkt in unserer <a href=\"https:\/\/ledrhythm.com\/de\/led-public-lighting\/\" target=\"_blank\" rel=\"noopener\">\u00f6ffentliche Beleuchtung<\/a>. Die Leuchte kann mit einer Fotozelle und NEMA\/Zhaga-Steckdosen an der Oberseite ausgestattet werden, was eine intelligente Steuerung wie Dimmen und automatischen Sensor erm\u00f6glicht. Das Aluminiumdruckgussmaterial mit Korrosionsschutzbeschichtung widersteht problemlos verschiedenen rauen Wetterbedingungen im Freien. Die glatte Oberfl\u00e4che verhindert die Ansammlung von Staub, Insekten und Bl\u00e4ttern. Das Snap-on-Design erm\u00f6glicht ein werkzeugloses \u00d6ffnen der hinteren Abdeckung zur Inspektion. CCT von 1800-2200K ist verf\u00fcgbar, was sie tierfreundlicher macht. Mehrere pr\u00e4zise Lichtverteilungswinkel f\u00fcr verschiedene Bereiche oder <a href=\"https:\/\/ledrhythm.com\/de\/led-street-roadway-lighting\/\" target=\"_blank\" rel=\"noopener\">Fahrbahnbeleuchtung<\/a> Bed\u00fcrfnisse.<\/p>\n<h4>Produktmerkmale<\/h4>\n<ol>\n<li>40W, 60W, 80W, 100W, 120W, 150W, 200W, 240W, 300W<\/li>\n<li>Lichtschranke, NEMA-Steckdose und Zhaga-Steckdose optional<\/li>\n<li>IP66, IK09, 10KV\/20KV \u00dcberspannungsschutz<\/li>\n<li>Korrosionsbest\u00e4ndige Pulverbeschichtung mit einer Mindestst\u00e4rke von 3 mm<\/li>\n<li>Der Montagesockel unterst\u00fctzt sowohl horizontale als auch vertikale<\/li>\n<\/ol>","protected":false},"featured_media":6923,"template":"","meta":{"_acf_changed":false,"_kadence_starter_templates_imported_post":false,"_kad_post_transparent":"default","_kad_post_title":"","_kad_post_layout":"default","_kad_post_sidebar_id":"","_kad_post_content_style":"default","_kad_post_vertical_padding":"default","_kad_post_feature":"","_kad_post_feature_position":"","_kad_post_header":false,"_kad_post_footer":false},"product_brand":[],"product_cat":[44,148],"product_tag":[],"class_list":{"0":"post-3251","1":"product","2":"type-product","3":"status-publish","4":"has-post-thumbnail","6":"product_cat-led-post-top-lights","7":"product_cat-led-street-lights","9":"first","10":"instock","11":"downloadable","12":"virtual","13":"product-type-simple","14":"entry","15":"content-bg","16":"loop-entry"},"acf":[],"_links":{"self":[{"href":"https:\/\/ledrhythm.com\/de\/wp-json\/wp\/v2\/product\/3251","targetHints":{"allow":["GET"]}}],"collection":[{"href":"https:\/\/ledrhythm.com\/de\/wp-json\/wp\/v2\/product"}],"about":[{"href":"https:\/\/ledrhythm.com\/de\/wp-json\/wp\/v2\/types\/product"}],"wp:featuredmedia":[{"embeddable":true,"href":"https:\/\/ledrhythm.com\/de\/wp-json\/wp\/v2\/media\/6923"}],"wp:attachment":[{"href":"https:\/\/ledrhythm.com\/de\/wp-json\/wp\/v2\/media?parent=3251"}],"wp:term":[{"taxonomy":"product_brand","embeddable":true,"href":"https:\/\/ledrhythm.com\/de\/wp-json\/wp\/v2\/product_brand?post=3251"},{"taxonomy":"product_cat","embeddable":true,"href":"https:\/\/ledrhythm.com\/de\/wp-json\/wp\/v2\/product_cat?post=3251"},{"taxonomy":"product_tag","embeddable":true,"href":"https:\/\/ledrhythm.com\/de\/wp-json\/wp\/v2\/product_tag?post=3251"}],"curies":[{"name":"wp","href":"https:\/\/api.w.org\/{rel}","templated":true}]}}