{"id":3246,"date":"2025-03-28T07:37:01","date_gmt":"2025-03-28T07:37:01","guid":{"rendered":"https:\/\/ledrhythm.com\/products\/project-specific-led-garden-lights"},"modified":"2025-12-06T08:44:05","modified_gmt":"2025-12-06T08:44:05","slug":"modern-outdoor-led-post-light-pole-hoisting","status":"publish","type":"product","link":"https:\/\/ledrhythm.com\/de\/product\/modern-outdoor-led-post-light-pole-hoisting","title":{"rendered":"Moderne LED-Mastleuchte f\u00fcr den Au\u00dfenbereich zur Mastmontage und zum Heben"},"content":{"rendered":"","protected":false},"excerpt":{"rendered":"<p>Die LED-Mastleuchte f\u00fcr den Au\u00dfenbereich zeichnet sich durch ein modernes und minimalistisches Design aus und unterst\u00fctzt vier verschiedene Installationsmethoden, die den Anwendungsbereich optisch ansprechend gestalten k\u00f6nnen. Wir kontrollieren streng die Lichtprojektion nach unten und bieten drei w\u00e4hlbare Abstrahlwinkel, um Lichtverschmutzung zu vermeiden und eine gleichm\u00e4\u00dfige und weiche Gesamtabdeckung zu erreichen. Die aus Aluminiumdruckguss gefertigten Leuchten bieten eine hervorragende W\u00e4rmeableitung und die Schutzart IP66\/IK08, die sie effektiv vor Staub, Wasser und Korrosion sch\u00fctzt. Mit einer Leistung von 20W bis 100W sind sie eine gute Wahl sowohl f\u00fcr die Landschaftsbeleuchtung als auch f\u00fcr die funktionale Stra\u00dfenbeleuchtung.<\/p>\n<h4>Produktmerkmale<\/h4>\n<ol>\n<li>20W,30W,40W,50W,60W,80W,100W<\/li>\n<li>Geh\u00e4use aus Aluminium-Druckgu\u00df<\/li>\n<li>Installation von 3 Lichtmasten und 1 Hebezeug<\/li>\n<li>10 \/20KV \u00dcberspannungsschutz, IP66\/IK08<\/li>\n<li>0-10V Dimmen optional<\/li>\n<li>Korrosionsschutz, pr\u00e4zise Lichtsteuerung, geringe Blendung<\/li>\n<\/ol>","protected":false},"featured_media":7098,"template":"","meta":{"_acf_changed":false,"_kadence_starter_templates_imported_post":false,"_kad_post_transparent":"default","_kad_post_title":"","_kad_post_layout":"default","_kad_post_sidebar_id":"","_kad_post_content_style":"default","_kad_post_vertical_padding":"default","_kad_post_feature":"","_kad_post_feature_position":"","_kad_post_header":false,"_kad_post_footer":false},"product_brand":[],"product_cat":[44],"product_tag":[],"class_list":{"0":"post-3246","1":"product","2":"type-product","3":"status-publish","4":"has-post-thumbnail","6":"product_cat-led-post-top-lights","8":"first","9":"instock","10":"downloadable","11":"virtual","12":"product-type-simple","13":"entry","14":"content-bg","15":"loop-entry"},"acf":[],"_links":{"self":[{"href":"https:\/\/ledrhythm.com\/de\/wp-json\/wp\/v2\/product\/3246","targetHints":{"allow":["GET"]}}],"collection":[{"href":"https:\/\/ledrhythm.com\/de\/wp-json\/wp\/v2\/product"}],"about":[{"href":"https:\/\/ledrhythm.com\/de\/wp-json\/wp\/v2\/types\/product"}],"wp:featuredmedia":[{"embeddable":true,"href":"https:\/\/ledrhythm.com\/de\/wp-json\/wp\/v2\/media\/7098"}],"wp:attachment":[{"href":"https:\/\/ledrhythm.com\/de\/wp-json\/wp\/v2\/media?parent=3246"}],"wp:term":[{"taxonomy":"product_brand","embeddable":true,"href":"https:\/\/ledrhythm.com\/de\/wp-json\/wp\/v2\/product_brand?post=3246"},{"taxonomy":"product_cat","embeddable":true,"href":"https:\/\/ledrhythm.com\/de\/wp-json\/wp\/v2\/product_cat?post=3246"},{"taxonomy":"product_tag","embeddable":true,"href":"https:\/\/ledrhythm.com\/de\/wp-json\/wp\/v2\/product_tag?post=3246"}],"curies":[{"name":"wp","href":"https:\/\/api.w.org\/{rel}","templated":true}]}}