{"id":3236,"date":"2025-03-28T07:36:47","date_gmt":"2025-03-28T07:36:47","guid":{"rendered":"https:\/\/ledrhythm.com\/products\/wholesale-led-high-bay-lights"},"modified":"2025-11-17T05:41:36","modified_gmt":"2025-11-17T05:41:36","slug":"high-bay-led-light-for-commercial-industrial","status":"publish","type":"product","link":"https:\/\/ledrhythm.com\/de\/product\/high-bay-led-light-for-commercial-industrial","title":{"rendered":"Intelligentes LED-Hallenstrahlerlicht f\u00fcr Gewerbe und Industrie"},"content":{"rendered":"","protected":false},"excerpt":{"rendered":"<p>Dies ist eine intelligente und vielseitige UFO runde LED-Hallenleuchte. CCT kann zwischen 3000K-5000K eingestellt werden, und die Leistung kann zwischen 0 und Maximum eingestellt werden. Ausgestattet mit <a href=\"https:\/\/ledrhythm.com\/de\/news\/motion-sensor-lights-and-security-light.html\/\" target=\"_blank\" rel=\"noopener\">intelligenter Bewegungssensor<\/a> f\u00fcr weitere Energieeinsparungen. Die hocheffiziente Version kann eine Leistung von bis zu 200 lm\/W liefern. Kann an die Notstromversorgung angeschlossen werden, um nach einem Stromausfall eine Notbeleuchtung zu gew\u00e4hrleisten. Kann auch verwendet werden in <a href=\"https:\/\/ledrhythm.com\/de\/led-lights-for-walk-in-coolers-freezers\/\" target=\"_blank\" rel=\"noopener\">begehbare Gefrierschr\u00e4nke Beleuchtung<\/a> mit bis zu -40\u00b0C. Dar\u00fcber hinaus kann das Hochregallicht nach oben gerichtet werden, wodurch eine indirekte Beleuchtung durch Deckenreflexion mit extrem geringer Blendung erreicht wird, was einen erheblichen Vorteil f\u00fcr Innenr\u00e4ume darstellt. <a href=\"https:\/\/ledrhythm.com\/de\/led-sports-lighting\/\" target=\"_blank\" rel=\"noopener\">Sportbeleuchtung<\/a>.<\/p>\n<p>Alle diese Merkmale sind w\u00e4hlbar und unterst\u00fctzen H\u00e4nge-, Aufbau- und B\u00fcgelmontage, Schutzart IP66 und einen Farbwiedergabeindex von 80+. Sie erf\u00fcllen die Beleuchtungsanforderungen verschiedener industrieller und kommerzieller Anwendungen.<\/p>\n<h4>Produktmerkmale<\/h4>\n<ol>\n<li>80W,100W,120W,150W,200W,240W<\/li>\n<li>Wabenf\u00f6rmige W\u00e4rmeableitungsstruktur, gut<\/li>\n<li>Mehrere Ausstrahlungswinkel, diffuse Reflexion, geringe Blendung<\/li>\n<li>Optionen f\u00fcr Bewegungssensor, Notstromversorgung und ultraniedrige Temperaturen<\/li>\n<li>0-10V Dimmen, Leistung und Farbtemperatur sind ebenfalls einstellbar<\/li>\n<\/ol>","protected":false},"featured_media":9552,"template":"","meta":{"_acf_changed":false,"_kadence_starter_templates_imported_post":false,"_kad_post_transparent":"default","_kad_post_title":"","_kad_post_layout":"default","_kad_post_sidebar_id":"","_kad_post_content_style":"default","_kad_post_vertical_padding":"default","_kad_post_feature":"","_kad_post_feature_position":"","_kad_post_header":false,"_kad_post_footer":false},"product_brand":[],"product_cat":[41],"product_tag":[],"class_list":{"0":"post-3236","1":"product","2":"type-product","3":"status-publish","4":"has-post-thumbnail","6":"product_cat-high-bay-lighting","8":"first","9":"instock","10":"downloadable","11":"virtual","12":"product-type-simple","13":"entry","14":"content-bg","15":"loop-entry"},"acf":[],"_links":{"self":[{"href":"https:\/\/ledrhythm.com\/de\/wp-json\/wp\/v2\/product\/3236","targetHints":{"allow":["GET"]}}],"collection":[{"href":"https:\/\/ledrhythm.com\/de\/wp-json\/wp\/v2\/product"}],"about":[{"href":"https:\/\/ledrhythm.com\/de\/wp-json\/wp\/v2\/types\/product"}],"wp:featuredmedia":[{"embeddable":true,"href":"https:\/\/ledrhythm.com\/de\/wp-json\/wp\/v2\/media\/9552"}],"wp:attachment":[{"href":"https:\/\/ledrhythm.com\/de\/wp-json\/wp\/v2\/media?parent=3236"}],"wp:term":[{"taxonomy":"product_brand","embeddable":true,"href":"https:\/\/ledrhythm.com\/de\/wp-json\/wp\/v2\/product_brand?post=3236"},{"taxonomy":"product_cat","embeddable":true,"href":"https:\/\/ledrhythm.com\/de\/wp-json\/wp\/v2\/product_cat?post=3236"},{"taxonomy":"product_tag","embeddable":true,"href":"https:\/\/ledrhythm.com\/de\/wp-json\/wp\/v2\/product_tag?post=3236"}],"curies":[{"name":"wp","href":"https:\/\/api.w.org\/{rel}","templated":true}]}}