{"id":3231,"date":"2025-03-28T07:36:42","date_gmt":"2025-03-28T07:36:42","guid":{"rendered":"https:\/\/ledrhythm.com\/products\/ugr"},"modified":"2025-11-25T07:06:21","modified_gmt":"2025-11-25T07:06:21","slug":"linear-low-bay-led-light-low-glare","status":"publish","type":"product","link":"https:\/\/ledrhythm.com\/de\/product\/linear-low-bay-led-light-low-glare","title":{"rendered":"Industrielle und kommerzielle 4ft LED-Linearleuchte"},"content":{"rendered":"","protected":false},"excerpt":{"rendered":"<p>Die Struktur besteht aus linearem Blech und hat eine L\u00e4nge von etwa 4 Fu\u00df (3,8 ft). Sie bietet eine hohe Lichtausbeute, mit einer Leistung von 80-150W, und kann sowohl f\u00fcr hohe als auch f\u00fcr niedrige Hallenbeleuchtung verwendet werden. Sie ist mit drei Lichtverteilungsmethoden ausgestattet: Diffusionsplatte, Blendschutzplatte und Linse, die eine pr\u00e4zise Lichtsteuerung erm\u00f6glichen, Blendeffekte effektiv filtern und ein gleichm\u00e4\u00dfiges, weiches Licht erzeugen, um unterschiedliche Beleuchtungsanforderungen zu erf\u00fcllen. Alle drei Methoden k\u00f6nnen mit Anti-Kollisionsgittern ausgestattet werden, um vor B\u00e4llen zu sch\u00fctzen.<\/p>\n<p>Die Installation ist einfach und unterst\u00fctzt das Splei\u00dfen mehrerer Module. Sie eignet sich f\u00fcr verschiedene industrielle und kommerzielle Anwendungen der linearen LED-Beleuchtung, wie z. B. <a href=\"https:\/\/ledrhythm.com\/de\/led-sports-lighting\/\" target=\"_blank\" rel=\"noopener\">Sportpl\u00e4tze<\/a>Lagerh\u00e4user, und <a href=\"https:\/\/ledrhythm.com\/de\/led-garage-lighting\/\" target=\"_blank\" rel=\"noopener\">Garagen<\/a>, usw.<\/p>\n<h4>Produktmerkmale<\/h4>\n<ol>\n<li>80W, 100W, 120W, 150W<\/li>\n<li>Lichtausbeute bis zu 170lm\/W<\/li>\n<li>Weiches Licht, geringe Blendung, IK08-Kollisionsschutz<\/li>\n<li>Optionale Diffusorplatte, Blendschutzplatte und Linse<\/li>\n<li>0-10V dimmbar<\/li>\n<\/ol>","protected":false},"featured_media":6866,"template":"","meta":{"_acf_changed":false,"_kadence_starter_templates_imported_post":false,"_kad_post_transparent":"default","_kad_post_title":"","_kad_post_layout":"default","_kad_post_sidebar_id":"","_kad_post_content_style":"default","_kad_post_vertical_padding":"default","_kad_post_feature":"","_kad_post_feature_position":"","_kad_post_header":false,"_kad_post_footer":false},"product_brand":[],"product_cat":[131],"product_tag":[],"class_list":{"0":"post-3231","1":"product","2":"type-product","3":"status-publish","4":"has-post-thumbnail","6":"product_cat-linear-lighting","8":"first","9":"instock","10":"downloadable","11":"virtual","12":"product-type-simple","13":"entry","14":"content-bg","15":"loop-entry"},"acf":[],"_links":{"self":[{"href":"https:\/\/ledrhythm.com\/de\/wp-json\/wp\/v2\/product\/3231","targetHints":{"allow":["GET"]}}],"collection":[{"href":"https:\/\/ledrhythm.com\/de\/wp-json\/wp\/v2\/product"}],"about":[{"href":"https:\/\/ledrhythm.com\/de\/wp-json\/wp\/v2\/types\/product"}],"wp:featuredmedia":[{"embeddable":true,"href":"https:\/\/ledrhythm.com\/de\/wp-json\/wp\/v2\/media\/6866"}],"wp:attachment":[{"href":"https:\/\/ledrhythm.com\/de\/wp-json\/wp\/v2\/media?parent=3231"}],"wp:term":[{"taxonomy":"product_brand","embeddable":true,"href":"https:\/\/ledrhythm.com\/de\/wp-json\/wp\/v2\/product_brand?post=3231"},{"taxonomy":"product_cat","embeddable":true,"href":"https:\/\/ledrhythm.com\/de\/wp-json\/wp\/v2\/product_cat?post=3231"},{"taxonomy":"product_tag","embeddable":true,"href":"https:\/\/ledrhythm.com\/de\/wp-json\/wp\/v2\/product_tag?post=3231"}],"curies":[{"name":"wp","href":"https:\/\/api.w.org\/{rel}","templated":true}]}}