{"id":3212,"date":"2025-03-28T07:36:07","date_gmt":"2025-03-28T07:36:07","guid":{"rendered":"https:\/\/ledrhythm.com\/products\/professional-sports-mid-and-low-pole-lighting"},"modified":"2025-11-27T09:00:47","modified_gmt":"2025-11-27T09:00:47","slug":"slim-outside-led-flood-light","status":"publish","type":"product","link":"https:\/\/ledrhythm.com\/de\/product\/slim-outside-led-flood-light","title":{"rendered":"100W-400W schlankes kommerzielles LED-Flutlicht"},"content":{"rendered":"","protected":false},"excerpt":{"rendered":"<p>Das kommerzielle LED-Flutlicht ist aus schlankem Aluminiumdruckguss gefertigt, verf\u00fcgt aber dennoch \u00fcber eine gro\u00dfe Fl\u00e4che von Aluminium-W\u00e4rmeableitungsrippen, um die w\u00e4hrend des Betriebs entstehende W\u00e4rme schnell abzuf\u00fchren. Er hat eine Leistung von 100-400W, bietet zwei Lichtverteilungsmethoden: Reflektorbecher und Linse und w\u00e4hlt mehrere Abstrahlwinkel, was eine sehr pr\u00e4zise Steuerung des Lichts erm\u00f6glicht und eine hohe Gleichm\u00e4\u00dfigkeit und weiches Licht gew\u00e4hrleistet. Sie ist ideal f\u00fcr Szenarien mit hohen Anforderungen an die Beleuchtungsqualit\u00e4t, z. B. <a href=\"https:\/\/ledrhythm.com\/de\/led-sports-lighting\/\" target=\"_blank\" rel=\"noopener\">Sportbeleuchtung<\/a> oder kommerziell <a href=\"https:\/\/ledrhythm.com\/de\/led-area-lights\/\" target=\"_blank\" rel=\"noopener\">Fl\u00e4chenbeleuchtung<\/a>. Die verstellbare Halterung ist mit einer Skala ausgestattet, die eine pr\u00e4zise Einstellung des Beleuchtungswinkels erm\u00f6glicht, um Lichtverschwendung zu vermeiden.<\/p>\n<h4>Produktmerkmale<\/h4>\n<ol>\n<li>100W, 200W, 300W, 400W<\/li>\n<li>0-10V\/DALI 2 Dimmen<\/li>\n<li>IP66, 10KV \u00dcberspannungsschutz<\/li>\n<li>Hohe Effizienz und 50.000+ Stunden Lebensdauer<\/li>\n<li>Schlankes Design, hochfester Aluminium-Druckguss<\/li>\n<li>Mehrere asymmetrische optische Designs reduzieren Blendung und Streulicht.<\/li>\n<\/ol>","protected":false},"featured_media":6919,"template":"","meta":{"_acf_changed":false,"_kadence_starter_templates_imported_post":false,"_kad_post_transparent":"default","_kad_post_title":"","_kad_post_layout":"default","_kad_post_sidebar_id":"","_kad_post_content_style":"default","_kad_post_vertical_padding":"default","_kad_post_feature":"","_kad_post_feature_position":"","_kad_post_header":false,"_kad_post_footer":false},"product_brand":[],"product_cat":[42],"product_tag":[],"class_list":{"0":"post-3212","1":"product","2":"type-product","3":"status-publish","4":"has-post-thumbnail","6":"product_cat-flood-lighting","8":"first","9":"instock","10":"downloadable","11":"virtual","12":"product-type-simple","13":"entry","14":"content-bg","15":"loop-entry"},"acf":[],"_links":{"self":[{"href":"https:\/\/ledrhythm.com\/de\/wp-json\/wp\/v2\/product\/3212","targetHints":{"allow":["GET"]}}],"collection":[{"href":"https:\/\/ledrhythm.com\/de\/wp-json\/wp\/v2\/product"}],"about":[{"href":"https:\/\/ledrhythm.com\/de\/wp-json\/wp\/v2\/types\/product"}],"wp:featuredmedia":[{"embeddable":true,"href":"https:\/\/ledrhythm.com\/de\/wp-json\/wp\/v2\/media\/6919"}],"wp:attachment":[{"href":"https:\/\/ledrhythm.com\/de\/wp-json\/wp\/v2\/media?parent=3212"}],"wp:term":[{"taxonomy":"product_brand","embeddable":true,"href":"https:\/\/ledrhythm.com\/de\/wp-json\/wp\/v2\/product_brand?post=3212"},{"taxonomy":"product_cat","embeddable":true,"href":"https:\/\/ledrhythm.com\/de\/wp-json\/wp\/v2\/product_cat?post=3212"},{"taxonomy":"product_tag","embeddable":true,"href":"https:\/\/ledrhythm.com\/de\/wp-json\/wp\/v2\/product_tag?post=3212"}],"curies":[{"name":"wp","href":"https:\/\/api.w.org\/{rel}","templated":true}]}}