{"id":3199,"date":"2025-03-28T07:35:40","date_gmt":"2025-03-28T07:35:40","guid":{"rendered":"https:\/\/ledrhythm.com\/products\/perfect-beam-angle-led-sports-flood-light"},"modified":"2025-12-01T09:08:42","modified_gmt":"2025-12-01T09:08:42","slug":"big-exterior-dimmable-led-flood-lights","status":"publish","type":"product","link":"https:\/\/ledrhythm.com\/de\/product\/big-exterior-dimmable-led-flood-lights","title":{"rendered":"Outdoor Big LED Flutlicht - 60W pro Modul"},"content":{"rendered":"","protected":false},"excerpt":{"rendered":"<p>Modulares Lichtquellen-Design, ein Modul ist 60W, mit einer Leistung von 120W bis 600W. All-Aluminium-Struktur, ist wahre gro\u00dfe LED-Flutlicht, die gr\u00f6\u00dfere W\u00e4rmeableitung Raum. Und ausgestattet mit unabh\u00e4ngigen Treiber Power-Fach, das erleichtert die Wartung und wird nicht durch die W\u00e4rme durch den LED-Chip erzeugt betroffen. Abschirmung kann effektiv verhindern, dass Licht versch\u00fcttet wird, Lichtverschmutzung zu reduzieren und Blendung zu vermeiden, das Metallgitter sch\u00fctzt die Licht emittierende Oberfl\u00e4che vor St\u00f6\u00dfen, wodurch das Risiko von Sch\u00e4den. Die Halterung kann um 360\u00b0 verstellt werden. Geeignet f\u00fcr die Beleuchtung in <a href=\"https:\/\/ledrhythm.com\/de\/led-stadium-arena-lights\/\" target=\"_blank\" rel=\"noopener\">Stadien<\/a>, <a href=\"https:\/\/ledrhythm.com\/de\/led-parking-lot-lights\/\" target=\"_blank\" rel=\"noopener\">Parkfl\u00e4chen<\/a>und andere gro\u00dfe Au\u00dfenbereiche.<\/p>\n<h4>Produktmerkmale<\/h4>\n<ol>\n<li>120 W, 180 W, 240 W, 360 W, 480 W, 600 W<\/li>\n<li>Sechs Ausstrahlungswinkel, pr\u00e4zise Lichtsteuerung<\/li>\n<li>IP66 &amp; IK08, 10KV \u00dcberspannungsschutz<\/li>\n<li>Optionale Abschirmung und Metallgitter<\/li>\n<li>0-10V &amp; DALI 2 Dimmen<\/li>\n<\/ol>","protected":false},"featured_media":9618,"template":"","meta":{"_acf_changed":false,"_kadence_starter_templates_imported_post":false,"_kad_post_transparent":"default","_kad_post_title":"","_kad_post_layout":"default","_kad_post_sidebar_id":"","_kad_post_content_style":"default","_kad_post_vertical_padding":"default","_kad_post_feature":"","_kad_post_feature_position":"","_kad_post_header":false,"_kad_post_footer":false},"product_brand":[],"product_cat":[42],"product_tag":[],"class_list":{"0":"post-3199","1":"product","2":"type-product","3":"status-publish","4":"has-post-thumbnail","6":"product_cat-flood-lighting","8":"first","9":"instock","10":"downloadable","11":"virtual","12":"product-type-simple","13":"entry","14":"content-bg","15":"loop-entry"},"acf":[],"_links":{"self":[{"href":"https:\/\/ledrhythm.com\/de\/wp-json\/wp\/v2\/product\/3199","targetHints":{"allow":["GET"]}}],"collection":[{"href":"https:\/\/ledrhythm.com\/de\/wp-json\/wp\/v2\/product"}],"about":[{"href":"https:\/\/ledrhythm.com\/de\/wp-json\/wp\/v2\/types\/product"}],"wp:featuredmedia":[{"embeddable":true,"href":"https:\/\/ledrhythm.com\/de\/wp-json\/wp\/v2\/media\/9618"}],"wp:attachment":[{"href":"https:\/\/ledrhythm.com\/de\/wp-json\/wp\/v2\/media?parent=3199"}],"wp:term":[{"taxonomy":"product_brand","embeddable":true,"href":"https:\/\/ledrhythm.com\/de\/wp-json\/wp\/v2\/product_brand?post=3199"},{"taxonomy":"product_cat","embeddable":true,"href":"https:\/\/ledrhythm.com\/de\/wp-json\/wp\/v2\/product_cat?post=3199"},{"taxonomy":"product_tag","embeddable":true,"href":"https:\/\/ledrhythm.com\/de\/wp-json\/wp\/v2\/product_tag?post=3199"}],"curies":[{"name":"wp","href":"https:\/\/api.w.org\/{rel}","templated":true}]}}