{"id":8574,"date":"2025-10-14T08:04:27","date_gmt":"2025-10-14T08:04:27","guid":{"rendered":"https:\/\/ledrhythm.com\/?page_id=8574"},"modified":"2025-10-15T05:12:11","modified_gmt":"2025-10-15T05:12:11","slug":"warranty","status":"publish","type":"page","link":"https:\/\/ledrhythm.com\/de\/warranty","title":{"rendered":"Garantie"},"content":{"rendered":"<div data-elementor-type=\"wp-page\" data-elementor-id=\"8574\" class=\"elementor elementor-8574\" data-elementor-post-type=\"page\">\n\t\t\t\t<div class=\"elementor-element elementor-element-02f366b e-flex e-con-boxed e-con e-parent\" data-id=\"02f366b\" data-element_type=\"container\" data-e-type=\"container\">\n\t\t\t\t\t<div class=\"e-con-inner\">\n\t\t\t\t<div class=\"elementor-element elementor-element-c1b21c1 elementor-widget elementor-widget-heading\" data-id=\"c1b21c1\" data-element_type=\"widget\" data-e-type=\"widget\" data-widget_type=\"heading.default\">\n\t\t\t\t\t<h1 class=\"elementor-heading-title elementor-size-default\">GARANTIE F\u00dcR LEDRHYTHM\u00ae LED-BELEUCHTUNGSK\u00d6RPER<\/h1>\t\t\t\t<\/div>\n\t\t\t\t<div class=\"elementor-element elementor-element-5e99f6d elementor-widget elementor-widget-heading\" data-id=\"5e99f6d\" data-element_type=\"widget\" data-e-type=\"widget\" data-widget_type=\"heading.default\">\n\t\t\t\t\t<h2 class=\"elementor-heading-title elementor-size-default\">Umfang der Garantie<\/h2>\t\t\t\t<\/div>\n\t\t\t\t<div class=\"elementor-element elementor-element-2dcadbc elementor-widget elementor-widget-text-editor\" data-id=\"2dcadbc\" data-element_type=\"widget\" data-e-type=\"widget\" data-widget_type=\"text-editor.default\">\n\t\t\t\t\t\t\t\t\t<p>Diese beschr\u00e4nkte Garantie gilt f\u00fcr alle LED-Beleuchtungsprodukte, die von unserem Unternehmen hergestellt und geliefert werden. Die Garantie deckt Material- und Verarbeitungsfehler unter normalen und angemessenen Installations-, Gebrauchs- und Wartungsbedingungen ab. Die Garantie umfasst die Reparatur oder den Ersatz von Produkten, die nachweislich defekt sind oder von einem Produktionsfehler betroffen sind, der nach dem Urteil des Lieferanten nicht zu beanstanden ist.<\/p>\t\t\t\t\t\t\t\t<\/div>\n\t\t\t\t<div class=\"elementor-element elementor-element-9c88afd elementor-widget elementor-widget-heading\" data-id=\"9c88afd\" data-element_type=\"widget\" data-e-type=\"widget\" data-widget_type=\"heading.default\">\n\t\t\t\t\t<h2 class=\"elementor-heading-title elementor-size-default\">Gew\u00e4hrleistungsfrist<\/h2>\t\t\t\t<\/div>\n\t\t\t\t<div class=\"elementor-element elementor-element-7583589 elementor-widget elementor-widget-text-editor\" data-id=\"7583589\" data-element_type=\"widget\" data-e-type=\"widget\" data-widget_type=\"text-editor.default\">\n\t\t\t\t\t\t\t\t\t<p>Vorbehaltlich der Bestimmungen in den Garantiebedingungen und den nachstehenden Bestimmungen erh\u00e4lt der K\u00e4ufer eine Standardgarantie von 5 Jahren. Ein l\u00e4ngerer Garantiezeitraum ist optional (einige spezielle Produkte werden mit einer anderen Garantiezeit angeboten. Der K\u00e4ufer muss sich mit dem Verk\u00e4ufer in Verbindung setzen). Die Garantiezeit beginnt mit dem Lieferdatum. Jede spezielle Garantiezeit muss im Kaufvertrag angegeben werden.<\/p>\t\t\t\t\t\t\t\t<\/div>\n\t\t\t\t<div class=\"elementor-element elementor-element-92da95a elementor-widget elementor-widget-heading\" data-id=\"92da95a\" data-element_type=\"widget\" data-e-type=\"widget\" data-widget_type=\"heading.default\">\n\t\t\t\t\t<h2 class=\"elementor-heading-title elementor-size-default\">Garantieleistungen<\/h2>\t\t\t\t<\/div>\n\t\t\t\t<div class=\"elementor-element elementor-element-e4b3ce0 elementor-widget elementor-widget-text-editor\" data-id=\"e4b3ce0\" data-element_type=\"widget\" data-e-type=\"widget\" data-widget_type=\"text-editor.default\">\n\t\t\t\t\t\t\t\t\t<p>W\u00e4hrend der Garantiezeit erstreckt sich die Garantie auf die folgenden Komponenten und Funktionen:<\/p><ul><li>LED-Treiber und Leistungsmodule<\/li><li>LED-Chips und Lichtquellenmodule<\/li><li>Optische Linse, Diffusor und Antireflexionskomponenten<\/li><li>Geh\u00e4use, Dichtungsstruktur und Wasserdichtigkeit<\/li><li>Elektrische Leistung einschlie\u00dflich \u00dcberspannungsschutz, Isolationssicherheit und stabile Leistung<\/li><\/ul>\t\t\t\t\t\t\t\t<\/div>\n\t\t\t\t<div class=\"elementor-element elementor-element-c5ce9cb elementor-widget elementor-widget-heading\" data-id=\"c5ce9cb\" data-element_type=\"widget\" data-e-type=\"widget\" data-widget_type=\"heading.default\">\n\t\t\t\t\t<h2 class=\"elementor-heading-title elementor-size-default\">Ausschl\u00fcsse von der Garantie<\/h2>\t\t\t\t<\/div>\n\t\t\t\t<div class=\"elementor-element elementor-element-11e4bf6 elementor-widget elementor-widget-text-editor\" data-id=\"11e4bf6\" data-element_type=\"widget\" data-e-type=\"widget\" data-widget_type=\"text-editor.default\">\n\t\t\t\t\t\t\t\t\t<p>Diese Garantie gilt nicht f\u00fcr Ausf\u00e4lle oder Sch\u00e4den, die durch. Wenn der Schaden durch die folgenden Faktoren verursacht wird, hat LEDRHYTHM das Recht, Wartungskosten zu berechnen:<\/p><ul><li>Das Produkt ist au\u00dferhalb des G\u00fcltigkeitszeitraums der Garantie.\u00a0<\/li><li>Unsachgem\u00e4\u00dfe Installation, Verdrahtung oder Verwendung inkompatibler Steuersysteme oder unsachgem\u00e4\u00dfe Reparaturen an den Produkten.\u00a0<\/li><li>Unerlaubte Ver\u00e4nderung, Demontage oder Verwendung von Nicht-Original-Ersatzteilen<\/li><li>Korrosion oder Besch\u00e4digung durch chemische Einwirkung oder besondere Umgebungsbedingungen ohne vorherige Erkl\u00e4rung<\/li><li>Sch\u00e4den aufgrund h\u00f6herer Gewalt wie Krieg, Unruhen, Sabotage, Wirbelst\u00fcrme, Erdbeben, Flutwellen, \u00dcberschwemmungen, Blitzeinschl\u00e4ge, Explosionen, Feuer, \u00dcberschwemmungen usw.<\/li><\/ul>\t\t\t\t\t\t\t\t<\/div>\n\t\t\t\t<div class=\"elementor-element elementor-element-1d2d4b3 elementor-widget elementor-widget-heading\" data-id=\"1d2d4b3\" data-element_type=\"widget\" data-e-type=\"widget\" data-widget_type=\"heading.default\">\n\t\t\t\t\t<h2 class=\"elementor-heading-title elementor-size-default\">Verantwortlichkeiten der Kunden<\/h2>\t\t\t\t<\/div>\n\t\t\t\t<div class=\"elementor-element elementor-element-dae8cad elementor-widget elementor-widget-text-editor\" data-id=\"dae8cad\" data-element_type=\"widget\" data-e-type=\"widget\" data-widget_type=\"text-editor.default\">\n\t\t\t\t\t\t\t\t\t<p>Um die G\u00fcltigkeit der Garantie zu erhalten, muss der Kunde:<\/p><ul><li>Sicherstellen, dass die Installation gem\u00e4\u00df den offiziellen Installationsrichtlinien und elektrischen Normen erfolgt<\/li><li>Bewahren Sie die Original-Kaufunterlagen (Rechnung\/Liefernachweis) auf.<\/li><li>Geben Sie bei einer Reklamation genaue Fehlerinformationen an, einschlie\u00dflich Modell, Menge, Chargennummer und visuelle Beweise.<\/li><\/ul>\t\t\t\t\t\t\t\t<\/div>\n\t\t\t\t<div class=\"elementor-element elementor-element-1db4e3c elementor-widget elementor-widget-heading\" data-id=\"1db4e3c\" data-element_type=\"widget\" data-e-type=\"widget\" data-widget_type=\"heading.default\">\n\t\t\t\t\t<h2 class=\"elementor-heading-title elementor-size-default\">Verfahren zur Geltendmachung von Garantieanspr\u00fcchen<\/h2>\t\t\t\t<\/div>\n\t\t\t\t<div class=\"elementor-element elementor-element-2f4c623 elementor-widget elementor-widget-text-editor\" data-id=\"2f4c623\" data-element_type=\"widget\" data-e-type=\"widget\" data-widget_type=\"text-editor.default\">\n\t\t\t\t\t\t\t\t\t<ol><li>Der Kunde reicht einen Garantieantrag mit den erforderlichen Unterlagen ein<\/li><li>Die technische Abteilung bewertet den Fehler innerhalb einer angemessenen Reaktionszeit<\/li><li>Je nach Ergebnis der Bewertung werden Ersatzteile oder Vorrichtungen zur Verf\u00fcgung gestellt.<\/li><li>Der Hersteller kann die R\u00fccksendung der defekten Artikel zur Analyse verlangen.<\/li><\/ol>\t\t\t\t\t\t\t\t<\/div>\n\t\t\t\t<div class=\"elementor-element elementor-element-99beaf5 elementor-widget elementor-widget-heading\" data-id=\"99beaf5\" data-element_type=\"widget\" data-e-type=\"widget\" data-widget_type=\"heading.default\">\n\t\t\t\t\t<h2 class=\"elementor-heading-title elementor-size-default\">Begriffe f\u00fcr Ersatz und Reparatur<\/h2>\t\t\t\t<\/div>\n\t\t\t\t<div class=\"elementor-element elementor-element-d32d5a3 elementor-widget elementor-widget-text-editor\" data-id=\"d32d5a3\" data-element_type=\"widget\" data-e-type=\"widget\" data-widget_type=\"text-editor.default\">\n\t\t\t\t\t\t\t\t\t<ul><li>Ersatzkomponenten oder -leuchten werden w\u00e4hrend der Garantiezeit kostenlos zur Verf\u00fcgung gestellt<\/li><li>Die Ersatzprodukte k\u00f6nnen funktionell gleichwertig sein, m\u00fcssen aber aufgrund der Produktiteration nicht unbedingt identisch aussehen.<\/li><li>Die Garantie deckt keine Arbeitskosten, Vor-Ort-Servicekosten oder Kosten f\u00fcr externe Ger\u00e4te ab, sofern nicht anders vereinbart.<\/li><\/ul><p>Der Hersteller haftet nicht f\u00fcr Verz\u00f6gerungen oder Serviceeinschr\u00e4nkungen, die durch unkontrollierbare externe Faktoren verursacht werden. F\u00fcr spezielle technische Projekte k\u00f6nnen individuelle Garantiebedingungen gelten. F\u00fcr gro\u00dfe Installationen oder staatliche\/kommerzielle Projekte k\u00f6nnen auf Anfrage erweiterte Garantieoptionen und Ersatzteilpakete angeboten werden, die den kommerziellen Bedingungen unterliegen.<\/p>\t\t\t\t\t\t\t\t<\/div>\n\t\t\t\t\t<\/div>\n\t\t\t\t<\/div>\n\t\t\t\t<\/div>","protected":false},"excerpt":{"rendered":"<p>GARANTIE F\u00dcR LEDRHYTHM\u00ae LED-BELEUCHTUNGSANLAGEN Umfang der Garantie Diese beschr\u00e4nkte Garantie gilt f\u00fcr alle von unserem Unternehmen hergestellten und gelieferten LED-Beleuchtungsprodukte. Die Garantie deckt Material- und Verarbeitungsfehler unter normalen und angemessenen Installations-, Gebrauchs- und Wartungsbedingungen ab. Die Garantie umfasst die Reparatur oder den Ersatz von Produkten, die sich als fehlerhaft erweisen...<\/p>","protected":false},"author":1,"featured_media":0,"parent":0,"menu_order":0,"comment_status":"closed","ping_status":"closed","template":"elementor_header_footer","meta":{"_acf_changed":false,"_kadence_starter_templates_imported_post":false,"_kad_post_transparent":"","_kad_post_title":"hide","_kad_post_layout":"fullwidth","_kad_post_sidebar_id":"","_kad_post_content_style":"unboxed","_kad_post_vertical_padding":"hide","_kad_post_feature":"hide","_kad_post_feature_position":"","_kad_post_header":false,"_kad_post_footer":false,"footnotes":""},"class_list":["post-8574","page","type-page","status-publish","hentry"],"acf":[],"_links":{"self":[{"href":"https:\/\/ledrhythm.com\/de\/wp-json\/wp\/v2\/pages\/8574","targetHints":{"allow":["GET"]}}],"collection":[{"href":"https:\/\/ledrhythm.com\/de\/wp-json\/wp\/v2\/pages"}],"about":[{"href":"https:\/\/ledrhythm.com\/de\/wp-json\/wp\/v2\/types\/page"}],"author":[{"embeddable":true,"href":"https:\/\/ledrhythm.com\/de\/wp-json\/wp\/v2\/users\/1"}],"replies":[{"embeddable":true,"href":"https:\/\/ledrhythm.com\/de\/wp-json\/wp\/v2\/comments?post=8574"}],"version-history":[{"count":7,"href":"https:\/\/ledrhythm.com\/de\/wp-json\/wp\/v2\/pages\/8574\/revisions"}],"predecessor-version":[{"id":8626,"href":"https:\/\/ledrhythm.com\/de\/wp-json\/wp\/v2\/pages\/8574\/revisions\/8626"}],"wp:attachment":[{"href":"https:\/\/ledrhythm.com\/de\/wp-json\/wp\/v2\/media?parent=8574"}],"curies":[{"name":"wp","href":"https:\/\/api.w.org\/{rel}","templated":true}]}}