{"id":8551,"date":"2025-10-14T02:45:34","date_gmt":"2025-10-14T02:45:34","guid":{"rendered":"https:\/\/ledrhythm.com\/?page_id=8551"},"modified":"2025-10-15T05:06:51","modified_gmt":"2025-10-15T05:06:51","slug":"lighting-design","status":"publish","type":"page","link":"https:\/\/ledrhythm.com\/de\/lighting-design","title":{"rendered":"Lichtdesign"},"content":{"rendered":"<div data-elementor-type=\"wp-page\" data-elementor-id=\"8551\" class=\"elementor elementor-8551\" data-elementor-post-type=\"page\">\n\t\t\t\t<div class=\"elementor-element elementor-element-8af596a e-flex e-con-boxed e-con e-parent\" data-id=\"8af596a\" data-element_type=\"container\" data-e-type=\"container\" data-settings=\"{&quot;background_background&quot;:&quot;gradient&quot;}\">\n\t\t\t\t\t<div class=\"e-con-inner\">\n\t\t<div class=\"elementor-element elementor-element-f55a04b e-con-full e-flex e-con e-child\" data-id=\"f55a04b\" data-element_type=\"container\" data-e-type=\"container\">\n\t\t\t\t<div class=\"elementor-element elementor-element-df68d94 elementor-widget elementor-widget-heading\" data-id=\"df68d94\" data-element_type=\"widget\" data-e-type=\"widget\" data-widget_type=\"heading.default\">\n\t\t\t\t\t<h1 class=\"elementor-heading-title elementor-size-default\">Professionelles Lichtdesign<\/h1>\t\t\t\t<\/div>\n\t\t\t\t<div class=\"elementor-element elementor-element-a5f9d30 elementor-widget elementor-widget-text-editor\" data-id=\"a5f9d30\" data-element_type=\"widget\" data-e-type=\"widget\" data-widget_type=\"text-editor.default\">\n\t\t\t\t\t\t\t\t\t<p>Ma\u00dfgeschneiderte Beleuchtungsplanung f\u00fcr verschiedene Projekte, einschlie\u00dflich Empfehlungen f\u00fcr Beleuchtungsk\u00f6rper, optische Simulationen und Dialux-Simulationen. Wir stellen sicher, dass Ihre Anforderungen und Standards erf\u00fcllt werden und senken gleichzeitig die Betriebskosten.<\/p>\t\t\t\t\t\t\t\t<\/div>\n\t\t<div class=\"elementor-element elementor-element-1ce8449 e-con-full e-flex e-con e-child\" data-id=\"1ce8449\" data-element_type=\"container\" data-e-type=\"container\">\n\t\t\t\t<div class=\"elementor-element elementor-element-37c9ab8 elementor-widget elementor-widget-button\" data-id=\"37c9ab8\" data-element_type=\"widget\" data-e-type=\"widget\" data-widget_type=\"button.default\">\n\t\t\t\t\t\t\t\t\t\t<a class=\"elementor-button elementor-button-link elementor-size-sm\" href=\"#elementor-action%3Aaction%3Dpopup%3Aopen%26settings%3DeyJpZCI6IjQ3NzQiLCJ0b2dnbGUiOmZhbHNlfQ%3D%3D\">\n\t\t\t\t\t\t<span class=\"elementor-button-content-wrapper\">\n\t\t\t\t\t\t\t\t\t<span class=\"elementor-button-text\">Service erhalten<\/span>\n\t\t\t\t\t<\/span>\n\t\t\t\t\t<\/a>\n\t\t\t\t\t\t\t\t<\/div>\n\t\t\t\t<div class=\"elementor-element elementor-element-803ac0f elementor-widget elementor-widget-button\" data-id=\"803ac0f\" data-element_type=\"widget\" data-e-type=\"widget\" data-widget_type=\"button.default\">\n\t\t\t\t\t\t\t\t\t\t<a class=\"elementor-button elementor-button-link elementor-size-sm\" href=\"https:\/\/ledrhythm.com\/de\/produkte\" target=\"_blank\">\n\t\t\t\t\t\t<span class=\"elementor-button-content-wrapper\">\n\t\t\t\t\t\t\t\t\t<span class=\"elementor-button-text\">Alle Produkte<\/span>\n\t\t\t\t\t<\/span>\n\t\t\t\t\t<\/a>\n\t\t\t\t\t\t\t\t<\/div>\n\t\t\t\t<\/div>\n\t\t\t\t<\/div>\n\t\t<div class=\"elementor-element elementor-element-bf7efce e-con-full e-flex e-con e-child\" data-id=\"bf7efce\" data-element_type=\"container\" data-e-type=\"container\">\n\t\t\t\t<div class=\"elementor-element elementor-element-ebfa975 elementor-widget elementor-widget-text-editor\" data-id=\"ebfa975\" data-element_type=\"widget\" data-e-type=\"widget\" data-widget_type=\"text-editor.default\">\n\t\t\t\t\t\t\t\t\t<div style=\"width:100%; text-align:center;\">\n  <!-- \u7b2c\u4e00\u884c\uff0c\u4e24\u5f20\u56fe\u7247 -->\n  <div style=\"display:flex; justify-content:center; gap:20px; margin-bottom:20px;\">\n    <img decoding=\"async\" src=\"https:\/\/ledrhythm.com\/wp-content\/uploads\/2025\/10\/Warehouse-lighting-desgin.webp\" alt=\"Zertifikat 1\" style=\"max-width:260px; height:auto;\">\n    <img decoding=\"async\" src=\"https:\/\/ledrhythm.com\/wp-content\/uploads\/2025\/10\/Flood-Lighting-desgin.webp\" alt=\"Zertifikat 2\" style=\"max-width:260px; height:auto;\">\n  <\/div>\n\n  <!-- \u7b2c\u4e8c\u884c\uff0c\u4e00\u5f20\u56fe\u7247\uff08\u81ea\u52a8\u5c45\u4e2d\uff09 -->\n  <div style=\"display:flex; justify-content:center; gap:20px;\">\n    <img decoding=\"async\" src=\"https:\/\/ledrhythm.com\/wp-content\/uploads\/2025\/10\/barn-lighting-desgin.webp\" alt=\"Zertifikat 3\" style=\"max-width:300px; height:auto;\">\n  <\/div>\n<\/div>\n\t\t\t\t\t\t\t\t<\/div>\n\t\t\t\t<\/div>\n\t\t\t\t\t<\/div>\n\t\t\t\t<\/div>\n\t\t<div class=\"elementor-element elementor-element-542da3f e-flex e-con-boxed e-con e-parent\" data-id=\"542da3f\" data-element_type=\"container\" data-e-type=\"container\">\n\t\t\t\t\t<div class=\"e-con-inner\">\n\t\t\t\t<div class=\"elementor-element elementor-element-b1dee46 elementor-widget elementor-widget-text-editor\" data-id=\"b1dee46\" data-element_type=\"widget\" data-e-type=\"widget\" data-widget_type=\"text-editor.default\">\n\t\t\t\t\t\t\t\t\t<p>Bei LEDRHYTHM bieten wir nicht nur LED-Produkte, sondern auch professionelle Beleuchtungsplanung an. Ganz gleich, ob Sie eine Grundbeleuchtung, eine funktionale Beleuchtung f\u00fcr Lagerhallen oder Beleuchtungsanforderungen auf Wettbewerbsniveau (hohe Beleuchtungsst\u00e4rke, Gleichm\u00e4\u00dfigkeit, geringe Blendwirkung und maximale Energieeffizienz) ben\u00f6tigen, wir k\u00f6nnen eine ma\u00dfgeschneiderte L\u00f6sung f\u00fcr Sie finden.<\/p><p>Geben Sie einfach grundlegende Informationen \u00fcber den Standort an, wie z. B. Gr\u00f6\u00dfe, Montageh\u00f6he, Nutzungsszenarien und Planungsziele, und unser Ingenieurteam erstellt einen vollst\u00e4ndigen Beleuchtungsplan, einschlie\u00dflich der Auswahl der LED-Leuchten, des Installationslayouts, der Beleuchtungsst\u00e4rkesimulationsdiagramme (Dialux\/Relux) und der Energiesparbewertungen.<\/p><p>Wir haben eine komplette LED-Produktlinie f\u00fcr Innen- und Au\u00dfenanwendungen. Beleuchtungsdesign umfasst, ist aber nicht beschr\u00e4nkt auf:<\/p><ul><li>Sportst\u00e4tten: Tennispl\u00e4tze, Fu\u00dfballpl\u00e4tze, Basketball- und Badmintonhallen sowie Multisportarenen;<\/li><li>Industrie und Gewerbe: Lagerh\u00e4user, Logistikzentren, Fabriken, Werkst\u00e4tten und gro\u00dfe Gesch\u00e4fte;<\/li><li>\u00d6ffentliche Bereiche: Stra\u00dfen, Tunnel, Parkpl\u00e4tze, H\u00e4fen und Flugh\u00e4fen;<\/li><li>Kundenspezifisches optisches Design: Spezielle Anwendungen, die eine besondere Lichtverteilung, Blendschutz, Sto\u00dffestigkeit und Korrosionsbest\u00e4ndigkeit erfordern.<\/li><\/ul>\t\t\t\t\t\t\t\t<\/div>\n\t\t\t\t<div class=\"elementor-element elementor-element-7fa47a6 elementor-widget elementor-widget-image-gallery\" data-id=\"7fa47a6\" data-element_type=\"widget\" data-e-type=\"widget\" data-widget_type=\"image-gallery.default\">\n\t\t\t\t\t\t\t<div class=\"elementor-image-gallery\">\n\t\t\t<div id='gallery-1' class='gallery galleryid-8551 gallery-columns-2 gallery-size-full'><figure class='gallery-item'>\n\t\t\t<div class='gallery-icon landscape'>\n\t\t\t\t<a data-elementor-open-lightbox=\"yes\" data-elementor-lightbox-slideshow=\"7fa47a6\" data-elementor-lightbox-title=\"LEDRHYTHM-lighting-design\" data-e-action-hash=\"#elementor-action%3Aaction%3Dlightbox%26settings%3DeyJpZCI6ODU2NiwidXJsIjoiaHR0cHM6XC9cL2xlZHJoeXRobS5jb21cL3dwLWNvbnRlbnRcL3VwbG9hZHNcLzIwMjVcLzEwXC9sZWRyaHl0aG0tbGlnaHRpbmctZGVzaWduLndlYnAiLCJzbGlkZXNob3ciOiI3ZmE0N2E2In0%3D\" href='https:\/\/ledrhythm.com\/wp-content\/uploads\/2025\/10\/ledrhythm-lighting-design.webp'><img fetchpriority=\"high\" decoding=\"async\" width=\"1200\" height=\"635\" src=\"https:\/\/ledrhythm.com\/wp-content\/uploads\/2025\/10\/ledrhythm-lighting-design.webp\" class=\"attachment-full size-full\" alt=\"LEDRHYTHM Lichtplanung\" srcset=\"https:\/\/ledrhythm.com\/wp-content\/uploads\/2025\/10\/ledrhythm-lighting-design.webp 1200w, https:\/\/ledrhythm.com\/wp-content\/uploads\/2025\/10\/ledrhythm-lighting-design-300x159.webp 300w, https:\/\/ledrhythm.com\/wp-content\/uploads\/2025\/10\/ledrhythm-lighting-design-1024x542.webp 1024w, https:\/\/ledrhythm.com\/wp-content\/uploads\/2025\/10\/ledrhythm-lighting-design-768x406.webp 768w, https:\/\/ledrhythm.com\/wp-content\/uploads\/2025\/10\/ledrhythm-lighting-design-18x10.webp 18w, https:\/\/ledrhythm.com\/wp-content\/uploads\/2025\/10\/ledrhythm-lighting-design-700x370.webp 700w\" sizes=\"(max-width: 1200px) 100vw, 1200px\" \/><\/a>\n\t\t\t<\/div><\/figure><figure class='gallery-item'>\n\t\t\t<div class='gallery-icon landscape'>\n\t\t\t\t<a data-elementor-open-lightbox=\"yes\" data-elementor-lightbox-slideshow=\"7fa47a6\" data-elementor-lightbox-title=\"sports-lighting-design\" data-e-action-hash=\"#elementor-action%3Aaction%3Dlightbox%26settings%3DeyJpZCI6ODU2NywidXJsIjoiaHR0cHM6XC9cL2xlZHJoeXRobS5jb21cL3dwLWNvbnRlbnRcL3VwbG9hZHNcLzIwMjVcLzEwXC9zcG9ydHMtbGlnaHRpbmctZGVzaWduLndlYnAiLCJzbGlkZXNob3ciOiI3ZmE0N2E2In0%3D\" href='https:\/\/ledrhythm.com\/wp-content\/uploads\/2025\/10\/sports-lighting-design.webp'><img decoding=\"async\" width=\"1076\" height=\"545\" src=\"https:\/\/ledrhythm.com\/wp-content\/uploads\/2025\/10\/sports-lighting-design.webp\" class=\"attachment-full size-full\" alt=\"Sportlichtplanung\" srcset=\"https:\/\/ledrhythm.com\/wp-content\/uploads\/2025\/10\/sports-lighting-design.webp 1076w, https:\/\/ledrhythm.com\/wp-content\/uploads\/2025\/10\/sports-lighting-design-300x152.webp 300w, https:\/\/ledrhythm.com\/wp-content\/uploads\/2025\/10\/sports-lighting-design-1024x519.webp 1024w, https:\/\/ledrhythm.com\/wp-content\/uploads\/2025\/10\/sports-lighting-design-768x389.webp 768w, https:\/\/ledrhythm.com\/wp-content\/uploads\/2025\/10\/sports-lighting-design-18x9.webp 18w, https:\/\/ledrhythm.com\/wp-content\/uploads\/2025\/10\/sports-lighting-design-700x355.webp 700w\" sizes=\"(max-width: 1076px) 100vw, 1076px\" \/><\/a>\n\t\t\t<\/div><\/figure>\n\t\t<\/div>\n\t\t<\/div>\n\t\t\t\t\t\t<\/div>\n\t\t\t\t<div class=\"elementor-element elementor-element-d1d2acd elementor-widget elementor-widget-heading\" data-id=\"d1d2acd\" data-element_type=\"widget\" data-e-type=\"widget\" data-widget_type=\"heading.default\">\n\t\t\t\t\t<h2 class=\"elementor-heading-title elementor-size-default\">Warum muss eine Beleuchtungsl\u00f6sung professionell geplant werden?<\/h2>\t\t\t\t<\/div>\n\t\t\t\t<div class=\"elementor-element elementor-element-9c47787 elementor-widget elementor-widget-text-editor\" data-id=\"9c47787\" data-element_type=\"widget\" data-e-type=\"widget\" data-widget_type=\"text-editor.default\">\n\t\t\t\t\t\t\t\t\t<p>Viele Projektmanager gehen zun\u00e4chst davon aus, dass die Beleuchtung so einfach ist wie \"ein paar Leuchten ausw\u00e4hlen und sie hell genug machen\". In der Praxis leidet ein Beleuchtungssystem ohne professionelle Planung jedoch oft unter ungleichm\u00e4\u00dfiger Helligkeit, Blendung, starken toten Winkeln, Energieverschwendung und hohen Wartungskosten. Diese Probleme beeintr\u00e4chtigen nicht nur das Nutzererlebnis, sondern erh\u00f6hen auch die langfristigen Betriebskosten.<\/p><p>Die Bedeutung einer professionellen Lichtplanung liegt darin, durch optische Simulation und wissenschaftliche Auslegung folgende Ziele zu erreichen:<\/p><ul><li>Gew\u00e4hrleistung einer einheitlichen und gleichm\u00e4\u00dfigen Beleuchtung, Vermeidung von zu hellen oder zu dunklen Bereichen;<\/li><li>Kontrolle der UGR-Blendung zur Verbesserung des Komforts, insbesondere im Sport, in der Industrie und auf der Stra\u00dfe;<\/li><li>Bestimmung der geeigneten Installationsh\u00f6he und des Projektionswinkels in Abh\u00e4ngigkeit von der Struktur des Standorts;<\/li><li>Vermeidung einer \u00dcber- oder Unterkonfiguration von Beleuchtungsk\u00f6rpern, um ein Gleichgewicht zwischen Leistung und Kosten zu erreichen;<\/li><li>Schaffung einer Planungsgrundlage f\u00fcr zuk\u00fcnftige intelligente Steuerung, energiesparendes Dimmen, Wartung und Austausch.<\/li><\/ul>\t\t\t\t\t\t\t\t<\/div>\n\t\t\t\t\t<\/div>\n\t\t\t\t<\/div>\n\t\t\t\t<\/div>","protected":false},"excerpt":{"rendered":"<p>Professionelle Beleuchtungsplanung Wir bieten ma\u00dfgeschneiderte Beleuchtungsplanung f\u00fcr verschiedene Projekte, einschlie\u00dflich Empfehlungen f\u00fcr Beleuchtungsk\u00f6rper, optische Simulationen und Dialux-Simulationen. Wir stellen sicher, dass Ihre Anforderungen und Standards erf\u00fcllt werden und reduzieren gleichzeitig die Betriebskosten. Get Service Alle Produkte Bei LEDRHYTHM bieten wir nicht nur LED-Produkte, sondern auch professionelle Beleuchtungsplanung. Ganz gleich, ob Sie eine Grundbeleuchtung, eine funktionale Lagerbeleuchtung oder...<\/p>","protected":false},"author":1,"featured_media":0,"parent":0,"menu_order":0,"comment_status":"closed","ping_status":"closed","template":"elementor_header_footer","meta":{"_acf_changed":false,"_kadence_starter_templates_imported_post":false,"_kad_post_transparent":"","_kad_post_title":"hide","_kad_post_layout":"fullwidth","_kad_post_sidebar_id":"","_kad_post_content_style":"unboxed","_kad_post_vertical_padding":"hide","_kad_post_feature":"hide","_kad_post_feature_position":"","_kad_post_header":false,"_kad_post_footer":false,"footnotes":""},"class_list":["post-8551","page","type-page","status-publish","hentry"],"acf":[],"_links":{"self":[{"href":"https:\/\/ledrhythm.com\/de\/wp-json\/wp\/v2\/pages\/8551","targetHints":{"allow":["GET"]}}],"collection":[{"href":"https:\/\/ledrhythm.com\/de\/wp-json\/wp\/v2\/pages"}],"about":[{"href":"https:\/\/ledrhythm.com\/de\/wp-json\/wp\/v2\/types\/page"}],"author":[{"embeddable":true,"href":"https:\/\/ledrhythm.com\/de\/wp-json\/wp\/v2\/users\/1"}],"replies":[{"embeddable":true,"href":"https:\/\/ledrhythm.com\/de\/wp-json\/wp\/v2\/comments?post=8551"}],"version-history":[{"count":13,"href":"https:\/\/ledrhythm.com\/de\/wp-json\/wp\/v2\/pages\/8551\/revisions"}],"predecessor-version":[{"id":8617,"href":"https:\/\/ledrhythm.com\/de\/wp-json\/wp\/v2\/pages\/8551\/revisions\/8617"}],"wp:attachment":[{"href":"https:\/\/ledrhythm.com\/de\/wp-json\/wp\/v2\/media?parent=8551"}],"curies":[{"name":"wp","href":"https:\/\/api.w.org\/{rel}","templated":true}]}}