{"id":4061,"date":"2025-03-31T08:22:45","date_gmt":"2025-03-31T08:22:45","guid":{"rendered":"https:\/\/ledrhythm.com\/?page_id=4061"},"modified":"2025-10-15T02:10:13","modified_gmt":"2025-10-15T02:10:13","slug":"technology-process","status":"publish","type":"page","link":"https:\/\/ledrhythm.com\/de\/technology-process","title":{"rendered":"Technologie Prozess"},"content":{"rendered":"<div data-elementor-type=\"wp-page\" data-elementor-id=\"4061\" class=\"elementor elementor-4061\" data-elementor-post-type=\"page\">\n\t\t\t\t<div class=\"elementor-element elementor-element-f53d35f e-flex e-con-boxed e-con e-parent\" data-id=\"f53d35f\" data-element_type=\"container\" data-e-type=\"container\" data-settings=\"{&quot;background_background&quot;:&quot;classic&quot;}\">\n\t\t\t\t\t<div class=\"e-con-inner\">\n\t\t<div class=\"elementor-element elementor-element-8688750 e-con-full e-flex e-con e-child\" data-id=\"8688750\" data-element_type=\"container\" data-e-type=\"container\">\n\t\t\t\t<div class=\"elementor-element elementor-element-51bf443 elementor-widget elementor-widget-heading\" data-id=\"51bf443\" data-element_type=\"widget\" data-e-type=\"widget\" data-widget_type=\"heading.default\">\n\t\t\t\t\t<h1 class=\"elementor-heading-title elementor-size-default\">Technologie Prozess<\/h1>\t\t\t\t<\/div>\n\t\t\t\t<div class=\"elementor-element elementor-element-bcf2be0 elementor-widget__width-initial elementor-widget elementor-widget-text-editor\" data-id=\"bcf2be0\" data-element_type=\"widget\" data-e-type=\"widget\" data-widget_type=\"text-editor.default\">\n\t\t\t\t\t\t\t\t\t<p>LEDRHYTHM LED-Beleuchtung ist ein einzigartiges Markenprodukt \"Made in China\" mit einem kompletten Technologieprozess. Jede einzelne Leuchte aus unserer Produktpalette ist ein Original von LEDRHYTHM. Entworfen und konstruiert von unseren eigenen Ingenieuren, hergestellt mit eigenen Werkzeugen und 100% qualit\u00e4tsgepr\u00fcft.<\/p>\t\t\t\t\t\t\t\t<\/div>\n\t\t\t\t<\/div>\n\t\t\t\t\t<\/div>\n\t\t\t\t<\/div>\n\t\t<div class=\"elementor-element elementor-element-0edf82b e-flex e-con-boxed e-con e-parent\" data-id=\"0edf82b\" data-element_type=\"container\" data-e-type=\"container\">\n\t\t\t\t\t<div class=\"e-con-inner\">\n\t\t\t\t<div class=\"elementor-element elementor-element-44ecb5f elementor-widget elementor-widget-text-editor\" data-id=\"44ecb5f\" data-element_type=\"widget\" data-e-type=\"widget\" data-widget_type=\"text-editor.default\">\n\t\t\t\t\t\t\t\t\t<p>Vom Design bis zur Endmontage - wir f\u00fchren alle Design-, Test- und Produktionsphasen der LED-Leuchten in unserem Werk in SuZhou durch. Diese umfassende Philosophie erm\u00f6glicht es uns, alle Prozesse zu kontrollieren, was f\u00fcr die hohe Qualit\u00e4t unserer Produkte \u00e4u\u00dferst wichtig ist. Au\u00dferdem k\u00f6nnen wir so schnell und flexibel auf Kundenw\u00fcnsche und sich \u00e4ndernde Marktanforderungen reagieren.<\/p>\t\t\t\t\t\t\t\t<\/div>\n\t\t\t\t<div class=\"elementor-element elementor-element-ad687ce elementor-widget elementor-widget-heading\" data-id=\"ad687ce\" data-element_type=\"widget\" data-e-type=\"widget\" data-widget_type=\"heading.default\">\n\t\t\t\t\t<h2 class=\"elementor-heading-title elementor-size-default\">FORSCHUNG UND ENTWICKLUNG<\/h2>\t\t\t\t<\/div>\n\t\t\t\t<div class=\"elementor-element elementor-element-aaec16b elementor-widget elementor-widget-text-editor\" data-id=\"aaec16b\" data-element_type=\"widget\" data-e-type=\"widget\" data-widget_type=\"text-editor.default\">\n\t\t\t\t\t\t\t\t\t<p>Unsere Ingenieure verwenden fortschrittliche CAD-Systeme, um neue Leuchten zu entwerfen und bestehende Produkte entsprechend den individuellen Kundenbed\u00fcrfnissen zu optimieren und zu modifizieren. Dabei profitieren wir von unserer mehr als 11-j\u00e4hrigen Erfahrung und unserem Know-how auf dem Gebiet der Beleuchtung sowie von der Zusammenarbeit mit erfahrenen Materialspezialisten.\u00a0<\/p><p>Mit Hilfe von thermischen Simulationsprogrammen sind wir in der Lage, f\u00fcr jede Leuchte ein perfektes W\u00e4rmemanagement zu erreichen.<\/p><p>Durch den hauseigenen Werkzeugbau, die Musterfertigung mittels 3D-Druck und alle Fertigungsabteilungen sind unsere Ingenieure in der Lage, die Machbarkeit ihrer Ideen und die Eignung der Vorrichtung f\u00fcr den vorgesehenen Zweck sofort zu pr\u00fcfen.<\/p><p><img fetchpriority=\"high\" decoding=\"async\" class=\"alignnone size-full wp-image-4080\" src=\"https:\/\/ledrhythm.com\/wp-content\/uploads\/2025\/03\/622858c9bdf7b.png\" alt=\"\" width=\"1200\" height=\"600\" srcset=\"https:\/\/ledrhythm.com\/wp-content\/uploads\/2025\/03\/622858c9bdf7b.png 1200w, https:\/\/ledrhythm.com\/wp-content\/uploads\/2025\/03\/622858c9bdf7b-300x150.png 300w, https:\/\/ledrhythm.com\/wp-content\/uploads\/2025\/03\/622858c9bdf7b-1024x512.png 1024w, https:\/\/ledrhythm.com\/wp-content\/uploads\/2025\/03\/622858c9bdf7b-768x384.png 768w, https:\/\/ledrhythm.com\/wp-content\/uploads\/2025\/03\/622858c9bdf7b-700x350.png 700w\" sizes=\"(max-width: 1200px) 100vw, 1200px\" \/><\/p>\t\t\t\t\t\t\t\t<\/div>\n\t\t\t\t<div class=\"elementor-element elementor-element-83291b0 elementor-widget elementor-widget-heading\" data-id=\"83291b0\" data-element_type=\"widget\" data-e-type=\"widget\" data-widget_type=\"heading.default\">\n\t\t\t\t\t<h2 class=\"elementor-heading-title elementor-size-default\">F&amp;E-LABORATORIEN<\/h2>\t\t\t\t<\/div>\n\t\t\t\t<div class=\"elementor-element elementor-element-b96bb94 elementor-widget elementor-widget-text-editor\" data-id=\"b96bb94\" data-element_type=\"widget\" data-e-type=\"widget\" data-widget_type=\"text-editor.default\">\n\t\t\t\t\t\t\t\t\t<p>Unsere LED-Leuchten sowie Komponenten und Materialien werden in unserem eigenen, vom VDE anerkannten Laborzentrum getestet.<\/p><p>Neben photometrischen Messungen der Leuchten auf unserem robotergest\u00fctzten LMT Metrogon, Lichtstrommessungen und grafischer Darstellung in Polardiagrammen, werden die Leuchten auf St\u00f6raussendung und St\u00f6rfestigkeit nach der EMV-Richtlinie 2004\/108EG und den Regeln der elektromagnetischen Vertr\u00e4glichkeit gepr\u00fcft.<\/p><p>Staub- und Wasserkammern dienen der \u00dcberpr\u00fcfung der IP-Schutzart der Leuchten, einschlie\u00dflich Dichtheitspr\u00fcfungen unter Wasser. W\u00e4rmemessungen zur \u00dcberpr\u00fcfung der maximal zul\u00e4ssigen Umgebungstemperatur, Tieftemperaturtests und Materialalterungstests in Klimakammern, insbesondere f\u00fcr explosionsgesch\u00fctzte Leuchten, runden das Pr\u00fcfprogramm f\u00fcr LEDRHYTHM ab.<\/p><p><img decoding=\"async\" class=\"alignnone size-full wp-image-4081\" src=\"https:\/\/ledrhythm.com\/wp-content\/uploads\/2025\/03\/625d2b0a6363e.jpg\" alt=\"\" width=\"1200\" height=\"600\" srcset=\"https:\/\/ledrhythm.com\/wp-content\/uploads\/2025\/03\/625d2b0a6363e.jpg 1200w, https:\/\/ledrhythm.com\/wp-content\/uploads\/2025\/03\/625d2b0a6363e-300x150.jpg 300w, https:\/\/ledrhythm.com\/wp-content\/uploads\/2025\/03\/625d2b0a6363e-1024x512.jpg 1024w, https:\/\/ledrhythm.com\/wp-content\/uploads\/2025\/03\/625d2b0a6363e-768x384.jpg 768w, https:\/\/ledrhythm.com\/wp-content\/uploads\/2025\/03\/625d2b0a6363e-700x350.jpg 700w\" sizes=\"(max-width: 1200px) 100vw, 1200px\" \/><\/p>\t\t\t\t\t\t\t\t<\/div>\n\t\t\t\t<div class=\"elementor-element elementor-element-6cc90b5 elementor-widget elementor-widget-heading\" data-id=\"6cc90b5\" data-element_type=\"widget\" data-e-type=\"widget\" data-widget_type=\"heading.default\">\n\t\t\t\t\t<h2 class=\"elementor-heading-title elementor-size-default\">WERKZEUGBAU UND MECHANISCHE FERTIGUNG<\/h2>\t\t\t\t<\/div>\n\t\t\t\t<div class=\"elementor-element elementor-element-dd67ab5 elementor-widget elementor-widget-text-editor\" data-id=\"dd67ab5\" data-element_type=\"widget\" data-e-type=\"widget\" data-widget_type=\"text-editor.default\">\n\t\t\t\t\t\t\t\t\t<p>Eine hohe Fertigungstiefe ist eines unserer Hauptmerkmale. Stanzen, Schneiden, Biegen und Schwei\u00dfen von Metallteilen werden auf modernsten Bearbeitungszentren und Schwei\u00dfrobotern durchgef\u00fchrt. Das Ergebnis sind Geh\u00e4use, Reflektoren, Montagezubeh\u00f6r aus Stahlblech, Aluminium und Edelstahl in verschiedenen Formen, Gr\u00f6\u00dfen und Spezifikationen.<\/p><p>Die zum Stanzen, Schneiden und Biegen ben\u00f6tigten Werkzeuge werden im eigenen Werkzeugbau hergestellt und gewartet. Dies verschafft uns Flexibilit\u00e4t und Unabh\u00e4ngigkeit und erm\u00f6glicht es uns, schnell und flexibel auf Kundenw\u00fcnsche zu reagieren.<\/p><p><img decoding=\"async\" class=\"alignnone size-full wp-image-4082\" src=\"https:\/\/ledrhythm.com\/wp-content\/uploads\/2025\/03\/622c47dc14e22.png\" alt=\"\" width=\"1200\" height=\"600\" srcset=\"https:\/\/ledrhythm.com\/wp-content\/uploads\/2025\/03\/622c47dc14e22.png 1200w, https:\/\/ledrhythm.com\/wp-content\/uploads\/2025\/03\/622c47dc14e22-300x150.png 300w, https:\/\/ledrhythm.com\/wp-content\/uploads\/2025\/03\/622c47dc14e22-1024x512.png 1024w, https:\/\/ledrhythm.com\/wp-content\/uploads\/2025\/03\/622c47dc14e22-768x384.png 768w, https:\/\/ledrhythm.com\/wp-content\/uploads\/2025\/03\/622c47dc14e22-700x350.png 700w\" sizes=\"(max-width: 1200px) 100vw, 1200px\" \/><\/p>\t\t\t\t\t\t\t\t<\/div>\n\t\t\t\t<div class=\"elementor-element elementor-element-14967f0 elementor-widget elementor-widget-heading\" data-id=\"14967f0\" data-element_type=\"widget\" data-e-type=\"widget\" data-widget_type=\"heading.default\">\n\t\t\t\t\t<h2 class=\"elementor-heading-title elementor-size-default\">POLYESTERFORMPRESSEN UND SCH\u00c4UMANLAGEN<\/h2>\t\t\t\t<\/div>\n\t\t\t\t<div class=\"elementor-element elementor-element-a2fcfbb elementor-widget elementor-widget-text-editor\" data-id=\"a2fcfbb\" data-element_type=\"widget\" data-e-type=\"widget\" data-widget_type=\"text-editor.default\">\n\t\t\t\t\t\t\t\t\t<p>Alle unsere Leuchtengeh\u00e4use und Reflektoren aus glasfaserverst\u00e4rktem Polyester werden auf hauseigenen Formpressen hergestellt. Dank jahrzehntelangem Know-how kennen wir das optimale Zusammenspiel von Temperatur, Druck, Presszeit und Material, um hochbest\u00e4ndige Leuchtengeh\u00e4use zu produzieren.<\/p><p>Diese Geh\u00e4use sowie die meisten Aluminiumdruckgussgeh\u00e4use werden nach entsprechender Lagerung in vollautomatischen Dosieranlagen mit gesch\u00e4umten Polyurethan- oder Silikondichtungen versehen. Individuelle Dosier- und Versch\u00e4umungseinstellungen erm\u00f6glichen perfekt passende Dichtungen f\u00fcr jedes Geh\u00e4use und jeden Deckel.<\/p><p><img loading=\"lazy\" decoding=\"async\" class=\"alignnone size-full wp-image-4084\" src=\"https:\/\/ledrhythm.com\/wp-content\/uploads\/2025\/03\/622c48e4d2f3e.png\" alt=\"\" width=\"1200\" height=\"410\" srcset=\"https:\/\/ledrhythm.com\/wp-content\/uploads\/2025\/03\/622c48e4d2f3e.png 1200w, https:\/\/ledrhythm.com\/wp-content\/uploads\/2025\/03\/622c48e4d2f3e-300x103.png 300w, https:\/\/ledrhythm.com\/wp-content\/uploads\/2025\/03\/622c48e4d2f3e-1024x350.png 1024w, https:\/\/ledrhythm.com\/wp-content\/uploads\/2025\/03\/622c48e4d2f3e-768x262.png 768w, https:\/\/ledrhythm.com\/wp-content\/uploads\/2025\/03\/622c48e4d2f3e-700x239.png 700w\" sizes=\"(max-width: 1200px) 100vw, 1200px\" \/><\/p>\t\t\t\t\t\t\t\t<\/div>\n\t\t\t\t<div class=\"elementor-element elementor-element-7a63fbe elementor-widget elementor-widget-heading\" data-id=\"7a63fbe\" data-element_type=\"widget\" data-e-type=\"widget\" data-widget_type=\"heading.default\">\n\t\t\t\t\t<h2 class=\"elementor-heading-title elementor-size-default\">PULVERBESCHICHTUNG UND NASSLACKIERUNG<\/h2>\t\t\t\t<\/div>\n\t\t\t\t<div class=\"elementor-element elementor-element-b61799e elementor-widget elementor-widget-text-editor\" data-id=\"b61799e\" data-element_type=\"widget\" data-e-type=\"widget\" data-widget_type=\"text-editor.default\">\n\t\t\t\t\t\t\t\t\t<p>Alle unsere Metall- und Druckgussgeh\u00e4use sowie Reflektoren und andere Metallteile werden in unserer hochmodernen, energieeffizienten und umweltfreundlichen vollautomatischen Pulverbeschichtungsanlage pulverbeschichtet. Jede RAL- oder DB-Farbe, je nach Kundenwunsch, ist m\u00f6glich.<\/p><p>F\u00fcr die Pulverbeschichtung von Kleinserien, insbesondere in Sonderfarben, bietet die Anlage auch eine Handkabine.<\/p><p>Polyestergeh\u00e4use im Au\u00dfenbereich sind hohen Belastungen durch UV-Strahlung und Witterungseinfl\u00fcsse ausgesetzt. Dies kann im Laufe der Zeit zu einer Oberfl\u00e4chenerosion des Geh\u00e4uses mit unsch\u00f6nen Folgen f\u00fcr die Optik f\u00fchren. Deshalb bieten wir unsere Polyester-Au\u00dfenleuchten auf Wunsch mit einer UV-Schutzbeschichtung an, die in einer separaten Nasslackierkabine aufgebracht wird.<\/p><p><img loading=\"lazy\" decoding=\"async\" class=\"alignnone size-full wp-image-4083\" src=\"https:\/\/ledrhythm.com\/wp-content\/uploads\/2025\/03\/622c4899a9633.png\" alt=\"\" width=\"1200\" height=\"600\" srcset=\"https:\/\/ledrhythm.com\/wp-content\/uploads\/2025\/03\/622c4899a9633.png 1200w, https:\/\/ledrhythm.com\/wp-content\/uploads\/2025\/03\/622c4899a9633-300x150.png 300w, https:\/\/ledrhythm.com\/wp-content\/uploads\/2025\/03\/622c4899a9633-1024x512.png 1024w, https:\/\/ledrhythm.com\/wp-content\/uploads\/2025\/03\/622c4899a9633-768x384.png 768w, https:\/\/ledrhythm.com\/wp-content\/uploads\/2025\/03\/622c4899a9633-700x350.png 700w\" sizes=\"(max-width: 1200px) 100vw, 1200px\" \/><\/p>\t\t\t\t\t\t\t\t<\/div>\n\t\t\t\t<div class=\"elementor-element elementor-element-55fc57a elementor-widget elementor-widget-heading\" data-id=\"55fc57a\" data-element_type=\"widget\" data-e-type=\"widget\" data-widget_type=\"heading.default\">\n\t\t\t\t\t<h2 class=\"elementor-heading-title elementor-size-default\">ENDMONTAGE UND TESTS<\/h2>\t\t\t\t<\/div>\n\t\t\t\t<div class=\"elementor-element elementor-element-7eb24ab elementor-widget elementor-widget-text-editor\" data-id=\"7eb24ab\" data-element_type=\"widget\" data-e-type=\"widget\" data-widget_type=\"text-editor.default\">\n\t\t\t\t\t\t\t\t\t<p>Die sorgf\u00e4ltige manuelle Montage der LED-Leuchten, die Kombination von mechanischen, elektronischen und optischen Komponenten zum Endprodukt, erfolgt in mehreren Montageabteilungen. Schlie\u00dflich wird jede einzelne Leuchte spezifischen Funktionstests unterzogen, bevor sie f\u00fcr die Auslieferung verpackt wird.\u00a0<\/p><p>Kontinuierliche Qualit\u00e4tskontrollen, interne Audits und Schulungen unserer Mitarbeiter auf allen Produktionsstufen gew\u00e4hrleisten einen hohen Qualit\u00e4tsstandard f\u00fcr unser gesamtes Inventar.\u00a0<\/p><p><img loading=\"lazy\" decoding=\"async\" class=\"alignnone size-full wp-image-4085\" src=\"https:\/\/ledrhythm.com\/wp-content\/uploads\/2025\/03\/622858ee6f4bd.png\" alt=\"\" width=\"1200\" height=\"600\" srcset=\"https:\/\/ledrhythm.com\/wp-content\/uploads\/2025\/03\/622858ee6f4bd.png 1200w, https:\/\/ledrhythm.com\/wp-content\/uploads\/2025\/03\/622858ee6f4bd-300x150.png 300w, https:\/\/ledrhythm.com\/wp-content\/uploads\/2025\/03\/622858ee6f4bd-1024x512.png 1024w, https:\/\/ledrhythm.com\/wp-content\/uploads\/2025\/03\/622858ee6f4bd-768x384.png 768w, https:\/\/ledrhythm.com\/wp-content\/uploads\/2025\/03\/622858ee6f4bd-700x350.png 700w\" sizes=\"(max-width: 1200px) 100vw, 1200px\" \/><\/p>\t\t\t\t\t\t\t\t<\/div>\n\t\t\t\t\t<\/div>\n\t\t\t\t<\/div>\n\t\t\t\t<\/div>","protected":false},"excerpt":{"rendered":"<p>Technologieprozess LEDRHYTHM LED-Beleuchtung ist ein einzigartiges Markenprodukt \"Made in China\" mit einem kompletten Technologieprozess. Jede einzelne Leuchte aus unserer Produktpalette ist ein Original von LEDRHYTHM. Entworfen und konstruiert von unseren eigenen Ingenieuren, hergestellt mit eigenen Werkzeugen und 100% qualit\u00e4tsgepr\u00fcft. Vom Design bis zur Endmontage - wir f\u00fchren alle LED...<\/p>","protected":false},"author":1,"featured_media":0,"parent":0,"menu_order":0,"comment_status":"closed","ping_status":"closed","template":"","meta":{"_acf_changed":false,"_kadence_starter_templates_imported_post":false,"_kad_post_transparent":"","_kad_post_title":"hide","_kad_post_layout":"fullwidth","_kad_post_sidebar_id":"","_kad_post_content_style":"unboxed","_kad_post_vertical_padding":"hide","_kad_post_feature":"hide","_kad_post_feature_position":"","_kad_post_header":false,"_kad_post_footer":false,"footnotes":""},"class_list":["post-4061","page","type-page","status-publish","hentry"],"acf":[],"_links":{"self":[{"href":"https:\/\/ledrhythm.com\/de\/wp-json\/wp\/v2\/pages\/4061","targetHints":{"allow":["GET"]}}],"collection":[{"href":"https:\/\/ledrhythm.com\/de\/wp-json\/wp\/v2\/pages"}],"about":[{"href":"https:\/\/ledrhythm.com\/de\/wp-json\/wp\/v2\/types\/page"}],"author":[{"embeddable":true,"href":"https:\/\/ledrhythm.com\/de\/wp-json\/wp\/v2\/users\/1"}],"replies":[{"embeddable":true,"href":"https:\/\/ledrhythm.com\/de\/wp-json\/wp\/v2\/comments?post=4061"}],"version-history":[{"count":43,"href":"https:\/\/ledrhythm.com\/de\/wp-json\/wp\/v2\/pages\/4061\/revisions"}],"predecessor-version":[{"id":8597,"href":"https:\/\/ledrhythm.com\/de\/wp-json\/wp\/v2\/pages\/4061\/revisions\/8597"}],"wp:attachment":[{"href":"https:\/\/ledrhythm.com\/de\/wp-json\/wp\/v2\/media?parent=4061"}],"curies":[{"name":"wp","href":"https:\/\/api.w.org\/{rel}","templated":true}]}}