{"id":4052,"date":"2025-03-31T08:18:42","date_gmt":"2025-03-31T08:18:42","guid":{"rendered":"https:\/\/ledrhythm.com\/?page_id=4052"},"modified":"2025-10-14T07:04:30","modified_gmt":"2025-10-14T07:04:30","slug":"certificate","status":"publish","type":"page","link":"https:\/\/ledrhythm.com\/de\/certificate","title":{"rendered":"Zertifizierungen"},"content":{"rendered":"<div data-elementor-type=\"wp-page\" data-elementor-id=\"4052\" class=\"elementor elementor-4052\" data-elementor-post-type=\"page\">\n\t\t\t\t<div class=\"elementor-element elementor-element-7098755 e-flex e-con-boxed e-con e-parent\" data-id=\"7098755\" data-element_type=\"container\" data-e-type=\"container\">\n\t\t\t\t\t<div class=\"e-con-inner\">\n\t\t\t\t<div class=\"elementor-element elementor-element-0df69bb elementor-widget elementor-widget-heading\" data-id=\"0df69bb\" data-element_type=\"widget\" data-e-type=\"widget\" data-widget_type=\"heading.default\">\n\t\t\t\t\t<h1 class=\"elementor-heading-title elementor-size-default\">Zertifizierungen<\/h1>\t\t\t\t<\/div>\n\t\t\t\t<div class=\"elementor-element elementor-element-d3bf7cd elementor-widget elementor-widget-text-editor\" data-id=\"d3bf7cd\" data-element_type=\"widget\" data-e-type=\"widget\" data-widget_type=\"text-editor.default\">\n\t\t\t\t\t\t\t\t\t<p>LEDRHYTHM ist ein nach ISO 9001:2015 zertifizierter Hersteller von LED-Beleuchtung. Das bedeutet, dass unsere Produktionsprozesse, die Qualit\u00e4tskontrolle, das Management der Lieferkette, die Qualit\u00e4tsverfolgung und die kontinuierliche Verbesserung alle internationalen Standards erf\u00fcllen und die Konsistenz und R\u00fcckverfolgbarkeit jeder Produktcharge gew\u00e4hrleisten.<\/p><p>Unsere LED-Beleuchtungsserien verf\u00fcgen jeweils \u00fcber verschiedene internationale Zertifizierungen und Pr\u00fcfstandards. Wie zum Beispiel CE\/RoHS, CB\/IEC, UL\/DLC, ENEC\/TUV und SAA.<\/p><p>Diese Zertifizierungen sind nicht nur eine Voraussetzung f\u00fcr den Markteintritt, sondern auch eine Garantie f\u00fcr Qualit\u00e4t und technische Unterst\u00fctzung f\u00fcr unsere Partner. Wir erkl\u00e4ren Ihnen, welche M\u00e4rkte und technischen Normen f\u00fcr diese Zertifizierungen gelten. Sie k\u00f6nnen auch <a href=\"https:\/\/ledrhythm.com\/de\/guestbook\/\" target=\"_blank\" rel=\"noopener\">kontaktieren Sie uns<\/a> um die Zertifizierungsdetails f\u00fcr jedes LED-Produkt einzusehen.<\/p>\t\t\t\t\t\t\t\t<\/div>\n\t\t<div class=\"elementor-element elementor-element-c67c6cd e-grid e-con-full e-con e-child\" data-id=\"c67c6cd\" data-element_type=\"container\" data-e-type=\"container\">\n\t\t\t\t<div class=\"elementor-element elementor-element-2c940ff elementor-position-top elementor-widget elementor-widget-image-box\" data-id=\"2c940ff\" data-element_type=\"widget\" data-e-type=\"widget\" data-widget_type=\"image-box.default\">\n\t\t\t\t\t<div class=\"elementor-image-box-wrapper\"><figure class=\"elementor-image-box-img\"><img decoding=\"async\" width=\"200\" height=\"200\" src=\"https:\/\/ledrhythm.com\/wp-content\/uploads\/2025\/10\/ce.png\" class=\"attachment-full size-full wp-image-8523\" alt=\"\" srcset=\"https:\/\/ledrhythm.com\/wp-content\/uploads\/2025\/10\/ce.png 200w, https:\/\/ledrhythm.com\/wp-content\/uploads\/2025\/10\/ce-150x150.png 150w, https:\/\/ledrhythm.com\/wp-content\/uploads\/2025\/10\/ce-12x12.png 12w, https:\/\/ledrhythm.com\/wp-content\/uploads\/2025\/10\/ce-100x100.png 100w\" sizes=\"(max-width: 200px) 100vw, 200px\" \/><\/figure><div class=\"elementor-image-box-content\"><p class=\"elementor-image-box-description\">CE, die Abk\u00fcrzung f\u00fcr Conformit\u00e9 Europ\u00e9enne, bedeutet, dass ein Produkt den EU-Anforderungen an Sicherheit, elektromagnetische Vertr\u00e4glichkeit (EMV), Gesundheit und Umwelt entspricht. Damit kann das Produkt auf dem EU-Markt legal verkauft und installiert werden. Es bescheinigt auch, dass das Produkt den Pr\u00fcfnormen f\u00fcr elektrische Sicherheit und elektromagnetische Vertr\u00e4glichkeit entspricht.<\/p><\/div><\/div>\t\t\t\t<\/div>\n\t\t\t\t<div class=\"elementor-element elementor-element-67cc23c elementor-position-top elementor-widget elementor-widget-image-box\" data-id=\"67cc23c\" data-element_type=\"widget\" data-e-type=\"widget\" data-widget_type=\"image-box.default\">\n\t\t\t\t\t<div class=\"elementor-image-box-wrapper\"><figure class=\"elementor-image-box-img\"><img decoding=\"async\" width=\"200\" height=\"200\" src=\"https:\/\/ledrhythm.com\/wp-content\/uploads\/2025\/10\/cb.png\" class=\"attachment-full size-full wp-image-8522\" alt=\"\" srcset=\"https:\/\/ledrhythm.com\/wp-content\/uploads\/2025\/10\/cb.png 200w, https:\/\/ledrhythm.com\/wp-content\/uploads\/2025\/10\/cb-150x150.png 150w, https:\/\/ledrhythm.com\/wp-content\/uploads\/2025\/10\/cb-12x12.png 12w, https:\/\/ledrhythm.com\/wp-content\/uploads\/2025\/10\/cb-100x100.png 100w\" sizes=\"(max-width: 200px) 100vw, 200px\" \/><\/figure><div class=\"elementor-image-box-content\"><p class=\"elementor-image-box-description\">Das System der Zertifizierungsstellen (CB) hat seinen Ursprung in der europ\u00e4ischen \"Commission for Conformity Testing of Electrical Equipment\" (CEE), die 1985 mit der IEC fusionierte. Es handelt sich um ein multilaterales Abkommen, das die internationale Zertifizierung von elektrischen und elektronischen Produkten erm\u00f6glicht, so dass eine einzige Zertifizierung den weltweiten Marktzugang erm\u00f6glicht.<\/p><\/div><\/div>\t\t\t\t<\/div>\n\t\t\t\t<div class=\"elementor-element elementor-element-04f2705 elementor-position-top elementor-widget elementor-widget-image-box\" data-id=\"04f2705\" data-element_type=\"widget\" data-e-type=\"widget\" data-widget_type=\"image-box.default\">\n\t\t\t\t\t<div class=\"elementor-image-box-wrapper\"><figure class=\"elementor-image-box-img\"><img decoding=\"async\" width=\"200\" height=\"200\" src=\"https:\/\/ledrhythm.com\/wp-content\/uploads\/2025\/10\/rohs.png\" class=\"attachment-full size-full wp-image-8527\" alt=\"\" srcset=\"https:\/\/ledrhythm.com\/wp-content\/uploads\/2025\/10\/rohs.png 200w, https:\/\/ledrhythm.com\/wp-content\/uploads\/2025\/10\/rohs-150x150.png 150w, https:\/\/ledrhythm.com\/wp-content\/uploads\/2025\/10\/rohs-12x12.png 12w, https:\/\/ledrhythm.com\/wp-content\/uploads\/2025\/10\/rohs-100x100.png 100w\" sizes=\"(max-width: 200px) 100vw, 200px\" \/><\/figure><div class=\"elementor-image-box-content\"><p class=\"elementor-image-box-description\">RoHS steht f\u00fcr Restriction of Hazardous Substances (Beschr\u00e4nkung gef\u00e4hrlicher Stoffe) und zielt in erster Linie auf den Nachweis und die Beschr\u00e4nkung von sechs giftigen Stoffen in elektrischen und elektronischen Produkten ab: Blei, Quecksilber, Cadmium, sechswertiges Chrom, PBB und PBDE. Dadurch wird sichergestellt, dass diese Produkte f\u00fcr den Menschen unsch\u00e4dlich sind und keine sch\u00e4dlichen chemischen Gase freisetzen.<\/p><\/div><\/div>\t\t\t\t<\/div>\n\t\t\t\t<div class=\"elementor-element elementor-element-dd53b6f elementor-position-top elementor-widget elementor-widget-image-box\" data-id=\"dd53b6f\" data-element_type=\"widget\" data-e-type=\"widget\" data-widget_type=\"image-box.default\">\n\t\t\t\t\t<div class=\"elementor-image-box-wrapper\"><figure class=\"elementor-image-box-img\"><img loading=\"lazy\" decoding=\"async\" width=\"200\" height=\"200\" src=\"https:\/\/ledrhythm.com\/wp-content\/uploads\/2025\/10\/ul.png\" class=\"attachment-full size-full wp-image-8529\" alt=\"\" srcset=\"https:\/\/ledrhythm.com\/wp-content\/uploads\/2025\/10\/ul.png 200w, https:\/\/ledrhythm.com\/wp-content\/uploads\/2025\/10\/ul-150x150.png 150w, https:\/\/ledrhythm.com\/wp-content\/uploads\/2025\/10\/ul-12x12.png 12w, https:\/\/ledrhythm.com\/wp-content\/uploads\/2025\/10\/ul-100x100.png 100w\" sizes=\"(max-width: 200px) 100vw, 200px\" \/><\/figure><div class=\"elementor-image-box-content\"><p class=\"elementor-image-box-description\">UL (Underwriters Laboratories) ist die ma\u00dfgebliche Sicherheitszertifizierungsorganisation in Nordamerika. F\u00fcr LED-Beleuchtungsprodukte bedeutet die UL-Zertifizierung, dass sie die US-amerikanischen und kanadischen elektrischen Sicherheitsnormen erf\u00fcllen und sicher f\u00fcr die Installation in Gewerbe-, Industrie- und Sportanlagen sind. Produkte ohne UL-Zertifizierung bestehen keine technischen Inspektionen.<\/p><\/div><\/div>\t\t\t\t<\/div>\n\t\t\t\t<div class=\"elementor-element elementor-element-479a1b5 elementor-position-top elementor-widget elementor-widget-image-box\" data-id=\"479a1b5\" data-element_type=\"widget\" data-e-type=\"widget\" data-widget_type=\"image-box.default\">\n\t\t\t\t\t<div class=\"elementor-image-box-wrapper\"><figure class=\"elementor-image-box-img\"><img loading=\"lazy\" decoding=\"async\" width=\"200\" height=\"200\" src=\"https:\/\/ledrhythm.com\/wp-content\/uploads\/2025\/10\/dlc-premium.png\" class=\"attachment-full size-full wp-image-8524\" alt=\"\" srcset=\"https:\/\/ledrhythm.com\/wp-content\/uploads\/2025\/10\/dlc-premium.png 200w, https:\/\/ledrhythm.com\/wp-content\/uploads\/2025\/10\/dlc-premium-150x150.png 150w, https:\/\/ledrhythm.com\/wp-content\/uploads\/2025\/10\/dlc-premium-12x12.png 12w, https:\/\/ledrhythm.com\/wp-content\/uploads\/2025\/10\/dlc-premium-100x100.png 100w\" sizes=\"(max-width: 200px) 100vw, 200px\" \/><\/figure><div class=\"elementor-image-box-content\"><p class=\"elementor-image-box-description\">DLC (DesignLights Consortium) ist eine unabh\u00e4ngige Organisation in Nordamerika, die sich auf LED-Beleuchtungsprodukte spezialisiert hat. Es bietet zwei Zertifizierungsstufen an: DLC Standard und DLC Premium. Premium ist die h\u00f6chste Stufe mit strengeren Anforderungen, einschlie\u00dflich h\u00f6herer Lichtausbeute und geringerem Lumenabfall.<\/p><\/div><\/div>\t\t\t\t<\/div>\n\t\t\t\t<div class=\"elementor-element elementor-element-1f32c48 elementor-position-top elementor-widget elementor-widget-image-box\" data-id=\"1f32c48\" data-element_type=\"widget\" data-e-type=\"widget\" data-widget_type=\"image-box.default\">\n\t\t\t\t\t<div class=\"elementor-image-box-wrapper\"><figure class=\"elementor-image-box-img\"><img loading=\"lazy\" decoding=\"async\" width=\"200\" height=\"200\" src=\"https:\/\/ledrhythm.com\/wp-content\/uploads\/2025\/10\/saa.png\" class=\"attachment-full size-full wp-image-8528\" alt=\"\" srcset=\"https:\/\/ledrhythm.com\/wp-content\/uploads\/2025\/10\/saa.png 200w, https:\/\/ledrhythm.com\/wp-content\/uploads\/2025\/10\/saa-150x150.png 150w, https:\/\/ledrhythm.com\/wp-content\/uploads\/2025\/10\/saa-12x12.png 12w, https:\/\/ledrhythm.com\/wp-content\/uploads\/2025\/10\/saa-100x100.png 100w\" sizes=\"(max-width: 200px) 100vw, 200px\" \/><\/figure><div class=\"elementor-image-box-content\"><p class=\"elementor-image-box-description\">SAA ist das Zertifizierungszeichen von Standards Australia \/ Standards New Zealand und ist eine obligatorische Sicherheitszulassung f\u00fcr den australischen und neuseel\u00e4ndischen Markt. Ohne SAA k\u00f6nnen Produkte in Australien\/Neuseeland nicht legal verkauft werden.<\/p><\/div><\/div>\t\t\t\t<\/div>\n\t\t\t\t<div class=\"elementor-element elementor-element-a077b32 elementor-position-top elementor-widget elementor-widget-image-box\" data-id=\"a077b32\" data-element_type=\"widget\" data-e-type=\"widget\" data-widget_type=\"image-box.default\">\n\t\t\t\t\t<div class=\"elementor-image-box-wrapper\"><figure class=\"elementor-image-box-img\"><img loading=\"lazy\" decoding=\"async\" width=\"200\" height=\"200\" src=\"https:\/\/ledrhythm.com\/wp-content\/uploads\/2025\/10\/etl.png\" class=\"attachment-full size-full wp-image-8526\" alt=\"\" srcset=\"https:\/\/ledrhythm.com\/wp-content\/uploads\/2025\/10\/etl.png 200w, https:\/\/ledrhythm.com\/wp-content\/uploads\/2025\/10\/etl-150x150.png 150w, https:\/\/ledrhythm.com\/wp-content\/uploads\/2025\/10\/etl-12x12.png 12w, https:\/\/ledrhythm.com\/wp-content\/uploads\/2025\/10\/etl-100x100.png 100w\" sizes=\"(max-width: 200px) 100vw, 200px\" \/><\/figure><div class=\"elementor-image-box-content\"><p class=\"elementor-image-box-description\">ETL ist ein Zertifizierungszeichen, das von Intertek Laboratories vergeben wird. Wie UL geh\u00f6rt es zum System der von der OSHA anerkannten nationalen Laboratorien (NRTL) und hat auf dem nordamerikanischen Markt die gleiche rechtliche Wirkung wie UL. ETL-Produkte k\u00f6nnen auch auf dem US-amerikanischen und kanadischen Markt legal installiert und verwendet werden.<\/p><\/div><\/div>\t\t\t\t<\/div>\n\t\t\t\t<div class=\"elementor-element elementor-element-c26eaa8 elementor-position-top elementor-widget elementor-widget-image-box\" data-id=\"c26eaa8\" data-element_type=\"widget\" data-e-type=\"widget\" data-widget_type=\"image-box.default\">\n\t\t\t\t\t<div class=\"elementor-image-box-wrapper\"><figure class=\"elementor-image-box-img\"><img loading=\"lazy\" decoding=\"async\" width=\"200\" height=\"200\" src=\"https:\/\/ledrhythm.com\/wp-content\/uploads\/2025\/10\/enec.png\" class=\"attachment-full size-full wp-image-8525\" alt=\"\" srcset=\"https:\/\/ledrhythm.com\/wp-content\/uploads\/2025\/10\/enec.png 200w, https:\/\/ledrhythm.com\/wp-content\/uploads\/2025\/10\/enec-150x150.png 150w, https:\/\/ledrhythm.com\/wp-content\/uploads\/2025\/10\/enec-12x12.png 12w, https:\/\/ledrhythm.com\/wp-content\/uploads\/2025\/10\/enec-100x100.png 100w\" sizes=\"(max-width: 200px) 100vw, 200px\" \/><\/figure><div class=\"elementor-image-box-content\"><p class=\"elementor-image-box-description\">ENEC (European Norms Electrical Certification) ist eine EU-Sicherheitszertifizierung f\u00fcr hochspezialisierte Beleuchtungen. Sie ist strenger als die CE-Norm und wird vor allem bei der \u00f6ffentlichen Beleuchtung, in Sportstadien und bei staatlichen Ausschreibungen verwendet. Sie hat strengere Anforderungen an die elektrische Sicherheit und die photobiologische Sicherheit.<\/p><\/div><\/div>\t\t\t\t<\/div>\n\t\t\t\t<div class=\"elementor-element elementor-element-1d886c7 elementor-position-top elementor-widget elementor-widget-image-box\" data-id=\"1d886c7\" data-element_type=\"widget\" data-e-type=\"widget\" data-widget_type=\"image-box.default\">\n\t\t\t\t\t<div class=\"elementor-image-box-wrapper\"><figure class=\"elementor-image-box-img\"><img loading=\"lazy\" decoding=\"async\" width=\"200\" height=\"200\" src=\"https:\/\/ledrhythm.com\/wp-content\/uploads\/2025\/10\/gs.png\" class=\"attachment-full size-full wp-image-8530\" alt=\"\" srcset=\"https:\/\/ledrhythm.com\/wp-content\/uploads\/2025\/10\/gs.png 200w, https:\/\/ledrhythm.com\/wp-content\/uploads\/2025\/10\/gs-150x150.png 150w, https:\/\/ledrhythm.com\/wp-content\/uploads\/2025\/10\/gs-12x12.png 12w, https:\/\/ledrhythm.com\/wp-content\/uploads\/2025\/10\/gs-100x100.png 100w\" sizes=\"(max-width: 200px) 100vw, 200px\" \/><\/figure><div class=\"elementor-image-box-content\"><p class=\"elementor-image-box-description\">Das GS-Zeichen (Gepr\u00fcfte Sicherheit), das von einer deutschen autorisierten Stelle vergeben wird, kombiniert europ\u00e4ische und deutsche Sicherheitsstandards. Es ist vor allem auf den deutschsprachigen M\u00e4rkten (Deutschland, \u00d6sterreich, Schweiz) ma\u00dfgebend. Das GS-Zeichen ist zwar nicht obligatorisch, wird aber weltweit anerkannt.<\/p><\/div><\/div>\t\t\t\t<\/div>\n\t\t\t\t<\/div>\n\t\t\t\t\t<\/div>\n\t\t\t\t<\/div>\n\t\t\t\t<\/div>","protected":false},"excerpt":{"rendered":"<p>Zertifizierungen LEDRHYTHM ist ein nach ISO 9001:2015 zertifizierter Hersteller von LED-Beleuchtung. Das bedeutet, dass unsere Produktionsprozesse, die Qualit\u00e4tskontrolle, das Lieferkettenmanagement, die Qualit\u00e4tsverfolgung und die kontinuierliche Verbesserung alle internationalen Standards erf\u00fcllen und die Konsistenz und R\u00fcckverfolgbarkeit jeder Produktcharge gew\u00e4hrleisten. Unsere LED-Beleuchtungsserien verf\u00fcgen jeweils \u00fcber verschiedene internationale Zertifizierungen und Pr\u00fcfstandards. Wie zum Beispiel CE\/RoHS, CB\/IEC,...<\/p>","protected":false},"author":1,"featured_media":0,"parent":0,"menu_order":0,"comment_status":"closed","ping_status":"closed","template":"","meta":{"_acf_changed":false,"_kadence_starter_templates_imported_post":false,"_kad_post_transparent":"","_kad_post_title":"hide","_kad_post_layout":"fullwidth","_kad_post_sidebar_id":"","_kad_post_content_style":"unboxed","_kad_post_vertical_padding":"hide","_kad_post_feature":"hide","_kad_post_feature_position":"","_kad_post_header":false,"_kad_post_footer":false,"footnotes":""},"class_list":["post-4052","page","type-page","status-publish","hentry"],"acf":[],"_links":{"self":[{"href":"https:\/\/ledrhythm.com\/de\/wp-json\/wp\/v2\/pages\/4052","targetHints":{"allow":["GET"]}}],"collection":[{"href":"https:\/\/ledrhythm.com\/de\/wp-json\/wp\/v2\/pages"}],"about":[{"href":"https:\/\/ledrhythm.com\/de\/wp-json\/wp\/v2\/types\/page"}],"author":[{"embeddable":true,"href":"https:\/\/ledrhythm.com\/de\/wp-json\/wp\/v2\/users\/1"}],"replies":[{"embeddable":true,"href":"https:\/\/ledrhythm.com\/de\/wp-json\/wp\/v2\/comments?post=4052"}],"version-history":[{"count":101,"href":"https:\/\/ledrhythm.com\/de\/wp-json\/wp\/v2\/pages\/4052\/revisions"}],"predecessor-version":[{"id":8573,"href":"https:\/\/ledrhythm.com\/de\/wp-json\/wp\/v2\/pages\/4052\/revisions\/8573"}],"wp:attachment":[{"href":"https:\/\/ledrhythm.com\/de\/wp-json\/wp\/v2\/media?parent=4052"}],"curies":[{"name":"wp","href":"https:\/\/api.w.org\/{rel}","templated":true}]}}